{"id":2579,"date":"2026-02-21T17:57:30","date_gmt":"2026-02-21T17:57:30","guid":{"rendered":"https:\/\/fromthesoul.art\/?post_type=product&#038;p=2579"},"modified":"2026-02-21T17:57:30","modified_gmt":"2026-02-21T17:57:30","slug":"online-kurs-das-bild-in-dem-dein-feuer-lebt","status":"publish","type":"product","link":"https:\/\/fromthesoul.art\/de\/produkt\/online-kurs-das-bild-in-dem-dein-feuer-lebt\/","title":{"rendered":"Online-Kurs \u201eDas Bild, in dem dein Feuer lebt\u201c"},"content":{"rendered":"<p>Dieser Kurs wurde geschaffen, damit du nicht einfach nur ein Bild malst, sondern einen inneren Prozess der Verbindung mit dir selbst durch Kreativit\u00e4t erlebst.<\/p>\n<p>Es ist keine akademische Ausbildung, sondern ein lebendiger, schrittweiser Weg zur Entstehung deines eigenen Bild-Talismans.<\/p>\n<p>Was im Kurs enthalten ist:<\/p>\n<p>\u2022 10 ausf\u00fchrliche Videolektionen<br \/>\n\u2022 Gesamtdauer von mehr als 3 Stunden<br \/>\n\u2022 Schritt-f\u00fcr-Schritt-Erkl\u00e4rung des gesamten Entstehungsprozesses des Bildes<br \/>\n\u2022 Liste aller ben\u00f6tigten Materialien<br \/>\n\u2022 Druckbare Materialien und Anleitungen<br \/>\n\u2022 M\u00f6glichkeit, den Kurs in deinem eigenen Tempo zu absolvieren<br \/>\n\u2022 Sofortiger Zugang nach dem Kauf<\/p>\n<p>Als Ergebnis wirst du:<\/p>\n<p>\u2022 dein eigenes Bild mit Acryl auf Leinwand erschaffen<br \/>\n\u2022 Techniken der Arbeit mit Farbe, Form und Energie erlernen<br \/>\n\u2022 Erfahrung eines bewussten kreativen Prozesses machen<br \/>\n\u2022 ein einzigartiges, pers\u00f6nliches Kunstwerk erschaffen<\/p>\n<p>Der Kurs ist geeignet f\u00fcr:<\/p>\n<p>\u2022 Anf\u00e4nger<br \/>\n\u2022 Menschen, die noch nie gemalt haben<br \/>\n\u2022 diejenigen, die zur Kreativit\u00e4t zur\u00fcckkehren m\u00f6chten<br \/>\n\u2022 alle, die einen inneren Ruf sp\u00fcren<\/p>\n<p>Kursformat:<\/p>\n<p>\u2022 Online-Kurs<br \/>\n\u2022 Videolektionen + druckbare Materialien<br \/>\n\u2022 Sofortiger Zugang nach der Zahlung<br \/>\n\u2022 Zugang \u00fcber einen pers\u00f6nlichen Link<\/p>\n<p><img decoding=\"async\" class=\"alignnone size-medium wp-image-2406 lazyload\" data-src=\"https:\/\/fromthesoul.art\/wp-content\/uploads\/2026\/02\/IMG_5623-1-220x300.jpg\" alt=\"\" width=\"220\" height=\"300\" data-srcset=\"https:\/\/fromthesoul.art\/wp-content\/uploads\/2026\/02\/IMG_5623-1-220x300.jpg 220w, https:\/\/fromthesoul.art\/wp-content\/uploads\/2026\/02\/IMG_5623-1-751x1024.jpg 751w, https:\/\/fromthesoul.art\/wp-content\/uploads\/2026\/02\/IMG_5623-1-768x1047.jpg 768w, https:\/\/fromthesoul.art\/wp-content\/uploads\/2026\/02\/IMG_5623-1-1127x1536.jpg 1127w, https:\/\/fromthesoul.art\/wp-content\/uploads\/2026\/02\/IMG_5623-1-1503x2048.jpg 1503w, https:\/\/fromthesoul.art\/wp-content\/uploads\/2026\/02\/IMG_5623-1-700x954.jpg 700w, https:\/\/fromthesoul.art\/wp-content\/uploads\/2026\/02\/IMG_5623-1-294x400.jpg 294w, https:\/\/fromthesoul.art\/wp-content\/uploads\/2026\/02\/IMG_5623-1-514x700.jpg 514w, https:\/\/fromthesoul.art\/wp-content\/uploads\/2026\/02\/IMG_5623-1-954x1300.jpg 954w, https:\/\/fromthesoul.art\/wp-content\/uploads\/2026\/02\/IMG_5623-1-scaled.jpg 1879w\" data-sizes=\"(max-width: 220px) 100vw, 220px\" src=\"data:image\/svg+xml;base64,PHN2ZyB3aWR0aD0iMSIgaGVpZ2h0PSIxIiB4bWxucz0iaHR0cDovL3d3dy53My5vcmcvMjAwMC9zdmciPjwvc3ZnPg==\" style=\"--smush-placeholder-width: 220px; --smush-placeholder-aspect-ratio: 220\/300;\" \/><img decoding=\"async\" class=\"alignnone size-medium wp-image-2403 lazyload\" data-src=\"https:\/\/fromthesoul.art\/wp-content\/uploads\/2026\/02\/IMG_5509-218x300.jpg\" alt=\"\" width=\"218\" height=\"300\" data-srcset=\"https:\/\/fromthesoul.art\/wp-content\/uploads\/2026\/02\/IMG_5509-218x300.jpg 218w, https:\/\/fromthesoul.art\/wp-content\/uploads\/2026\/02\/IMG_5509-743x1024.jpg 743w, https:\/\/fromthesoul.art\/wp-content\/uploads\/2026\/02\/IMG_5509-768x1059.jpg 768w, https:\/\/fromthesoul.art\/wp-content\/uploads\/2026\/02\/IMG_5509-1114x1536.jpg 1114w, https:\/\/fromthesoul.art\/wp-content\/uploads\/2026\/02\/IMG_5509-1486x2048.jpg 1486w, https:\/\/fromthesoul.art\/wp-content\/uploads\/2026\/02\/IMG_5509-700x965.jpg 700w, https:\/\/fromthesoul.art\/wp-content\/uploads\/2026\/02\/IMG_5509-400x550.jpg 400w, https:\/\/fromthesoul.art\/wp-content\/uploads\/2026\/02\/IMG_5509-290x400.jpg 290w, https:\/\/fromthesoul.art\/wp-content\/uploads\/2026\/02\/IMG_5509-508x700.jpg 508w, https:\/\/fromthesoul.art\/wp-content\/uploads\/2026\/02\/IMG_5509-943x1300.jpg 943w, https:\/\/fromthesoul.art\/wp-content\/uploads\/2026\/02\/IMG_5509-scaled.jpg 1857w\" data-sizes=\"(max-width: 218px) 100vw, 218px\" src=\"data:image\/svg+xml;base64,PHN2ZyB3aWR0aD0iMSIgaGVpZ2h0PSIxIiB4bWxucz0iaHR0cDovL3d3dy53My5vcmcvMjAwMC9zdmciPjwvc3ZnPg==\" style=\"--smush-placeholder-width: 218px; --smush-placeholder-aspect-ratio: 218\/300;\" \/><\/p>\n","protected":false},"excerpt":{"rendered":"<p>Dieser Kurs wurde geschaffen, damit du nicht einfach nur ein Bild malst, sondern einen inneren Prozess der Verbindung mit dir selbst durch Kreativit\u00e4t erlebst. Es ist keine akademische Ausbildung, sondern ein lebendiger, schrittweiser Weg zur Entstehung deines eigenen Bild-Talismans. Was im Kurs enthalten ist: \u2022 10 ausf\u00fchrliche Videolektionen \u2022 Gesamtdauer von mehr als 3 Stunden&#8230;<\/p>\n","protected":false},"featured_media":2406,"comment_status":"open","ping_status":"closed","template":"","meta":[],"product_brand":[],"product_cat":[15],"product_tag":[],"class_list":{"0":"post-2579","1":"product","2":"type-product","3":"status-publish","4":"has-post-thumbnail","6":"product_cat-bestseller","8":"first","9":"instock","10":"downloadable","11":"virtual","12":"taxable","13":"purchasable","14":"product-type-simple"},"yoast_head":"<!-- This site is optimized with the Yoast SEO plugin v27.3 - https:\/\/yoast.com\/product\/yoast-seo-wordpress\/ -->\n<title>Online-Kurs \u201eDas Bild, in dem dein Feuer lebt\u201c - Olena Bouman<\/title>\n<meta name=\"robots\" content=\"index, follow, max-snippet:-1, max-image-preview:large, max-video-preview:-1\" \/>\n<link rel=\"canonical\" href=\"https:\/\/fromthesoul.art\/de\/produkt\/online-kurs-das-bild-in-dem-dein-feuer-lebt\/\" \/>\n<meta property=\"og:locale\" content=\"de_DE\" \/>\n<meta property=\"og:type\" content=\"article\" \/>\n<meta property=\"og:title\" content=\"Online-Kurs \u201eDas Bild, in dem dein Feuer lebt\u201c - Olena Bouman\" \/>\n<meta property=\"og:description\" content=\"Dieser Kurs wurde geschaffen, damit du nicht einfach nur ein Bild malst, sondern einen inneren Prozess der Verbindung mit dir selbst durch Kreativit\u00e4t erlebst. Es ist keine akademische Ausbildung, sondern ein lebendiger, schrittweiser Weg zur Entstehung deines eigenen Bild-Talismans. Was im Kurs enthalten ist: \u2022 10 ausf\u00fchrliche Videolektionen \u2022 Gesamtdauer von mehr als 3 Stunden...\" \/>\n<meta property=\"og:url\" content=\"https:\/\/fromthesoul.art\/de\/produkt\/online-kurs-das-bild-in-dem-dein-feuer-lebt\/\" \/>\n<meta property=\"og:site_name\" content=\"Olena Bouman\" \/>\n<meta property=\"og:image\" content=\"https:\/\/fromthesoul.art\/wp-content\/uploads\/2026\/02\/IMG_5623-1-scaled.jpg\" \/>\n\t<meta property=\"og:image:width\" content=\"1879\" \/>\n\t<meta property=\"og:image:height\" content=\"2560\" \/>\n\t<meta property=\"og:image:type\" content=\"image\/jpeg\" \/>\n<meta name=\"twitter:card\" content=\"summary_large_image\" \/>\n<meta name=\"twitter:label1\" content=\"Gesch\u00e4tzte Lesezeit\" \/>\n\t<meta name=\"twitter:data1\" content=\"1\u00a0Minute\" \/>\n<script type=\"application\/ld+json\" class=\"yoast-schema-graph\">{\"@context\":\"https:\\\/\\\/schema.org\",\"@graph\":[{\"@type\":\"WebPage\",\"@id\":\"https:\\\/\\\/fromthesoul.art\\\/de\\\/produkt\\\/online-kurs-das-bild-in-dem-dein-feuer-lebt\\\/\",\"url\":\"https:\\\/\\\/fromthesoul.art\\\/de\\\/produkt\\\/online-kurs-das-bild-in-dem-dein-feuer-lebt\\\/\",\"name\":\"Online-Kurs \u201eDas Bild, in dem dein Feuer lebt\u201c - Olena Bouman\",\"isPartOf\":{\"@id\":\"https:\\\/\\\/fromthesoul.art\\\/#website\"},\"primaryImageOfPage\":{\"@id\":\"https:\\\/\\\/fromthesoul.art\\\/de\\\/produkt\\\/online-kurs-das-bild-in-dem-dein-feuer-lebt\\\/#primaryimage\"},\"image\":{\"@id\":\"https:\\\/\\\/fromthesoul.art\\\/de\\\/produkt\\\/online-kurs-das-bild-in-dem-dein-feuer-lebt\\\/#primaryimage\"},\"thumbnailUrl\":\"https:\\\/\\\/fromthesoul.art\\\/wp-content\\\/uploads\\\/2026\\\/02\\\/IMG_5623-1-scaled.jpg\",\"datePublished\":\"2026-02-21T17:57:30+00:00\",\"breadcrumb\":{\"@id\":\"https:\\\/\\\/fromthesoul.art\\\/de\\\/produkt\\\/online-kurs-das-bild-in-dem-dein-feuer-lebt\\\/#breadcrumb\"},\"inLanguage\":\"de\",\"potentialAction\":[{\"@type\":\"ReadAction\",\"target\":[\"https:\\\/\\\/fromthesoul.art\\\/de\\\/produkt\\\/online-kurs-das-bild-in-dem-dein-feuer-lebt\\\/\"]}]},{\"@type\":\"ImageObject\",\"inLanguage\":\"de\",\"@id\":\"https:\\\/\\\/fromthesoul.art\\\/de\\\/produkt\\\/online-kurs-das-bild-in-dem-dein-feuer-lebt\\\/#primaryimage\",\"url\":\"https:\\\/\\\/fromthesoul.art\\\/wp-content\\\/uploads\\\/2026\\\/02\\\/IMG_5623-1-scaled.jpg\",\"contentUrl\":\"https:\\\/\\\/fromthesoul.art\\\/wp-content\\\/uploads\\\/2026\\\/02\\\/IMG_5623-1-scaled.jpg\",\"width\":1879,\"height\":2560},{\"@type\":\"BreadcrumbList\",\"@id\":\"https:\\\/\\\/fromthesoul.art\\\/de\\\/produkt\\\/online-kurs-das-bild-in-dem-dein-feuer-lebt\\\/#breadcrumb\",\"itemListElement\":[{\"@type\":\"ListItem\",\"position\":1,\"name\":\"\u0413\u043b\u0430\u0432\u043d\u0430\u044f \u0441\u0442\u0440\u0430\u043d\u0438\u0446\u0430\",\"item\":\"https:\\\/\\\/fromthesoul.art\\\/de\\\/\"},{\"@type\":\"ListItem\",\"position\":2,\"name\":\"Shop\",\"item\":\"https:\\\/\\\/fromthesoul.art\\\/shop\\\/\"},{\"@type\":\"ListItem\",\"position\":3,\"name\":\"Online-Kurs \u201eDas Bild, in dem dein Feuer lebt\u201c\"}]},{\"@type\":\"WebSite\",\"@id\":\"https:\\\/\\\/fromthesoul.art\\\/#website\",\"url\":\"https:\\\/\\\/fromthesoul.art\\\/\",\"name\":\"Olena Bouman\",\"description\":\"From the Soul\",\"potentialAction\":[{\"@type\":\"SearchAction\",\"target\":{\"@type\":\"EntryPoint\",\"urlTemplate\":\"https:\\\/\\\/fromthesoul.art\\\/?s={search_term_string}\"},\"query-input\":{\"@type\":\"PropertyValueSpecification\",\"valueRequired\":true,\"valueName\":\"search_term_string\"}}],\"inLanguage\":\"de\"}]}<\/script>\n<!-- \/ Yoast SEO plugin. -->","yoast_head_json":{"title":"Online-Kurs \u201eDas Bild, in dem dein Feuer lebt\u201c - Olena Bouman","robots":{"index":"index","follow":"follow","max-snippet":"max-snippet:-1","max-image-preview":"max-image-preview:large","max-video-preview":"max-video-preview:-1"},"canonical":"https:\/\/fromthesoul.art\/de\/produkt\/online-kurs-das-bild-in-dem-dein-feuer-lebt\/","og_locale":"de_DE","og_type":"article","og_title":"Online-Kurs \u201eDas Bild, in dem dein Feuer lebt\u201c - Olena Bouman","og_description":"Dieser Kurs wurde geschaffen, damit du nicht einfach nur ein Bild malst, sondern einen inneren Prozess der Verbindung mit dir selbst durch Kreativit\u00e4t erlebst. Es ist keine akademische Ausbildung, sondern ein lebendiger, schrittweiser Weg zur Entstehung deines eigenen Bild-Talismans. Was im Kurs enthalten ist: \u2022 10 ausf\u00fchrliche Videolektionen \u2022 Gesamtdauer von mehr als 3 Stunden...","og_url":"https:\/\/fromthesoul.art\/de\/produkt\/online-kurs-das-bild-in-dem-dein-feuer-lebt\/","og_site_name":"Olena Bouman","og_image":[{"width":1879,"height":2560,"url":"https:\/\/fromthesoul.art\/wp-content\/uploads\/2026\/02\/IMG_5623-1-scaled.jpg","type":"image\/jpeg"}],"twitter_card":"summary_large_image","twitter_misc":{"Gesch\u00e4tzte Lesezeit":"1\u00a0Minute"},"schema":{"@context":"https:\/\/schema.org","@graph":[{"@type":"WebPage","@id":"https:\/\/fromthesoul.art\/de\/produkt\/online-kurs-das-bild-in-dem-dein-feuer-lebt\/","url":"https:\/\/fromthesoul.art\/de\/produkt\/online-kurs-das-bild-in-dem-dein-feuer-lebt\/","name":"Online-Kurs \u201eDas Bild, in dem dein Feuer lebt\u201c - Olena Bouman","isPartOf":{"@id":"https:\/\/fromthesoul.art\/#website"},"primaryImageOfPage":{"@id":"https:\/\/fromthesoul.art\/de\/produkt\/online-kurs-das-bild-in-dem-dein-feuer-lebt\/#primaryimage"},"image":{"@id":"https:\/\/fromthesoul.art\/de\/produkt\/online-kurs-das-bild-in-dem-dein-feuer-lebt\/#primaryimage"},"thumbnailUrl":"https:\/\/fromthesoul.art\/wp-content\/uploads\/2026\/02\/IMG_5623-1-scaled.jpg","datePublished":"2026-02-21T17:57:30+00:00","breadcrumb":{"@id":"https:\/\/fromthesoul.art\/de\/produkt\/online-kurs-das-bild-in-dem-dein-feuer-lebt\/#breadcrumb"},"inLanguage":"de","potentialAction":[{"@type":"ReadAction","target":["https:\/\/fromthesoul.art\/de\/produkt\/online-kurs-das-bild-in-dem-dein-feuer-lebt\/"]}]},{"@type":"ImageObject","inLanguage":"de","@id":"https:\/\/fromthesoul.art\/de\/produkt\/online-kurs-das-bild-in-dem-dein-feuer-lebt\/#primaryimage","url":"https:\/\/fromthesoul.art\/wp-content\/uploads\/2026\/02\/IMG_5623-1-scaled.jpg","contentUrl":"https:\/\/fromthesoul.art\/wp-content\/uploads\/2026\/02\/IMG_5623-1-scaled.jpg","width":1879,"height":2560},{"@type":"BreadcrumbList","@id":"https:\/\/fromthesoul.art\/de\/produkt\/online-kurs-das-bild-in-dem-dein-feuer-lebt\/#breadcrumb","itemListElement":[{"@type":"ListItem","position":1,"name":"\u0413\u043b\u0430\u0432\u043d\u0430\u044f \u0441\u0442\u0440\u0430\u043d\u0438\u0446\u0430","item":"https:\/\/fromthesoul.art\/de\/"},{"@type":"ListItem","position":2,"name":"Shop","item":"https:\/\/fromthesoul.art\/shop\/"},{"@type":"ListItem","position":3,"name":"Online-Kurs \u201eDas Bild, in dem dein Feuer lebt\u201c"}]},{"@type":"WebSite","@id":"https:\/\/fromthesoul.art\/#website","url":"https:\/\/fromthesoul.art\/","name":"Olena Bouman","description":"From the Soul","potentialAction":[{"@type":"SearchAction","target":{"@type":"EntryPoint","urlTemplate":"https:\/\/fromthesoul.art\/?s={search_term_string}"},"query-input":{"@type":"PropertyValueSpecification","valueRequired":true,"valueName":"search_term_string"}}],"inLanguage":"de"}]}},"_links":{"self":[{"href":"https:\/\/fromthesoul.art\/de\/wp-json\/wp\/v2\/product\/2579","targetHints":{"allow":["GET"]}}],"collection":[{"href":"https:\/\/fromthesoul.art\/de\/wp-json\/wp\/v2\/product"}],"about":[{"href":"https:\/\/fromthesoul.art\/de\/wp-json\/wp\/v2\/types\/product"}],"replies":[{"embeddable":true,"href":"https:\/\/fromthesoul.art\/de\/wp-json\/wp\/v2\/comments?post=2579"}],"wp:featuredmedia":[{"embeddable":true,"href":"https:\/\/fromthesoul.art\/de\/wp-json\/wp\/v2\/media\/2406"}],"wp:attachment":[{"href":"https:\/\/fromthesoul.art\/de\/wp-json\/wp\/v2\/media?parent=2579"}],"wp:term":[{"taxonomy":"product_brand","embeddable":true,"href":"https:\/\/fromthesoul.art\/de\/wp-json\/wp\/v2\/product_brand?post=2579"},{"taxonomy":"product_cat","embeddable":true,"href":"https:\/\/fromthesoul.art\/de\/wp-json\/wp\/v2\/product_cat?post=2579"},{"taxonomy":"product_tag","embeddable":true,"href":"https:\/\/fromthesoul.art\/de\/wp-json\/wp\/v2\/product_tag?post=2579"}],"curies":[{"name":"wp","href":"https:\/\/api.w.org\/{rel}","templated":true}]}}