{"id":1323,"date":"2022-02-15T08:11:33","date_gmt":"2022-02-15T08:11:33","guid":{"rendered":"https:\/\/fromthesoul.art\/product\/theta-healing-session\/"},"modified":"2023-05-06T12:14:10","modified_gmt":"2023-05-06T12:14:10","slug":"theta-healing-session","status":"publish","type":"product","link":"https:\/\/fromthesoul.art\/de\/produkt\/theta-healing-session\/","title":{"rendered":"Thetahealing-<span>session<\/span>"},"content":{"rendered":"","protected":false},"excerpt":{"rendered":"<p>Jede Session ist auf jeden Fall ein pers\u00f6nliches Erlebnis.<\/p>\n<p>Es gibt eine riesige Anzahl von Optionen und Schl\u00fcsseln f\u00fcr jeden, um die sicherste, bequemste und bestm\u00f6gliche Session zu haben. Au\u00dferdem werden Sie bei jeder Session einen Prozess der Reinigung, Heilung und Erf\u00fcllung mit bedingungsloser Liebe durchlaufen.<\/p>\n<p>Die Befreiung von negativen generischen Programmen wirkt sich auch positiv auf alle Ihre Verwandten aus. Der Prozess der DNA-Aktivierung und Verj\u00fcngung beginnt.<\/p>\n<p>Aus eigener Erfahrung und dem Feedback meiner Kunden wei\u00df ich mit Sicherheit, dass es einfach, effizient und schnell funktioniert.<\/p>\n<p><strong>Nach Zahlungseingang werde ich Sie kontaktieren, um eine angenehme Zeit der Session zu vereinbaren.<\/strong><\/p>\n","protected":false},"featured_media":1014,"comment_status":"open","ping_status":"closed","template":"","meta":[],"product_brand":[],"product_cat":[36],"product_tag":[],"class_list":{"0":"post-1323","1":"product","2":"type-product","3":"status-publish","4":"has-post-thumbnail","6":"product_cat-uncategorized","8":"first","9":"instock","10":"taxable","11":"shipping-taxable","12":"purchasable","13":"product-type-variable"},"yoast_head":"<!-- This site is optimized with the Yoast SEO plugin v27.3 - https:\/\/yoast.com\/product\/yoast-seo-wordpress\/ -->\n<title>Thetahealing-session - Olena Bouman<\/title>\n<meta name=\"robots\" content=\"index, follow, max-snippet:-1, max-image-preview:large, max-video-preview:-1\" \/>\n<link rel=\"canonical\" href=\"https:\/\/fromthesoul.art\/produkt\/theta-healing-session\/\" \/>\n<meta property=\"og:locale\" content=\"de_DE\" \/>\n<meta property=\"og:type\" content=\"article\" \/>\n<meta property=\"og:title\" content=\"Thetahealing-session - Olena Bouman\" \/>\n<meta property=\"og:description\" content=\"Jede Session ist auf jeden Fall ein pers\u00f6nliches Erlebnis.  Es gibt eine riesige Anzahl von Optionen und Schl\u00fcsseln f\u00fcr jeden, um die sicherste, bequemste und bestm\u00f6gliche Session zu haben. Au\u00dferdem werden Sie bei jeder Session einen Prozess der Reinigung, Heilung und Erf\u00fcllung mit bedingungsloser Liebe durchlaufen.  Die Befreiung von negativen generischen Programmen wirkt sich auch positiv auf alle Ihre Verwandten aus. Der Prozess der DNA-Aktivierung und Verj\u00fcngung beginnt.  Aus eigener Erfahrung und dem Feedback meiner Kunden wei\u00df ich mit Sicherheit, dass es einfach, effizient und schnell funktioniert.  Nach Zahlungseingang werde ich Sie kontaktieren, um eine angenehme Zeit der Session zu vereinbaren.\" \/>\n<meta property=\"og:url\" content=\"https:\/\/fromthesoul.art\/produkt\/theta-healing-session\/\" \/>\n<meta property=\"og:site_name\" content=\"Olena Bouman\" \/>\n<meta property=\"article:modified_time\" content=\"2023-05-06T12:14:10+00:00\" \/>\n<meta property=\"og:image\" content=\"https:\/\/fromthesoul.art\/wp-content\/uploads\/2022\/02\/Untitled123-11.png\" \/>\n\t<meta property=\"og:image:width\" content=\"795\" \/>\n\t<meta property=\"og:image:height\" content=\"1002\" \/>\n\t<meta property=\"og:image:type\" content=\"image\/png\" \/>\n<meta name=\"twitter:card\" content=\"summary_large_image\" \/>\n<script type=\"application\/ld+json\" class=\"yoast-schema-graph\">{\"@context\":\"https:\\\/\\\/schema.org\",\"@graph\":[{\"@type\":\"WebPage\",\"@id\":\"https:\\\/\\\/fromthesoul.art\\\/produkt\\\/theta-healing-session\\\/\",\"url\":\"https:\\\/\\\/fromthesoul.art\\\/produkt\\\/theta-healing-session\\\/\",\"name\":\"Thetahealing-session - Olena Bouman\",\"isPartOf\":{\"@id\":\"https:\\\/\\\/fromthesoul.art\\\/#website\"},\"primaryImageOfPage\":{\"@id\":\"https:\\\/\\\/fromthesoul.art\\\/produkt\\\/theta-healing-session\\\/#primaryimage\"},\"image\":{\"@id\":\"https:\\\/\\\/fromthesoul.art\\\/produkt\\\/theta-healing-session\\\/#primaryimage\"},\"thumbnailUrl\":\"https:\\\/\\\/fromthesoul.art\\\/wp-content\\\/uploads\\\/2022\\\/02\\\/Untitled123-11.png\",\"datePublished\":\"2022-02-15T08:11:33+00:00\",\"dateModified\":\"2023-05-06T12:14:10+00:00\",\"breadcrumb\":{\"@id\":\"https:\\\/\\\/fromthesoul.art\\\/produkt\\\/theta-healing-session\\\/#breadcrumb\"},\"inLanguage\":\"de\",\"potentialAction\":[{\"@type\":\"ReadAction\",\"target\":[\"https:\\\/\\\/fromthesoul.art\\\/produkt\\\/theta-healing-session\\\/\"]}]},{\"@type\":\"ImageObject\",\"inLanguage\":\"de\",\"@id\":\"https:\\\/\\\/fromthesoul.art\\\/produkt\\\/theta-healing-session\\\/#primaryimage\",\"url\":\"https:\\\/\\\/fromthesoul.art\\\/wp-content\\\/uploads\\\/2022\\\/02\\\/Untitled123-11.png\",\"contentUrl\":\"https:\\\/\\\/fromthesoul.art\\\/wp-content\\\/uploads\\\/2022\\\/02\\\/Untitled123-11.png\",\"width\":795,\"height\":1002},{\"@type\":\"BreadcrumbList\",\"@id\":\"https:\\\/\\\/fromthesoul.art\\\/produkt\\\/theta-healing-session\\\/#breadcrumb\",\"itemListElement\":[{\"@type\":\"ListItem\",\"position\":1,\"name\":\"\u0413\u043b\u0430\u0432\u043d\u0430\u044f \u0441\u0442\u0440\u0430\u043d\u0438\u0446\u0430\",\"item\":\"https:\\\/\\\/fromthesoul.art\\\/de\\\/\"},{\"@type\":\"ListItem\",\"position\":2,\"name\":\"Shop\",\"item\":\"https:\\\/\\\/fromthesoul.art\\\/shop\\\/\"},{\"@type\":\"ListItem\",\"position\":3,\"name\":\"Thetahealing-session\"}]},{\"@type\":\"WebSite\",\"@id\":\"https:\\\/\\\/fromthesoul.art\\\/#website\",\"url\":\"https:\\\/\\\/fromthesoul.art\\\/\",\"name\":\"Olena Bouman\",\"description\":\"From the Soul\",\"potentialAction\":[{\"@type\":\"SearchAction\",\"target\":{\"@type\":\"EntryPoint\",\"urlTemplate\":\"https:\\\/\\\/fromthesoul.art\\\/?s={search_term_string}\"},\"query-input\":{\"@type\":\"PropertyValueSpecification\",\"valueRequired\":true,\"valueName\":\"search_term_string\"}}],\"inLanguage\":\"de\"}]}<\/script>\n<!-- \/ Yoast SEO plugin. -->","yoast_head_json":{"title":"Thetahealing-session - Olena Bouman","robots":{"index":"index","follow":"follow","max-snippet":"max-snippet:-1","max-image-preview":"max-image-preview:large","max-video-preview":"max-video-preview:-1"},"canonical":"https:\/\/fromthesoul.art\/produkt\/theta-healing-session\/","og_locale":"de_DE","og_type":"article","og_title":"Thetahealing-session - Olena Bouman","og_description":"Jede Session ist auf jeden Fall ein pers\u00f6nliches Erlebnis.  Es gibt eine riesige Anzahl von Optionen und Schl\u00fcsseln f\u00fcr jeden, um die sicherste, bequemste und bestm\u00f6gliche Session zu haben. Au\u00dferdem werden Sie bei jeder Session einen Prozess der Reinigung, Heilung und Erf\u00fcllung mit bedingungsloser Liebe durchlaufen.  Die Befreiung von negativen generischen Programmen wirkt sich auch positiv auf alle Ihre Verwandten aus. Der Prozess der DNA-Aktivierung und Verj\u00fcngung beginnt.  Aus eigener Erfahrung und dem Feedback meiner Kunden wei\u00df ich mit Sicherheit, dass es einfach, effizient und schnell funktioniert.  Nach Zahlungseingang werde ich Sie kontaktieren, um eine angenehme Zeit der Session zu vereinbaren.","og_url":"https:\/\/fromthesoul.art\/produkt\/theta-healing-session\/","og_site_name":"Olena Bouman","article_modified_time":"2023-05-06T12:14:10+00:00","og_image":[{"width":795,"height":1002,"url":"https:\/\/fromthesoul.art\/wp-content\/uploads\/2022\/02\/Untitled123-11.png","type":"image\/png"}],"twitter_card":"summary_large_image","schema":{"@context":"https:\/\/schema.org","@graph":[{"@type":"WebPage","@id":"https:\/\/fromthesoul.art\/produkt\/theta-healing-session\/","url":"https:\/\/fromthesoul.art\/produkt\/theta-healing-session\/","name":"Thetahealing-session - Olena Bouman","isPartOf":{"@id":"https:\/\/fromthesoul.art\/#website"},"primaryImageOfPage":{"@id":"https:\/\/fromthesoul.art\/produkt\/theta-healing-session\/#primaryimage"},"image":{"@id":"https:\/\/fromthesoul.art\/produkt\/theta-healing-session\/#primaryimage"},"thumbnailUrl":"https:\/\/fromthesoul.art\/wp-content\/uploads\/2022\/02\/Untitled123-11.png","datePublished":"2022-02-15T08:11:33+00:00","dateModified":"2023-05-06T12:14:10+00:00","breadcrumb":{"@id":"https:\/\/fromthesoul.art\/produkt\/theta-healing-session\/#breadcrumb"},"inLanguage":"de","potentialAction":[{"@type":"ReadAction","target":["https:\/\/fromthesoul.art\/produkt\/theta-healing-session\/"]}]},{"@type":"ImageObject","inLanguage":"de","@id":"https:\/\/fromthesoul.art\/produkt\/theta-healing-session\/#primaryimage","url":"https:\/\/fromthesoul.art\/wp-content\/uploads\/2022\/02\/Untitled123-11.png","contentUrl":"https:\/\/fromthesoul.art\/wp-content\/uploads\/2022\/02\/Untitled123-11.png","width":795,"height":1002},{"@type":"BreadcrumbList","@id":"https:\/\/fromthesoul.art\/produkt\/theta-healing-session\/#breadcrumb","itemListElement":[{"@type":"ListItem","position":1,"name":"\u0413\u043b\u0430\u0432\u043d\u0430\u044f \u0441\u0442\u0440\u0430\u043d\u0438\u0446\u0430","item":"https:\/\/fromthesoul.art\/de\/"},{"@type":"ListItem","position":2,"name":"Shop","item":"https:\/\/fromthesoul.art\/shop\/"},{"@type":"ListItem","position":3,"name":"Thetahealing-session"}]},{"@type":"WebSite","@id":"https:\/\/fromthesoul.art\/#website","url":"https:\/\/fromthesoul.art\/","name":"Olena Bouman","description":"From the Soul","potentialAction":[{"@type":"SearchAction","target":{"@type":"EntryPoint","urlTemplate":"https:\/\/fromthesoul.art\/?s={search_term_string}"},"query-input":{"@type":"PropertyValueSpecification","valueRequired":true,"valueName":"search_term_string"}}],"inLanguage":"de"}]}},"_links":{"self":[{"href":"https:\/\/fromthesoul.art\/de\/wp-json\/wp\/v2\/product\/1323","targetHints":{"allow":["GET"]}}],"collection":[{"href":"https:\/\/fromthesoul.art\/de\/wp-json\/wp\/v2\/product"}],"about":[{"href":"https:\/\/fromthesoul.art\/de\/wp-json\/wp\/v2\/types\/product"}],"replies":[{"embeddable":true,"href":"https:\/\/fromthesoul.art\/de\/wp-json\/wp\/v2\/comments?post=1323"}],"wp:featuredmedia":[{"embeddable":true,"href":"https:\/\/fromthesoul.art\/de\/wp-json\/wp\/v2\/media\/1014"}],"wp:attachment":[{"href":"https:\/\/fromthesoul.art\/de\/wp-json\/wp\/v2\/media?parent=1323"}],"wp:term":[{"taxonomy":"product_brand","embeddable":true,"href":"https:\/\/fromthesoul.art\/de\/wp-json\/wp\/v2\/product_brand?post=1323"},{"taxonomy":"product_cat","embeddable":true,"href":"https:\/\/fromthesoul.art\/de\/wp-json\/wp\/v2\/product_cat?post=1323"},{"taxonomy":"product_tag","embeddable":true,"href":"https:\/\/fromthesoul.art\/de\/wp-json\/wp\/v2\/product_tag?post=1323"}],"curies":[{"name":"wp","href":"https:\/\/api.w.org\/{rel}","templated":true}]}}