{"id":1263,"date":"2017-08-07T11:06:14","date_gmt":"2017-08-07T11:06:14","guid":{"rendered":"https:\/\/fromthesoul.art\/product\/tebe-pismo\/"},"modified":"2023-12-21T19:19:04","modified_gmt":"2023-12-21T19:19:04","slug":"a-letter-for-you","status":"publish","type":"product","link":"https:\/\/fromthesoul.art\/de\/produkt\/a-letter-for-you\/","title":{"rendered":"Ein Brief <span>f\u00fcr Dich<\/span>"},"content":{"rendered":"","protected":false},"excerpt":{"rendered":"<p><span style=\"vertical-align: inherit;\"><span style=\"vertical-align: inherit;\">In einer Zeit, in der uns in der Hektik des Alltags oft das Wichtigste entgeht, nimmt aufrichtige, freundliche Unterst\u00fctzung einen besonderen Stellenwert ein.<\/span><\/span><\/p>\n<p><span style=\"vertical-align: inherit;\"><span style=\"vertical-align: inherit;\">Deshalb halten Sie nicht nur ein Buch, sondern Briefe in Ihren Handen. <\/span><span style=\"vertical-align: inherit;\">Und gerade deshalb ist ihr Autor nicht nur eine Schriftstellerin, sondern Ihre Freundin. <\/span><span style=\"vertical-align: inherit;\">Ihre Botschaften richten sich an jede Frau, die die Entt\u00e4uschungen unerf\u00fcllter W\u00fcnsche kennt. <\/span><span style=\"vertical-align: inherit;\">An alle, die bereit sind, eine Lebenskrise zum Ausgangspunkt zu machen, sich nicht mehr von Erwartungen t\u00e4uschen zu lassen, sich selbst lieben zu lernen und hier und jetzt im Wohlstand zu leben.<\/span><\/span><\/p>\n","protected":false},"featured_media":950,"comment_status":"open","ping_status":"closed","template":"","meta":[],"product_brand":[],"product_cat":[],"product_tag":[],"class_list":{"0":"post-1263","1":"product","2":"type-product","3":"status-publish","4":"has-post-thumbnail","7":"first","8":"instock","9":"taxable","10":"shipping-taxable","11":"purchasable","12":"product-type-variable"},"yoast_head":"<!-- This site is optimized with the Yoast SEO plugin v27.3 - https:\/\/yoast.com\/product\/yoast-seo-wordpress\/ -->\n<title>Ein Brief f\u00fcr Dich - Olena Bouman<\/title>\n<meta name=\"robots\" content=\"index, follow, max-snippet:-1, max-image-preview:large, max-video-preview:-1\" \/>\n<link rel=\"canonical\" href=\"https:\/\/fromthesoul.art\/produkt\/tebe-pismo\/\" \/>\n<meta property=\"og:locale\" content=\"de_DE\" \/>\n<meta property=\"og:type\" content=\"article\" \/>\n<meta property=\"og:title\" content=\"Ein Brief f\u00fcr Dich - Olena Bouman\" \/>\n<meta property=\"og:description\" content=\"In einer Zeit, in der uns in der Hektik des Alltags oft das Wichtigste entgeht, nimmt aufrichtige, freundliche Unterst\u00fctzung einen besonderen Stellenwert ein.  Deshalb halten Sie nicht nur ein Buch, sondern Briefe in Ihren Handen. Und gerade deshalb ist ihr Autor nicht nur eine Schriftstellerin, sondern Ihre Freundin. Ihre Botschaften richten sich an jede Frau, die die Entt\u00e4uschungen unerf\u00fcllter W\u00fcnsche kennt. An alle, die bereit sind, eine Lebenskrise zum Ausgangspunkt zu machen, sich nicht mehr von Erwartungen t\u00e4uschen zu lassen, sich selbst lieben zu lernen und hier und jetzt im Wohlstand zu leben.\" \/>\n<meta property=\"og:url\" content=\"https:\/\/fromthesoul.art\/produkt\/tebe-pismo\/\" \/>\n<meta property=\"og:site_name\" content=\"Olena Bouman\" \/>\n<meta property=\"article:modified_time\" content=\"2023-12-21T19:19:04+00:00\" \/>\n<meta property=\"og:image\" content=\"https:\/\/fromthesoul.art\/wp-content\/uploads\/2023\/11\/Ein-Brief-fur-dich.jpg\" \/>\n\t<meta property=\"og:image:width\" content=\"621\" \/>\n\t<meta property=\"og:image:height\" content=\"889\" \/>\n\t<meta property=\"og:image:type\" content=\"image\/jpeg\" \/>\n<meta name=\"twitter:card\" content=\"summary_large_image\" \/>\n<script type=\"application\/ld+json\" class=\"yoast-schema-graph\">{\"@context\":\"https:\\\/\\\/schema.org\",\"@graph\":[{\"@type\":\"WebPage\",\"@id\":\"https:\\\/\\\/fromthesoul.art\\\/produkt\\\/tebe-pismo\\\/\",\"url\":\"https:\\\/\\\/fromthesoul.art\\\/produkt\\\/tebe-pismo\\\/\",\"name\":\"Ein Brief f\u00fcr Dich - Olena Bouman\",\"isPartOf\":{\"@id\":\"https:\\\/\\\/fromthesoul.art\\\/#website\"},\"primaryImageOfPage\":{\"@id\":\"https:\\\/\\\/fromthesoul.art\\\/produkt\\\/tebe-pismo\\\/#primaryimage\"},\"image\":{\"@id\":\"https:\\\/\\\/fromthesoul.art\\\/produkt\\\/tebe-pismo\\\/#primaryimage\"},\"thumbnailUrl\":\"https:\\\/\\\/fromthesoul.art\\\/wp-content\\\/uploads\\\/2023\\\/11\\\/Ein-Brief-fur-dich.jpg\",\"datePublished\":\"2017-08-07T11:06:14+00:00\",\"dateModified\":\"2023-12-21T19:19:04+00:00\",\"breadcrumb\":{\"@id\":\"https:\\\/\\\/fromthesoul.art\\\/produkt\\\/tebe-pismo\\\/#breadcrumb\"},\"inLanguage\":\"de\",\"potentialAction\":[{\"@type\":\"ReadAction\",\"target\":[\"https:\\\/\\\/fromthesoul.art\\\/produkt\\\/tebe-pismo\\\/\"]}]},{\"@type\":\"ImageObject\",\"inLanguage\":\"de\",\"@id\":\"https:\\\/\\\/fromthesoul.art\\\/produkt\\\/tebe-pismo\\\/#primaryimage\",\"url\":\"https:\\\/\\\/fromthesoul.art\\\/wp-content\\\/uploads\\\/2023\\\/11\\\/Ein-Brief-fur-dich.jpg\",\"contentUrl\":\"https:\\\/\\\/fromthesoul.art\\\/wp-content\\\/uploads\\\/2023\\\/11\\\/Ein-Brief-fur-dich.jpg\",\"width\":621,\"height\":889},{\"@type\":\"BreadcrumbList\",\"@id\":\"https:\\\/\\\/fromthesoul.art\\\/produkt\\\/tebe-pismo\\\/#breadcrumb\",\"itemListElement\":[{\"@type\":\"ListItem\",\"position\":1,\"name\":\"\u0413\u043b\u0430\u0432\u043d\u0430\u044f \u0441\u0442\u0440\u0430\u043d\u0438\u0446\u0430\",\"item\":\"https:\\\/\\\/fromthesoul.art\\\/de\\\/\"},{\"@type\":\"ListItem\",\"position\":2,\"name\":\"Shop\",\"item\":\"https:\\\/\\\/fromthesoul.art\\\/shop\\\/\"},{\"@type\":\"ListItem\",\"position\":3,\"name\":\"Ein Brief f\u00fcr Dich\"}]},{\"@type\":\"WebSite\",\"@id\":\"https:\\\/\\\/fromthesoul.art\\\/#website\",\"url\":\"https:\\\/\\\/fromthesoul.art\\\/\",\"name\":\"Olena Bouman\",\"description\":\"From the Soul\",\"potentialAction\":[{\"@type\":\"SearchAction\",\"target\":{\"@type\":\"EntryPoint\",\"urlTemplate\":\"https:\\\/\\\/fromthesoul.art\\\/?s={search_term_string}\"},\"query-input\":{\"@type\":\"PropertyValueSpecification\",\"valueRequired\":true,\"valueName\":\"search_term_string\"}}],\"inLanguage\":\"de\"}]}<\/script>\n<!-- \/ Yoast SEO plugin. -->","yoast_head_json":{"title":"Ein Brief f\u00fcr Dich - Olena Bouman","robots":{"index":"index","follow":"follow","max-snippet":"max-snippet:-1","max-image-preview":"max-image-preview:large","max-video-preview":"max-video-preview:-1"},"canonical":"https:\/\/fromthesoul.art\/produkt\/tebe-pismo\/","og_locale":"de_DE","og_type":"article","og_title":"Ein Brief f\u00fcr Dich - Olena Bouman","og_description":"In einer Zeit, in der uns in der Hektik des Alltags oft das Wichtigste entgeht, nimmt aufrichtige, freundliche Unterst\u00fctzung einen besonderen Stellenwert ein.  Deshalb halten Sie nicht nur ein Buch, sondern Briefe in Ihren Handen. Und gerade deshalb ist ihr Autor nicht nur eine Schriftstellerin, sondern Ihre Freundin. Ihre Botschaften richten sich an jede Frau, die die Entt\u00e4uschungen unerf\u00fcllter W\u00fcnsche kennt. An alle, die bereit sind, eine Lebenskrise zum Ausgangspunkt zu machen, sich nicht mehr von Erwartungen t\u00e4uschen zu lassen, sich selbst lieben zu lernen und hier und jetzt im Wohlstand zu leben.","og_url":"https:\/\/fromthesoul.art\/produkt\/tebe-pismo\/","og_site_name":"Olena Bouman","article_modified_time":"2023-12-21T19:19:04+00:00","og_image":[{"width":621,"height":889,"url":"https:\/\/fromthesoul.art\/wp-content\/uploads\/2023\/11\/Ein-Brief-fur-dich.jpg","type":"image\/jpeg"}],"twitter_card":"summary_large_image","schema":{"@context":"https:\/\/schema.org","@graph":[{"@type":"WebPage","@id":"https:\/\/fromthesoul.art\/produkt\/tebe-pismo\/","url":"https:\/\/fromthesoul.art\/produkt\/tebe-pismo\/","name":"Ein Brief f\u00fcr Dich - Olena Bouman","isPartOf":{"@id":"https:\/\/fromthesoul.art\/#website"},"primaryImageOfPage":{"@id":"https:\/\/fromthesoul.art\/produkt\/tebe-pismo\/#primaryimage"},"image":{"@id":"https:\/\/fromthesoul.art\/produkt\/tebe-pismo\/#primaryimage"},"thumbnailUrl":"https:\/\/fromthesoul.art\/wp-content\/uploads\/2023\/11\/Ein-Brief-fur-dich.jpg","datePublished":"2017-08-07T11:06:14+00:00","dateModified":"2023-12-21T19:19:04+00:00","breadcrumb":{"@id":"https:\/\/fromthesoul.art\/produkt\/tebe-pismo\/#breadcrumb"},"inLanguage":"de","potentialAction":[{"@type":"ReadAction","target":["https:\/\/fromthesoul.art\/produkt\/tebe-pismo\/"]}]},{"@type":"ImageObject","inLanguage":"de","@id":"https:\/\/fromthesoul.art\/produkt\/tebe-pismo\/#primaryimage","url":"https:\/\/fromthesoul.art\/wp-content\/uploads\/2023\/11\/Ein-Brief-fur-dich.jpg","contentUrl":"https:\/\/fromthesoul.art\/wp-content\/uploads\/2023\/11\/Ein-Brief-fur-dich.jpg","width":621,"height":889},{"@type":"BreadcrumbList","@id":"https:\/\/fromthesoul.art\/produkt\/tebe-pismo\/#breadcrumb","itemListElement":[{"@type":"ListItem","position":1,"name":"\u0413\u043b\u0430\u0432\u043d\u0430\u044f \u0441\u0442\u0440\u0430\u043d\u0438\u0446\u0430","item":"https:\/\/fromthesoul.art\/de\/"},{"@type":"ListItem","position":2,"name":"Shop","item":"https:\/\/fromthesoul.art\/shop\/"},{"@type":"ListItem","position":3,"name":"Ein Brief f\u00fcr Dich"}]},{"@type":"WebSite","@id":"https:\/\/fromthesoul.art\/#website","url":"https:\/\/fromthesoul.art\/","name":"Olena Bouman","description":"From the Soul","potentialAction":[{"@type":"SearchAction","target":{"@type":"EntryPoint","urlTemplate":"https:\/\/fromthesoul.art\/?s={search_term_string}"},"query-input":{"@type":"PropertyValueSpecification","valueRequired":true,"valueName":"search_term_string"}}],"inLanguage":"de"}]}},"_links":{"self":[{"href":"https:\/\/fromthesoul.art\/de\/wp-json\/wp\/v2\/product\/1263","targetHints":{"allow":["GET"]}}],"collection":[{"href":"https:\/\/fromthesoul.art\/de\/wp-json\/wp\/v2\/product"}],"about":[{"href":"https:\/\/fromthesoul.art\/de\/wp-json\/wp\/v2\/types\/product"}],"replies":[{"embeddable":true,"href":"https:\/\/fromthesoul.art\/de\/wp-json\/wp\/v2\/comments?post=1263"}],"wp:featuredmedia":[{"embeddable":true,"href":"https:\/\/fromthesoul.art\/de\/wp-json\/wp\/v2\/media\/950"}],"wp:attachment":[{"href":"https:\/\/fromthesoul.art\/de\/wp-json\/wp\/v2\/media?parent=1263"}],"wp:term":[{"taxonomy":"product_brand","embeddable":true,"href":"https:\/\/fromthesoul.art\/de\/wp-json\/wp\/v2\/product_brand?post=1263"},{"taxonomy":"product_cat","embeddable":true,"href":"https:\/\/fromthesoul.art\/de\/wp-json\/wp\/v2\/product_cat?post=1263"},{"taxonomy":"product_tag","embeddable":true,"href":"https:\/\/fromthesoul.art\/de\/wp-json\/wp\/v2\/product_tag?post=1263"}],"curies":[{"name":"wp","href":"https:\/\/api.w.org\/{rel}","templated":true}]}}