{"id":2450,"date":"2026-02-09T13:11:45","date_gmt":"2026-02-09T13:11:45","guid":{"rendered":"https:\/\/fromthesoul.art\/spiel\/"},"modified":"2026-04-07T15:23:29","modified_gmt":"2026-04-07T15:23:29","slug":"spiel","status":"publish","type":"page","link":"https:\/\/fromthesoul.art\/de\/spiel\/","title":{"rendered":"Spiel"},"content":{"rendered":"\n<div class=\"wp-block-columns is-layout-flex wp-container-core-columns-is-layout-9d6595d7 wp-block-columns-is-layout-flex\">\n<div class=\"wp-block-column is-layout-flow wp-block-column-is-layout-flow\">\n<figure class=\"wp-block-image size-large\"><img decoding=\"async\" width=\"576\" height=\"1024\" data-src=\"https:\/\/fromthesoul.art\/wp-content\/uploads\/2026\/04\/IMG_0668-576x1024.jpeg\" alt=\"\" class=\"wp-image-2771 lazyload\" data-srcset=\"https:\/\/fromthesoul.art\/wp-content\/uploads\/2026\/04\/IMG_0668-576x1024.jpeg 576w, https:\/\/fromthesoul.art\/wp-content\/uploads\/2026\/04\/IMG_0668-169x300.jpeg 169w, https:\/\/fromthesoul.art\/wp-content\/uploads\/2026\/04\/IMG_0668-768x1365.jpeg 768w, https:\/\/fromthesoul.art\/wp-content\/uploads\/2026\/04\/IMG_0668-864x1536.jpeg 864w, https:\/\/fromthesoul.art\/wp-content\/uploads\/2026\/04\/IMG_0668-1152x2048.jpeg 1152w, https:\/\/fromthesoul.art\/wp-content\/uploads\/2026\/04\/IMG_0668-700x1244.jpeg 700w, https:\/\/fromthesoul.art\/wp-content\/uploads\/2026\/04\/IMG_0668-225x400.jpeg 225w, https:\/\/fromthesoul.art\/wp-content\/uploads\/2026\/04\/IMG_0668-394x700.jpeg 394w, https:\/\/fromthesoul.art\/wp-content\/uploads\/2026\/04\/IMG_0668-731x1300.jpeg 731w, https:\/\/fromthesoul.art\/wp-content\/uploads\/2026\/04\/IMG_0668-scaled.jpeg 1440w\" data-sizes=\"(max-width: 576px) 100vw, 576px\" src=\"data:image\/svg+xml;base64,PHN2ZyB3aWR0aD0iMSIgaGVpZ2h0PSIxIiB4bWxucz0iaHR0cDovL3d3dy53My5vcmcvMjAwMC9zdmciPjwvc3ZnPg==\" style=\"--smush-placeholder-width: 576px; --smush-placeholder-aspect-ratio: 576\/1024;\" \/><\/figure>\n<\/div>\n\n\n\n<div class=\"wp-block-column is-layout-flow wp-block-column-is-layout-flow\">\n<p><\/p>\n\n\n\n<p>Ich habe ein transformatives Spiel &#8222;Muladhara&#8220; entwickelt.<br>Dieses Spiel ist eine Begegnung mit dir selbst.<br>Es geht nicht um Wettbewerb oder Rollen, sondern um einen ehrlichen Kontakt mit dir \u2013 so, wie du jetzt bist.<\/p>\n\n\n\n<p>Wir h\u00f6ren oft die Worte \u201eEnergie\u201c, \u201eRessource\u201c, \u201eim Flow\u201c, aber selten stellen wir uns die Frage: Woher kommt eigentlich die Energie f\u00fcr Ver\u00e4nderung?<br>Wenn wir tiefer schauen, spricht das Universum mit uns in der Sprache der Schwingung. Und der Mensch ist Teil dieses Systems.<br>Auch in uns gibt es eine eigene Struktur, eine innere Grundlage, energetische Ebenen.<br>Deshalb habe ich die Chakren gew\u00e4hlt \u2013 nicht als abstraktes spirituelles Konzept, sondern als verst\u00e4ndliches System des Zusammenspiels von K\u00f6rper, Psyche und Energie.<\/p>\n<\/div>\n<\/div>\n\n\n\n<p><strong>Muladhara<\/strong> \u2013 das Wurzelchakra \u2013 ist das Fundament.<br>Ohne innere Stabilit\u00e4t und ein Gef\u00fchl von Sicherheit ist es schwer, \u00fcber Entwicklung, Berufung oder Weiterbewegung zu sprechen.<br>Das Wurzelchakra steht f\u00fcr Sicherheit, Vertrauen ins Leben, Kontakt mit dem K\u00f6rper und die F\u00e4higkeit, Energie f\u00fcr Handlungen und Ver\u00e4nderungen zu sch\u00f6pfen.<br>Solange die grundlegenden inneren Bed\u00fcrfnisse nicht erf\u00fcllt sind, fehlt die Energie f\u00fcr Transformation.<br>Deshalb beginnt dieses Spiel mit dem ersten Chakra \u2013 denn ohne Fundament gibt es kein Aufsteigen.<\/p>\n\n\n\n<p><strong>Wie funktioniert das Spiel<\/strong><\/p>\n\n\n\n<p> Dieses Spiel ist eine Begegnung mit dir selbst.<br>Es ist nicht auf \u201erichtige Antworten\u201c ausgerichtet, sondern auf deine Ehrlichkeit.<br>Im Prozess kannst du Lebenssituationen in einem sicheren Rahmen durchspielen \u2013 deine gewohnten Reaktionen erkennen, Erfahrungen bewusst durchleben und Erkenntnisse gewinnen, ohne im realen Leben immer wieder in dieselben Muster zu fallen.<br>Durch Situationen, Reaktionen, innere Empfindungen und k\u00f6rperliche Signale aktiviert das Spiel sanft das Unterbewusstsein und hilft, alte innere Programme neu zu schreiben \u2013 nicht durch Druck, sondern durch Bewusstheit und Erleben.   <\/p>\n\n\n\n<p><strong>F\u00fcr wen ist dieses Spiel<\/strong><\/p>\n\n\n\n<p> F\u00fcr Menschen, die oft Angst, innere Instabilit\u00e4t oder Ersch\u00f6pfung sp\u00fcren;<br>die nicht wissen, woher sie Kraft f\u00fcr Ver\u00e4nderung nehmen sollen;<br>die im \u201e\u00dcberlebensmodus\u201c leben, auch wenn \u00e4u\u00dferlich alles normal erscheint;<br>die den Kontakt zu ihrer inneren Basis verloren haben und Ver\u00e4nderungen nicht nur vom Kopf, sondern aus der Tiefe beginnen m\u00f6chten.<\/p>\n\n\n\n<p><strong>Was sich ver\u00e4ndert<\/strong><\/p>\n\n\n\n<p> Wenn sich das Wurzelchakra \u00f6ffnet, entsteht ein Gef\u00fchl innerer Stabilit\u00e4t.<br>Der Kontakt zum K\u00f6rper kehrt zur\u00fcck.<br>Die Energie beginnt nach oben zu flie\u00dfen \u2013 zu den weiteren Chakren.<br>Du schlie\u00dft gewisserma\u00dfen dein inneres Fundament und h\u00f6rst auf, dich st\u00e4ndig am Limit zu halten.<br>Aus diesem Zustand heraus wird es leichter, Entscheidungen zu treffen, sich zu bewegen und zu leben.<br>.  <\/p>\n\n\n\n<div class=\"wp-block-columns is-layout-flex wp-container-core-columns-is-layout-9d6595d7 wp-block-columns-is-layout-flex\">\n<div class=\"wp-block-column is-layout-flow wp-block-column-is-layout-flow\">\n<figure class=\"wp-block-image size-large\"><img decoding=\"async\" width=\"576\" height=\"1024\" data-src=\"https:\/\/fromthesoul.art\/wp-content\/uploads\/2026\/04\/IMG_0621-576x1024.jpeg\" alt=\"\" class=\"wp-image-2785 lazyload\" data-srcset=\"https:\/\/fromthesoul.art\/wp-content\/uploads\/2026\/04\/IMG_0621-576x1024.jpeg 576w, https:\/\/fromthesoul.art\/wp-content\/uploads\/2026\/04\/IMG_0621-169x300.jpeg 169w, https:\/\/fromthesoul.art\/wp-content\/uploads\/2026\/04\/IMG_0621-768x1365.jpeg 768w, https:\/\/fromthesoul.art\/wp-content\/uploads\/2026\/04\/IMG_0621-864x1536.jpeg 864w, https:\/\/fromthesoul.art\/wp-content\/uploads\/2026\/04\/IMG_0621-1152x2048.jpeg 1152w, https:\/\/fromthesoul.art\/wp-content\/uploads\/2026\/04\/IMG_0621-700x1244.jpeg 700w, https:\/\/fromthesoul.art\/wp-content\/uploads\/2026\/04\/IMG_0621-225x400.jpeg 225w, https:\/\/fromthesoul.art\/wp-content\/uploads\/2026\/04\/IMG_0621-394x700.jpeg 394w, https:\/\/fromthesoul.art\/wp-content\/uploads\/2026\/04\/IMG_0621-731x1300.jpeg 731w, https:\/\/fromthesoul.art\/wp-content\/uploads\/2026\/04\/IMG_0621-scaled.jpeg 1440w\" data-sizes=\"(max-width: 576px) 100vw, 576px\" src=\"data:image\/svg+xml;base64,PHN2ZyB3aWR0aD0iMSIgaGVpZ2h0PSIxIiB4bWxucz0iaHR0cDovL3d3dy53My5vcmcvMjAwMC9zdmciPjwvc3ZnPg==\" style=\"--smush-placeholder-width: 576px; --smush-placeholder-aspect-ratio: 576\/1024;\" \/><\/figure>\n<\/div>\n\n\n\n<div class=\"wp-block-column is-layout-flow wp-block-column-is-layout-flow\">\n<figure class=\"wp-block-image size-large\"><img decoding=\"async\" width=\"576\" height=\"1024\" data-src=\"https:\/\/fromthesoul.art\/wp-content\/uploads\/2026\/04\/IMG_0635-1-576x1024.jpeg\" alt=\"\" class=\"wp-image-2797 lazyload\" data-srcset=\"https:\/\/fromthesoul.art\/wp-content\/uploads\/2026\/04\/IMG_0635-1-576x1024.jpeg 576w, https:\/\/fromthesoul.art\/wp-content\/uploads\/2026\/04\/IMG_0635-1-169x300.jpeg 169w, https:\/\/fromthesoul.art\/wp-content\/uploads\/2026\/04\/IMG_0635-1-768x1365.jpeg 768w, https:\/\/fromthesoul.art\/wp-content\/uploads\/2026\/04\/IMG_0635-1-864x1536.jpeg 864w, https:\/\/fromthesoul.art\/wp-content\/uploads\/2026\/04\/IMG_0635-1-1152x2048.jpeg 1152w, https:\/\/fromthesoul.art\/wp-content\/uploads\/2026\/04\/IMG_0635-1-700x1244.jpeg 700w, https:\/\/fromthesoul.art\/wp-content\/uploads\/2026\/04\/IMG_0635-1-225x400.jpeg 225w, https:\/\/fromthesoul.art\/wp-content\/uploads\/2026\/04\/IMG_0635-1-394x700.jpeg 394w, https:\/\/fromthesoul.art\/wp-content\/uploads\/2026\/04\/IMG_0635-1-731x1300.jpeg 731w, https:\/\/fromthesoul.art\/wp-content\/uploads\/2026\/04\/IMG_0635-1-scaled.jpeg 1440w\" data-sizes=\"(max-width: 576px) 100vw, 576px\" src=\"data:image\/svg+xml;base64,PHN2ZyB3aWR0aD0iMSIgaGVpZ2h0PSIxIiB4bWxucz0iaHR0cDovL3d3dy53My5vcmcvMjAwMC9zdmciPjwvc3ZnPg==\" style=\"--smush-placeholder-width: 576px; --smush-placeholder-aspect-ratio: 576\/1024;\" \/><\/figure>\n<\/div>\n<\/div>\n\n\n\n<p><strong>Das Spiel ist auf Russisch verf\u00fcgbar.<\/strong><\/p>\n\n\n\n<div class=\"wp-block-buttons is-layout-flex wp-block-buttons-is-layout-flex\">\n<div class=\"wp-block-button is-style-outline is-style-outline--1\"><a class=\"wp-block-button__link wp-element-button\" href=\"https:\/\/fromthesoul.art\/game\/\">Zu russischen Version wechseln<\/a><\/div>\n<\/div>\n","protected":false},"excerpt":{"rendered":"<p>Ich habe ein transformatives Spiel &#8222;Muladhara&#8220; entwickelt.Dieses Spiel ist eine Begegnung mit dir selbst.Es geht nicht um Wettbewerb oder Rollen, sondern um einen ehrlichen Kontakt mit dir \u2013 so, wie du jetzt bist. Wir h\u00f6ren oft die Worte \u201eEnergie\u201c, \u201eRessource\u201c, \u201eim Flow\u201c, aber selten stellen wir uns die Frage: Woher kommt eigentlich die Energie f\u00fcr&#8230;<\/p>\n","protected":false},"author":3,"featured_media":0,"parent":0,"menu_order":0,"comment_status":"closed","ping_status":"closed","template":"","meta":{"footnotes":""},"class_list":["post-2450","page","type-page","status-publish","hentry"],"yoast_head":"<!-- This site is optimized with the Yoast SEO plugin v27.3 - https:\/\/yoast.com\/product\/yoast-seo-wordpress\/ -->\n<title>Spiel - Olena Bouman<\/title>\n<meta name=\"robots\" content=\"index, follow, max-snippet:-1, max-image-preview:large, max-video-preview:-1\" \/>\n<link rel=\"canonical\" href=\"https:\/\/fromthesoul.art\/game\/\" \/>\n<meta property=\"og:locale\" content=\"de_DE\" \/>\n<meta property=\"og:type\" content=\"article\" \/>\n<meta property=\"og:title\" content=\"Spiel - Olena Bouman\" \/>\n<meta property=\"og:description\" content=\"Ich habe ein transformatives Spiel &#8222;Muladhara&#8220; entwickelt.Dieses Spiel ist eine Begegnung mit dir selbst.Es geht nicht um Wettbewerb oder Rollen, sondern um einen ehrlichen Kontakt mit dir \u2013 so, wie du jetzt bist. Wir h\u00f6ren oft die Worte \u201eEnergie\u201c, \u201eRessource\u201c, \u201eim Flow\u201c, aber selten stellen wir uns die Frage: Woher kommt eigentlich die Energie f\u00fcr...\" \/>\n<meta property=\"og:url\" content=\"https:\/\/fromthesoul.art\/game\/\" \/>\n<meta property=\"og:site_name\" content=\"Olena Bouman\" \/>\n<meta property=\"article:modified_time\" content=\"2026-04-07T15:23:29+00:00\" \/>\n<meta property=\"og:image\" content=\"https:\/\/fromthesoul.art\/wp-content\/uploads\/2026\/04\/IMG_0668-scaled.jpeg\" \/>\n\t<meta property=\"og:image:width\" content=\"1440\" \/>\n\t<meta property=\"og:image:height\" content=\"2560\" \/>\n\t<meta property=\"og:image:type\" content=\"image\/jpeg\" \/>\n<meta name=\"twitter:card\" content=\"summary_large_image\" \/>\n<meta name=\"twitter:label1\" content=\"Gesch\u00e4tzte Lesezeit\" \/>\n\t<meta name=\"twitter:data1\" content=\"2\u00a0Minuten\" \/>\n<script type=\"application\/ld+json\" class=\"yoast-schema-graph\">{\"@context\":\"https:\\\/\\\/schema.org\",\"@graph\":[{\"@type\":\"WebPage\",\"@id\":\"https:\\\/\\\/fromthesoul.art\\\/game\\\/\",\"url\":\"https:\\\/\\\/fromthesoul.art\\\/game\\\/\",\"name\":\"Spiel - Olena Bouman\",\"isPartOf\":{\"@id\":\"https:\\\/\\\/fromthesoul.art\\\/#website\"},\"primaryImageOfPage\":{\"@id\":\"https:\\\/\\\/fromthesoul.art\\\/game\\\/#primaryimage\"},\"image\":{\"@id\":\"https:\\\/\\\/fromthesoul.art\\\/game\\\/#primaryimage\"},\"thumbnailUrl\":\"https:\\\/\\\/fromthesoul.art\\\/wp-content\\\/uploads\\\/2026\\\/04\\\/IMG_0668-576x1024.jpeg\",\"datePublished\":\"2026-02-09T13:11:45+00:00\",\"dateModified\":\"2026-04-07T15:23:29+00:00\",\"breadcrumb\":{\"@id\":\"https:\\\/\\\/fromthesoul.art\\\/game\\\/#breadcrumb\"},\"inLanguage\":\"de\",\"potentialAction\":[{\"@type\":\"ReadAction\",\"target\":[\"https:\\\/\\\/fromthesoul.art\\\/game\\\/\"]}]},{\"@type\":\"ImageObject\",\"inLanguage\":\"de\",\"@id\":\"https:\\\/\\\/fromthesoul.art\\\/game\\\/#primaryimage\",\"url\":\"https:\\\/\\\/fromthesoul.art\\\/wp-content\\\/uploads\\\/2026\\\/04\\\/IMG_0668-576x1024.jpeg\",\"contentUrl\":\"https:\\\/\\\/fromthesoul.art\\\/wp-content\\\/uploads\\\/2026\\\/04\\\/IMG_0668-576x1024.jpeg\"},{\"@type\":\"BreadcrumbList\",\"@id\":\"https:\\\/\\\/fromthesoul.art\\\/game\\\/#breadcrumb\",\"itemListElement\":[{\"@type\":\"ListItem\",\"position\":1,\"name\":\"\u0413\u043b\u0430\u0432\u043d\u0430\u044f \u0441\u0442\u0440\u0430\u043d\u0438\u0446\u0430\",\"item\":\"https:\\\/\\\/fromthesoul.art\\\/de\\\/\"},{\"@type\":\"ListItem\",\"position\":2,\"name\":\"Spiel\"}]},{\"@type\":\"WebSite\",\"@id\":\"https:\\\/\\\/fromthesoul.art\\\/#website\",\"url\":\"https:\\\/\\\/fromthesoul.art\\\/\",\"name\":\"Olena Bouman\",\"description\":\"From the Soul\",\"potentialAction\":[{\"@type\":\"SearchAction\",\"target\":{\"@type\":\"EntryPoint\",\"urlTemplate\":\"https:\\\/\\\/fromthesoul.art\\\/?s={search_term_string}\"},\"query-input\":{\"@type\":\"PropertyValueSpecification\",\"valueRequired\":true,\"valueName\":\"search_term_string\"}}],\"inLanguage\":\"de\"}]}<\/script>\n<!-- \/ Yoast SEO plugin. -->","yoast_head_json":{"title":"Spiel - Olena Bouman","robots":{"index":"index","follow":"follow","max-snippet":"max-snippet:-1","max-image-preview":"max-image-preview:large","max-video-preview":"max-video-preview:-1"},"canonical":"https:\/\/fromthesoul.art\/game\/","og_locale":"de_DE","og_type":"article","og_title":"Spiel - Olena Bouman","og_description":"Ich habe ein transformatives Spiel &#8222;Muladhara&#8220; entwickelt.Dieses Spiel ist eine Begegnung mit dir selbst.Es geht nicht um Wettbewerb oder Rollen, sondern um einen ehrlichen Kontakt mit dir \u2013 so, wie du jetzt bist. Wir h\u00f6ren oft die Worte \u201eEnergie\u201c, \u201eRessource\u201c, \u201eim Flow\u201c, aber selten stellen wir uns die Frage: Woher kommt eigentlich die Energie f\u00fcr...","og_url":"https:\/\/fromthesoul.art\/game\/","og_site_name":"Olena Bouman","article_modified_time":"2026-04-07T15:23:29+00:00","og_image":[{"width":1440,"height":2560,"url":"https:\/\/fromthesoul.art\/wp-content\/uploads\/2026\/04\/IMG_0668-scaled.jpeg","type":"image\/jpeg"}],"twitter_card":"summary_large_image","twitter_misc":{"Gesch\u00e4tzte Lesezeit":"2\u00a0Minuten"},"schema":{"@context":"https:\/\/schema.org","@graph":[{"@type":"WebPage","@id":"https:\/\/fromthesoul.art\/game\/","url":"https:\/\/fromthesoul.art\/game\/","name":"Spiel - Olena Bouman","isPartOf":{"@id":"https:\/\/fromthesoul.art\/#website"},"primaryImageOfPage":{"@id":"https:\/\/fromthesoul.art\/game\/#primaryimage"},"image":{"@id":"https:\/\/fromthesoul.art\/game\/#primaryimage"},"thumbnailUrl":"https:\/\/fromthesoul.art\/wp-content\/uploads\/2026\/04\/IMG_0668-576x1024.jpeg","datePublished":"2026-02-09T13:11:45+00:00","dateModified":"2026-04-07T15:23:29+00:00","breadcrumb":{"@id":"https:\/\/fromthesoul.art\/game\/#breadcrumb"},"inLanguage":"de","potentialAction":[{"@type":"ReadAction","target":["https:\/\/fromthesoul.art\/game\/"]}]},{"@type":"ImageObject","inLanguage":"de","@id":"https:\/\/fromthesoul.art\/game\/#primaryimage","url":"https:\/\/fromthesoul.art\/wp-content\/uploads\/2026\/04\/IMG_0668-576x1024.jpeg","contentUrl":"https:\/\/fromthesoul.art\/wp-content\/uploads\/2026\/04\/IMG_0668-576x1024.jpeg"},{"@type":"BreadcrumbList","@id":"https:\/\/fromthesoul.art\/game\/#breadcrumb","itemListElement":[{"@type":"ListItem","position":1,"name":"\u0413\u043b\u0430\u0432\u043d\u0430\u044f \u0441\u0442\u0440\u0430\u043d\u0438\u0446\u0430","item":"https:\/\/fromthesoul.art\/de\/"},{"@type":"ListItem","position":2,"name":"Spiel"}]},{"@type":"WebSite","@id":"https:\/\/fromthesoul.art\/#website","url":"https:\/\/fromthesoul.art\/","name":"Olena Bouman","description":"From the Soul","potentialAction":[{"@type":"SearchAction","target":{"@type":"EntryPoint","urlTemplate":"https:\/\/fromthesoul.art\/?s={search_term_string}"},"query-input":{"@type":"PropertyValueSpecification","valueRequired":true,"valueName":"search_term_string"}}],"inLanguage":"de"}]}},"_links":{"self":[{"href":"https:\/\/fromthesoul.art\/de\/wp-json\/wp\/v2\/pages\/2450","targetHints":{"allow":["GET"]}}],"collection":[{"href":"https:\/\/fromthesoul.art\/de\/wp-json\/wp\/v2\/pages"}],"about":[{"href":"https:\/\/fromthesoul.art\/de\/wp-json\/wp\/v2\/types\/page"}],"author":[{"embeddable":true,"href":"https:\/\/fromthesoul.art\/de\/wp-json\/wp\/v2\/users\/3"}],"replies":[{"embeddable":true,"href":"https:\/\/fromthesoul.art\/de\/wp-json\/wp\/v2\/comments?post=2450"}],"version-history":[{"count":5,"href":"https:\/\/fromthesoul.art\/de\/wp-json\/wp\/v2\/pages\/2450\/revisions"}],"predecessor-version":[{"id":2801,"href":"https:\/\/fromthesoul.art\/de\/wp-json\/wp\/v2\/pages\/2450\/revisions\/2801"}],"wp:attachment":[{"href":"https:\/\/fromthesoul.art\/de\/wp-json\/wp\/v2\/media?parent=2450"}],"curies":[{"name":"wp","href":"https:\/\/api.w.org\/{rel}","templated":true}]}}