{"id":2432,"date":"2026-02-03T16:22:37","date_gmt":"2026-02-03T16:22:37","guid":{"rendered":"https:\/\/fromthesoul.art\/meine-kontakte\/"},"modified":"2026-02-21T18:50:18","modified_gmt":"2026-02-21T18:50:18","slug":"meine-kontakte","status":"publish","type":"page","link":"https:\/\/fromthesoul.art\/de\/meine-kontakte\/","title":{"rendered":"Meine Kontakte"},"content":{"rendered":"\n<p class=\"has-text-align-left\">Mir ist echtes Feedback und wirklicher Kontakt wichtig.<br>Kommentare, Herzen und Abonnements sind nicht nur Zahlen \u2013<br>sie zeigen, dass meine Worte und meine Kunst Resonanz finden.<\/p>\n\n\n\n<p class=\"has-text-align-left\">Wenn dir das, was ich mache, nahe ist,<br>hilft deine Unterst\u00fctzung diesem Raum zu wachsen<br>und unterst\u00fctzt andere Menschen dabei, ihren eigenen Weg zu dem zu finden,<br>was f\u00fcr sie wertvoll sein kann.<\/p>\n\n\n\n<p class=\"has-text-align-left\">Danke f\u00fcr jede Form der Aufmerksamkeit.<\/p>\n\n\n\n<p class=\"has-text-align-left\"><\/p>\n\n\n\n<p><\/p>\n\n\n\n<div class=\"wp-block-buttons is-layout-flex wp-block-buttons-is-layout-flex\">\n<div class=\"wp-block-button is-style-outline is-style-outline--1\"><a class=\"wp-block-button__link has-text-align-center wp-element-button\" href=\"http:\/\/www.youtube.com\/@olenabouman\">YouTube<\/a><\/div>\n\n\n\n<div class=\"wp-block-button is-style-outline is-style-outline--2\"><a class=\"wp-block-button__link has-text-align-center wp-element-button\" href=\"https:\/\/www.instagram.com\/olena.bouman.art\/\">Instagram <\/a><\/div>\n\n\n\n<div class=\"wp-block-button is-style-outline is-style-outline--3\"><a class=\"wp-block-button__link has-text-align-center wp-element-button\" href=\"https:\/\/www.facebook.com\/olena.krammer\">Facebook<\/a><\/div>\n\n\n\n<div class=\"wp-block-button is-style-outline is-style-outline--4\"><a class=\"wp-block-button__link wp-element-button\" href=\"krammer.olena@gmail.com\">E-Mail<\/a><\/div>\n<\/div>\n\n\n\n<div class=\"wp-block-buttons is-layout-flex wp-block-buttons-is-layout-flex\"><\/div>\n\n\n\n<p><\/p>\n","protected":false},"excerpt":{"rendered":"<p>Mir ist echtes Feedback und wirklicher Kontakt wichtig.Kommentare, Herzen und Abonnements sind nicht nur Zahlen \u2013sie zeigen, dass meine Worte und meine Kunst Resonanz finden. Wenn dir das, was ich mache, nahe ist,hilft deine Unterst\u00fctzung diesem Raum zu wachsenund unterst\u00fctzt andere Menschen dabei, ihren eigenen Weg zu dem zu finden,was f\u00fcr sie wertvoll sein kann&#8230;.<\/p>\n","protected":false},"author":3,"featured_media":0,"parent":0,"menu_order":0,"comment_status":"closed","ping_status":"closed","template":"","meta":{"footnotes":""},"class_list":["post-2432","page","type-page","status-publish","hentry"],"yoast_head":"<!-- This site is optimized with the Yoast SEO plugin v27.3 - https:\/\/yoast.com\/product\/yoast-seo-wordpress\/ -->\n<title>Meine Kontakte - Olena Bouman<\/title>\n<meta name=\"robots\" content=\"index, follow, max-snippet:-1, max-image-preview:large, max-video-preview:-1\" \/>\n<link rel=\"canonical\" href=\"https:\/\/fromthesoul.art\/contacts\/\" \/>\n<meta property=\"og:locale\" content=\"de_DE\" \/>\n<meta property=\"og:type\" content=\"article\" \/>\n<meta property=\"og:title\" content=\"Meine Kontakte - Olena Bouman\" \/>\n<meta property=\"og:description\" content=\"Mir ist echtes Feedback und wirklicher Kontakt wichtig.Kommentare, Herzen und Abonnements sind nicht nur Zahlen \u2013sie zeigen, dass meine Worte und meine Kunst Resonanz finden. Wenn dir das, was ich mache, nahe ist,hilft deine Unterst\u00fctzung diesem Raum zu wachsenund unterst\u00fctzt andere Menschen dabei, ihren eigenen Weg zu dem zu finden,was f\u00fcr sie wertvoll sein kann....\" \/>\n<meta property=\"og:url\" content=\"https:\/\/fromthesoul.art\/contacts\/\" \/>\n<meta property=\"og:site_name\" content=\"Olena Bouman\" \/>\n<meta property=\"article:modified_time\" content=\"2026-02-21T18:50:18+00:00\" \/>\n<meta name=\"twitter:card\" content=\"summary_large_image\" \/>\n<script type=\"application\/ld+json\" class=\"yoast-schema-graph\">{\"@context\":\"https:\\\/\\\/schema.org\",\"@graph\":[{\"@type\":\"WebPage\",\"@id\":\"https:\\\/\\\/fromthesoul.art\\\/contacts\\\/\",\"url\":\"https:\\\/\\\/fromthesoul.art\\\/contacts\\\/\",\"name\":\"Meine Kontakte - Olena Bouman\",\"isPartOf\":{\"@id\":\"https:\\\/\\\/fromthesoul.art\\\/#website\"},\"datePublished\":\"2026-02-03T16:22:37+00:00\",\"dateModified\":\"2026-02-21T18:50:18+00:00\",\"breadcrumb\":{\"@id\":\"https:\\\/\\\/fromthesoul.art\\\/contacts\\\/#breadcrumb\"},\"inLanguage\":\"de\",\"potentialAction\":[{\"@type\":\"ReadAction\",\"target\":[\"https:\\\/\\\/fromthesoul.art\\\/contacts\\\/\"]}]},{\"@type\":\"BreadcrumbList\",\"@id\":\"https:\\\/\\\/fromthesoul.art\\\/contacts\\\/#breadcrumb\",\"itemListElement\":[{\"@type\":\"ListItem\",\"position\":1,\"name\":\"\u0413\u043b\u0430\u0432\u043d\u0430\u044f \u0441\u0442\u0440\u0430\u043d\u0438\u0446\u0430\",\"item\":\"https:\\\/\\\/fromthesoul.art\\\/de\\\/\"},{\"@type\":\"ListItem\",\"position\":2,\"name\":\"Meine Kontakte\"}]},{\"@type\":\"WebSite\",\"@id\":\"https:\\\/\\\/fromthesoul.art\\\/#website\",\"url\":\"https:\\\/\\\/fromthesoul.art\\\/\",\"name\":\"Olena Bouman\",\"description\":\"From the Soul\",\"potentialAction\":[{\"@type\":\"SearchAction\",\"target\":{\"@type\":\"EntryPoint\",\"urlTemplate\":\"https:\\\/\\\/fromthesoul.art\\\/?s={search_term_string}\"},\"query-input\":{\"@type\":\"PropertyValueSpecification\",\"valueRequired\":true,\"valueName\":\"search_term_string\"}}],\"inLanguage\":\"de\"}]}<\/script>\n<!-- \/ Yoast SEO plugin. -->","yoast_head_json":{"title":"Meine Kontakte - Olena Bouman","robots":{"index":"index","follow":"follow","max-snippet":"max-snippet:-1","max-image-preview":"max-image-preview:large","max-video-preview":"max-video-preview:-1"},"canonical":"https:\/\/fromthesoul.art\/contacts\/","og_locale":"de_DE","og_type":"article","og_title":"Meine Kontakte - Olena Bouman","og_description":"Mir ist echtes Feedback und wirklicher Kontakt wichtig.Kommentare, Herzen und Abonnements sind nicht nur Zahlen \u2013sie zeigen, dass meine Worte und meine Kunst Resonanz finden. Wenn dir das, was ich mache, nahe ist,hilft deine Unterst\u00fctzung diesem Raum zu wachsenund unterst\u00fctzt andere Menschen dabei, ihren eigenen Weg zu dem zu finden,was f\u00fcr sie wertvoll sein kann....","og_url":"https:\/\/fromthesoul.art\/contacts\/","og_site_name":"Olena Bouman","article_modified_time":"2026-02-21T18:50:18+00:00","twitter_card":"summary_large_image","schema":{"@context":"https:\/\/schema.org","@graph":[{"@type":"WebPage","@id":"https:\/\/fromthesoul.art\/contacts\/","url":"https:\/\/fromthesoul.art\/contacts\/","name":"Meine Kontakte - Olena Bouman","isPartOf":{"@id":"https:\/\/fromthesoul.art\/#website"},"datePublished":"2026-02-03T16:22:37+00:00","dateModified":"2026-02-21T18:50:18+00:00","breadcrumb":{"@id":"https:\/\/fromthesoul.art\/contacts\/#breadcrumb"},"inLanguage":"de","potentialAction":[{"@type":"ReadAction","target":["https:\/\/fromthesoul.art\/contacts\/"]}]},{"@type":"BreadcrumbList","@id":"https:\/\/fromthesoul.art\/contacts\/#breadcrumb","itemListElement":[{"@type":"ListItem","position":1,"name":"\u0413\u043b\u0430\u0432\u043d\u0430\u044f \u0441\u0442\u0440\u0430\u043d\u0438\u0446\u0430","item":"https:\/\/fromthesoul.art\/de\/"},{"@type":"ListItem","position":2,"name":"Meine Kontakte"}]},{"@type":"WebSite","@id":"https:\/\/fromthesoul.art\/#website","url":"https:\/\/fromthesoul.art\/","name":"Olena Bouman","description":"From the Soul","potentialAction":[{"@type":"SearchAction","target":{"@type":"EntryPoint","urlTemplate":"https:\/\/fromthesoul.art\/?s={search_term_string}"},"query-input":{"@type":"PropertyValueSpecification","valueRequired":true,"valueName":"search_term_string"}}],"inLanguage":"de"}]}},"_links":{"self":[{"href":"https:\/\/fromthesoul.art\/de\/wp-json\/wp\/v2\/pages\/2432","targetHints":{"allow":["GET"]}}],"collection":[{"href":"https:\/\/fromthesoul.art\/de\/wp-json\/wp\/v2\/pages"}],"about":[{"href":"https:\/\/fromthesoul.art\/de\/wp-json\/wp\/v2\/types\/page"}],"author":[{"embeddable":true,"href":"https:\/\/fromthesoul.art\/de\/wp-json\/wp\/v2\/users\/3"}],"replies":[{"embeddable":true,"href":"https:\/\/fromthesoul.art\/de\/wp-json\/wp\/v2\/comments?post=2432"}],"version-history":[{"count":3,"href":"https:\/\/fromthesoul.art\/de\/wp-json\/wp\/v2\/pages\/2432\/revisions"}],"predecessor-version":[{"id":2594,"href":"https:\/\/fromthesoul.art\/de\/wp-json\/wp\/v2\/pages\/2432\/revisions\/2594"}],"wp:attachment":[{"href":"https:\/\/fromthesoul.art\/de\/wp-json\/wp\/v2\/media?parent=2432"}],"curies":[{"name":"wp","href":"https:\/\/api.w.org\/{rel}","templated":true}]}}