{"id":1174,"date":"2022-01-20T09:12:48","date_gmt":"2022-01-20T09:12:48","guid":{"rendered":"https:\/\/fromthesoul.art\/%d1%82%d1%8b-%d0%b8-%d1%82%d0%b2%d0%be%d1%8f-%d0%bf%d0%be%d0%bb%d0%be%d0%b2%d0%b8%d0%bd%d0%ba%d0%b0\/"},"modified":"2022-06-27T21:49:15","modified_gmt":"2022-06-27T21:49:15","slug":"growing-your-relationships-1-you-and-your-significant-other","status":"publish","type":"page","link":"https:\/\/fromthesoul.art\/de\/growing-your-relationships-1-you-and-your-significant-other\/","title":{"rendered":"Du und deiner Seelenfreund"},"content":{"rendered":"\r\n<section class=\"pos-r   \"  id=\"shortcode-8906eead7564be621ddea3d36a3f3e61\" >\r\n\t\t<div class=\"fw-container\">\r\n\t\t<div class=\"fw-row\">\r\n\t\t\t<div id=\"shortcode-e14d75da3908fba9efaef4447a5c5d22\" class=\"fw-col-xs-12 fw-col-sm-12 fw-col-md-12 text-left \" >\r\n\t<img decoding=\"async\" data-src=\"\/\/fromthesoul.art\/wp-content\/uploads\/2022\/01\/certificate_krammer-olena08.jpg\" alt=\"\/\/fromthesoul.art\/wp-content\/uploads\/2022\/01\/certificate_krammer-olena08.jpg\" class=\"lazyload\" data-wow-delay=\"\" src=\"data:image\/svg+xml;base64,PHN2ZyB3aWR0aD0iMSIgaGVpZ2h0PSIxIiB4bWxucz0iaHR0cDovL3d3dy53My5vcmcvMjAwMC9zdmciPjwvc3ZnPg==\" style=\"--smush-placeholder-width: 1920px; --smush-placeholder-aspect-ratio: 1920\/1484;\" \/>\r\n\r\n<div class=\"spacer \" id=\"shortcode-3aa4254a8328b964b7972b5487308136\"><\/div><div class=\"SpecialHeading fw-heading  text-left mt-20 mb-60  \" id=\"shortcode-18c416f0a6ac7bd422a8644cc6489a96\" >\r\n\t\t\t\t\t<h2 class=\"special-title special-heading-letter\">Du und deiner Seelenfreund<\/h2>\t<\/div>\r\n\r\n<div class=\"TextBlock  \" id=\"shortcode-9deef705838f6fe5400e1eb48f3a1a6f\" >\r\n\t<ul><li>Was ist Liebe und welche Arten von Liebe es gibt<\/li><li>Heilung von intrauterinen Traumen nicht nur f\u00fcr Sie, sondern auch f\u00fcr Ihre Genetik<\/li><li>Heilung von Traumen<\/li><li>Welche Arten von Seelenfreunden es gibt<\/li><li>Ihre Bereitschaft, Ihren Seelenfreunden zu treffen und mit ihm zusammen zu sein<\/li><li>Offenlegung der gew\u00fcnschten Eigenschaften und Gef\u00fchle<\/li><li>Portr\u00e4t Ihres Seelenfreundes<\/li><li>Manifestation durch die Pyramide<\/li><li>Manifestation des Seelenfreundes<\/li><li>Blockaden und Glaubenss\u00e4tze in der Liebe<\/li><li>Blockaden und Glaubenss\u00e4tze in Bezug auf Sex und Sexualit\u00e4t<\/li><li>Energetische Scheidung mit ehemaligen Partnern und nicht nur<\/li><li>\u00dcberpr\u00fcfung von Glaubenss\u00e4tzen, Digging<\/li><\/ul><\/div><\/div>\r\n\t\t<\/div>\r\n\t<\/div>\r\n\t<\/section>\r\n\n","protected":false},"excerpt":{"rendered":"<p>Du und deiner Seelenfreund Was ist Liebe und welche Arten von Liebe es gibtHeilung von intrauterinen Traumen nicht nur f\u00fcr Sie, sondern auch f\u00fcr Ihre GenetikHeilung von TraumenWelche Arten von Seelenfreunden es gibtIhre Bereitschaft, Ihren Seelenfreunden zu treffen und mit ihm zusammen zu seinOffenlegung der gew\u00fcnschten Eigenschaften und Gef\u00fchlePortr\u00e4t Ihres SeelenfreundesManifestation durch die PyramideManifestation des&#8230;<\/p>\n","protected":false},"author":1,"featured_media":0,"parent":0,"menu_order":0,"comment_status":"closed","ping_status":"closed","template":"","meta":{"footnotes":""},"class_list":["post-1174","page","type-page","status-publish","hentry"],"yoast_head":"<!-- This site is optimized with the Yoast SEO plugin v27.3 - https:\/\/yoast.com\/product\/yoast-seo-wordpress\/ -->\n<title>Du und deiner Seelenfreund - Olena Bouman<\/title>\n<meta name=\"robots\" content=\"index, follow, max-snippet:-1, max-image-preview:large, max-video-preview:-1\" \/>\n<link rel=\"canonical\" href=\"https:\/\/fromthesoul.art\/growing-your-relationships-1-you-and-your-significant-other\/\" \/>\n<meta property=\"og:locale\" content=\"de_DE\" \/>\n<meta property=\"og:type\" content=\"article\" \/>\n<meta property=\"og:title\" content=\"Du und deiner Seelenfreund - Olena Bouman\" \/>\n<meta property=\"og:description\" content=\"Du und deiner Seelenfreund Was ist Liebe und welche Arten von Liebe es gibtHeilung von intrauterinen Traumen nicht nur f\u00fcr Sie, sondern auch f\u00fcr Ihre GenetikHeilung von TraumenWelche Arten von Seelenfreunden es gibtIhre Bereitschaft, Ihren Seelenfreunden zu treffen und mit ihm zusammen zu seinOffenlegung der gew\u00fcnschten Eigenschaften und Gef\u00fchlePortr\u00e4t Ihres SeelenfreundesManifestation durch die PyramideManifestation des...\" \/>\n<meta property=\"og:url\" content=\"https:\/\/fromthesoul.art\/growing-your-relationships-1-you-and-your-significant-other\/\" \/>\n<meta property=\"og:site_name\" content=\"Olena Bouman\" \/>\n<meta property=\"article:modified_time\" content=\"2022-06-27T21:49:15+00:00\" \/>\n<meta name=\"twitter:card\" content=\"summary_large_image\" \/>\n<script type=\"application\/ld+json\" class=\"yoast-schema-graph\">{\"@context\":\"https:\\\/\\\/schema.org\",\"@graph\":[{\"@type\":\"WebPage\",\"@id\":\"https:\\\/\\\/fromthesoul.art\\\/growing-your-relationships-1-you-and-your-significant-other\\\/\",\"url\":\"https:\\\/\\\/fromthesoul.art\\\/growing-your-relationships-1-you-and-your-significant-other\\\/\",\"name\":\"Du und deiner Seelenfreund - Olena Bouman\",\"isPartOf\":{\"@id\":\"https:\\\/\\\/fromthesoul.art\\\/#website\"},\"datePublished\":\"2022-01-20T09:12:48+00:00\",\"dateModified\":\"2022-06-27T21:49:15+00:00\",\"breadcrumb\":{\"@id\":\"https:\\\/\\\/fromthesoul.art\\\/growing-your-relationships-1-you-and-your-significant-other\\\/#breadcrumb\"},\"inLanguage\":\"de\",\"potentialAction\":[{\"@type\":\"ReadAction\",\"target\":[\"https:\\\/\\\/fromthesoul.art\\\/growing-your-relationships-1-you-and-your-significant-other\\\/\"]}]},{\"@type\":\"BreadcrumbList\",\"@id\":\"https:\\\/\\\/fromthesoul.art\\\/growing-your-relationships-1-you-and-your-significant-other\\\/#breadcrumb\",\"itemListElement\":[{\"@type\":\"ListItem\",\"position\":1,\"name\":\"\u0413\u043b\u0430\u0432\u043d\u0430\u044f \u0441\u0442\u0440\u0430\u043d\u0438\u0446\u0430\",\"item\":\"https:\\\/\\\/fromthesoul.art\\\/de\\\/\"},{\"@type\":\"ListItem\",\"position\":2,\"name\":\"Du und deiner Seelenfreund\"}]},{\"@type\":\"WebSite\",\"@id\":\"https:\\\/\\\/fromthesoul.art\\\/#website\",\"url\":\"https:\\\/\\\/fromthesoul.art\\\/\",\"name\":\"Olena Bouman\",\"description\":\"From the Soul\",\"potentialAction\":[{\"@type\":\"SearchAction\",\"target\":{\"@type\":\"EntryPoint\",\"urlTemplate\":\"https:\\\/\\\/fromthesoul.art\\\/?s={search_term_string}\"},\"query-input\":{\"@type\":\"PropertyValueSpecification\",\"valueRequired\":true,\"valueName\":\"search_term_string\"}}],\"inLanguage\":\"de\"}]}<\/script>\n<!-- \/ Yoast SEO plugin. -->","yoast_head_json":{"title":"Du und deiner Seelenfreund - Olena Bouman","robots":{"index":"index","follow":"follow","max-snippet":"max-snippet:-1","max-image-preview":"max-image-preview:large","max-video-preview":"max-video-preview:-1"},"canonical":"https:\/\/fromthesoul.art\/growing-your-relationships-1-you-and-your-significant-other\/","og_locale":"de_DE","og_type":"article","og_title":"Du und deiner Seelenfreund - Olena Bouman","og_description":"Du und deiner Seelenfreund Was ist Liebe und welche Arten von Liebe es gibtHeilung von intrauterinen Traumen nicht nur f\u00fcr Sie, sondern auch f\u00fcr Ihre GenetikHeilung von TraumenWelche Arten von Seelenfreunden es gibtIhre Bereitschaft, Ihren Seelenfreunden zu treffen und mit ihm zusammen zu seinOffenlegung der gew\u00fcnschten Eigenschaften und Gef\u00fchlePortr\u00e4t Ihres SeelenfreundesManifestation durch die PyramideManifestation des...","og_url":"https:\/\/fromthesoul.art\/growing-your-relationships-1-you-and-your-significant-other\/","og_site_name":"Olena Bouman","article_modified_time":"2022-06-27T21:49:15+00:00","twitter_card":"summary_large_image","schema":{"@context":"https:\/\/schema.org","@graph":[{"@type":"WebPage","@id":"https:\/\/fromthesoul.art\/growing-your-relationships-1-you-and-your-significant-other\/","url":"https:\/\/fromthesoul.art\/growing-your-relationships-1-you-and-your-significant-other\/","name":"Du und deiner Seelenfreund - Olena Bouman","isPartOf":{"@id":"https:\/\/fromthesoul.art\/#website"},"datePublished":"2022-01-20T09:12:48+00:00","dateModified":"2022-06-27T21:49:15+00:00","breadcrumb":{"@id":"https:\/\/fromthesoul.art\/growing-your-relationships-1-you-and-your-significant-other\/#breadcrumb"},"inLanguage":"de","potentialAction":[{"@type":"ReadAction","target":["https:\/\/fromthesoul.art\/growing-your-relationships-1-you-and-your-significant-other\/"]}]},{"@type":"BreadcrumbList","@id":"https:\/\/fromthesoul.art\/growing-your-relationships-1-you-and-your-significant-other\/#breadcrumb","itemListElement":[{"@type":"ListItem","position":1,"name":"\u0413\u043b\u0430\u0432\u043d\u0430\u044f \u0441\u0442\u0440\u0430\u043d\u0438\u0446\u0430","item":"https:\/\/fromthesoul.art\/de\/"},{"@type":"ListItem","position":2,"name":"Du und deiner Seelenfreund"}]},{"@type":"WebSite","@id":"https:\/\/fromthesoul.art\/#website","url":"https:\/\/fromthesoul.art\/","name":"Olena Bouman","description":"From the Soul","potentialAction":[{"@type":"SearchAction","target":{"@type":"EntryPoint","urlTemplate":"https:\/\/fromthesoul.art\/?s={search_term_string}"},"query-input":{"@type":"PropertyValueSpecification","valueRequired":true,"valueName":"search_term_string"}}],"inLanguage":"de"}]}},"_links":{"self":[{"href":"https:\/\/fromthesoul.art\/de\/wp-json\/wp\/v2\/pages\/1174","targetHints":{"allow":["GET"]}}],"collection":[{"href":"https:\/\/fromthesoul.art\/de\/wp-json\/wp\/v2\/pages"}],"about":[{"href":"https:\/\/fromthesoul.art\/de\/wp-json\/wp\/v2\/types\/page"}],"author":[{"embeddable":true,"href":"https:\/\/fromthesoul.art\/de\/wp-json\/wp\/v2\/users\/1"}],"replies":[{"embeddable":true,"href":"https:\/\/fromthesoul.art\/de\/wp-json\/wp\/v2\/comments?post=1174"}],"version-history":[{"count":4,"href":"https:\/\/fromthesoul.art\/de\/wp-json\/wp\/v2\/pages\/1174\/revisions"}],"predecessor-version":[{"id":1349,"href":"https:\/\/fromthesoul.art\/de\/wp-json\/wp\/v2\/pages\/1174\/revisions\/1349"}],"wp:attachment":[{"href":"https:\/\/fromthesoul.art\/de\/wp-json\/wp\/v2\/media?parent=1174"}],"curies":[{"name":"wp","href":"https:\/\/api.w.org\/{rel}","templated":true}]}}