{"id":1172,"date":"2022-01-20T08:07:31","date_gmt":"2022-01-20T08:07:31","guid":{"rendered":"https:\/\/fromthesoul.art\/%d0%bf%d0%be%d0%bb%d0%b8%d1%82%d0%b8%d0%ba%d0%b0-%d0%ba%d0%be%d0%bd%d1%84%d0%b8%d0%b4%d0%b5%d0%bd%d1%86%d0%b8%d0%b0%d0%bb%d1%8c%d0%bd%d0%be%d1%81%d1%82%d0%b8\/"},"modified":"2022-06-12T19:19:41","modified_gmt":"2022-06-12T19:19:41","slug":"privacy-policy","status":"publish","type":"page","link":"https:\/\/fromthesoul.art\/de\/privacy-policy\/","title":{"rendered":"Datenschutz-Bestimmungen"},"content":{"rendered":"\n<h3 class=\"wp-block-heading\">Einf\u00fchrung<\/h3>\n\n<p>Wir wissen Ihr Vertrauen zu sch\u00e4tzen. Bitte lesen Sie unsere Nutzungsbedingungen und diese Datenschutz-Bestimmungen, indem Sie beiden zustimmen.<\/p>\n\n<h3 class=\"wp-block-heading\">Gesammelte Daten<\/h3>\n\n<h6 class=\"wp-block-heading\"><em>REGISTRIERUNGSDATEN<\/em><\/h6>\n\n<p>Wenn Sie sich auf unserer Website registrieren, speichern wir den von Ihnen gew\u00e4hlten Benutzernamen und die E-Mail-Adresse. Sie k\u00f6nnen Ihre pers\u00f6nlichen Daten jederzeit einsehen, bearbeiten oder l\u00f6schen (mit Ausnahme der \u00c4nderung Ihres Benutzernamens). Die Webseit-Betreiber k\u00f6nnen diese Informationen auch einsehen und bearbeiten .<\/p>\n\n<h6 class=\"wp-block-heading\"><em>KOMMENTARE<\/em><\/h6>\n\n<p>Wenn Sie Kommentare auf der Website hinterlassen, erfassen wir die im Kommentarformat angegebene Daten sowie die IP-Adresse und die Zeichenfolge des Benutzeragenten des Browsers, um die Spam-Erkennung zu unterst\u00fctzen.<\/p>\n\n<h6 class=\"wp-block-heading\"><em>KONTAKTFORMULAR<\/em><\/h6>\n\n<p>Informationen, die \u00fcber das Kontaktformular auf unserer Website \u00fcbermittelt werden, werden an eine Gmail-E-Mail-Adresse gesendet.<\/p>\n\n<p>Diese Daten werden nur zu Zwecken des Kundendienstes gespeichert und niemals zu Marketingzwecke verwendet oder an Dritte weitergegeben.<\/p>\n\n<h6 class=\"wp-block-heading\"><em>GOOGLE ANALYTICS<\/em><\/h6>\n\n<p>Wir verwenden Google Analytics auf unserer Website f\u00fcr anonyme Berichte zur Websitenutzung. Personenbezogene Daten werden somit nicht gespeichert. Wenn Sie die Verfolgung Ihres Verhaltens auf unserer Website durch Google Analytics ablehnen m\u00f6chten, verwenden Sie bitte diesen Link:<a href=\"https:\/\/tools.google.com\/dlpage\/gaoptout\/\">Deaktivierung von Google Analytics.<\/a><\/p>\n\n<h6 class=\"wp-block-heading\"><em>ANWENDUNGSF\u00c4LLE<\/em><\/h6>\n\n<p>Wir verwenden Ihre personenbezogenen Daten in den folgenden F\u00e4llen:<\/p>\n\n<ul class=\"wp-block-list\"><li>Verifizierung\/Identifizierung des Benutzers bei der Websitenutzung;<\/li><li>Sendung von Aktualisierungen an unsere Benutzer mit wichtigen Informationen, um sie \u00fcber Neuigkeiten\/\u00c4nderungen zu informieren;<\/li><li>Website-Anpassung, um sie attraktiver zu machen;<\/li><li>Sicherung des unterbrechungsfreien Betriebs der Gesamtproduktivit\u00e4t und Verwaltungsfunktionen.<\/li><\/ul>\n","protected":false},"excerpt":{"rendered":"<p>Einf\u00fchrung Wir wissen Ihr Vertrauen zu sch\u00e4tzen. Bitte lesen Sie unsere Nutzungsbedingungen und diese Datenschutz-Bestimmungen, indem Sie beiden zustimmen. Gesammelte Daten REGISTRIERUNGSDATEN Wenn Sie sich auf unserer Website registrieren, speichern wir den von Ihnen gew\u00e4hlten Benutzernamen und die E-Mail-Adresse. Sie k\u00f6nnen Ihre pers\u00f6nlichen Daten jederzeit einsehen, bearbeiten oder l\u00f6schen (mit Ausnahme der \u00c4nderung Ihres Benutzernamens)&#8230;.<\/p>\n","protected":false},"author":1,"featured_media":0,"parent":0,"menu_order":0,"comment_status":"closed","ping_status":"closed","template":"","meta":{"footnotes":""},"class_list":["post-1172","page","type-page","status-publish","hentry"],"yoast_head":"<!-- This site is optimized with the Yoast SEO plugin v27.3 - https:\/\/yoast.com\/product\/yoast-seo-wordpress\/ -->\n<title>Datenschutz-Bestimmungen - Olena Bouman<\/title>\n<meta name=\"robots\" content=\"index, follow, max-snippet:-1, max-image-preview:large, max-video-preview:-1\" \/>\n<link rel=\"canonical\" href=\"https:\/\/fromthesoul.art\/de\/privacy-policy\/\" \/>\n<meta property=\"og:locale\" content=\"de_DE\" \/>\n<meta property=\"og:type\" content=\"article\" \/>\n<meta property=\"og:title\" content=\"Datenschutz-Bestimmungen - Olena Bouman\" \/>\n<meta property=\"og:description\" content=\"Einf\u00fchrung Wir wissen Ihr Vertrauen zu sch\u00e4tzen. Bitte lesen Sie unsere Nutzungsbedingungen und diese Datenschutz-Bestimmungen, indem Sie beiden zustimmen. Gesammelte Daten REGISTRIERUNGSDATEN Wenn Sie sich auf unserer Website registrieren, speichern wir den von Ihnen gew\u00e4hlten Benutzernamen und die E-Mail-Adresse. Sie k\u00f6nnen Ihre pers\u00f6nlichen Daten jederzeit einsehen, bearbeiten oder l\u00f6schen (mit Ausnahme der \u00c4nderung Ihres Benutzernamens)....\" \/>\n<meta property=\"og:url\" content=\"https:\/\/fromthesoul.art\/de\/privacy-policy\/\" \/>\n<meta property=\"og:site_name\" content=\"Olena Bouman\" \/>\n<meta property=\"article:modified_time\" content=\"2022-06-12T19:19:41+00:00\" \/>\n<meta name=\"twitter:card\" content=\"summary_large_image\" \/>\n<meta name=\"twitter:label1\" content=\"Gesch\u00e4tzte Lesezeit\" \/>\n\t<meta name=\"twitter:data1\" content=\"1\u00a0Minute\" \/>\n<script type=\"application\/ld+json\" class=\"yoast-schema-graph\">{\"@context\":\"https:\\\/\\\/schema.org\",\"@graph\":[{\"@type\":\"WebPage\",\"@id\":\"https:\\\/\\\/fromthesoul.art\\\/de\\\/privacy-policy\\\/\",\"url\":\"https:\\\/\\\/fromthesoul.art\\\/de\\\/privacy-policy\\\/\",\"name\":\"Datenschutz-Bestimmungen - Olena Bouman\",\"isPartOf\":{\"@id\":\"https:\\\/\\\/fromthesoul.art\\\/#website\"},\"datePublished\":\"2022-01-20T08:07:31+00:00\",\"dateModified\":\"2022-06-12T19:19:41+00:00\",\"breadcrumb\":{\"@id\":\"https:\\\/\\\/fromthesoul.art\\\/de\\\/privacy-policy\\\/#breadcrumb\"},\"inLanguage\":\"de\",\"potentialAction\":[{\"@type\":\"ReadAction\",\"target\":[\"https:\\\/\\\/fromthesoul.art\\\/de\\\/privacy-policy\\\/\"]}]},{\"@type\":\"BreadcrumbList\",\"@id\":\"https:\\\/\\\/fromthesoul.art\\\/de\\\/privacy-policy\\\/#breadcrumb\",\"itemListElement\":[{\"@type\":\"ListItem\",\"position\":1,\"name\":\"\u0413\u043b\u0430\u0432\u043d\u0430\u044f \u0441\u0442\u0440\u0430\u043d\u0438\u0446\u0430\",\"item\":\"https:\\\/\\\/fromthesoul.art\\\/de\\\/\"},{\"@type\":\"ListItem\",\"position\":2,\"name\":\"Datenschutz-Bestimmungen\"}]},{\"@type\":\"WebSite\",\"@id\":\"https:\\\/\\\/fromthesoul.art\\\/#website\",\"url\":\"https:\\\/\\\/fromthesoul.art\\\/\",\"name\":\"Olena Bouman\",\"description\":\"From the Soul\",\"potentialAction\":[{\"@type\":\"SearchAction\",\"target\":{\"@type\":\"EntryPoint\",\"urlTemplate\":\"https:\\\/\\\/fromthesoul.art\\\/?s={search_term_string}\"},\"query-input\":{\"@type\":\"PropertyValueSpecification\",\"valueRequired\":true,\"valueName\":\"search_term_string\"}}],\"inLanguage\":\"de\"}]}<\/script>\n<!-- \/ Yoast SEO plugin. -->","yoast_head_json":{"title":"Datenschutz-Bestimmungen - Olena Bouman","robots":{"index":"index","follow":"follow","max-snippet":"max-snippet:-1","max-image-preview":"max-image-preview:large","max-video-preview":"max-video-preview:-1"},"canonical":"https:\/\/fromthesoul.art\/de\/privacy-policy\/","og_locale":"de_DE","og_type":"article","og_title":"Datenschutz-Bestimmungen - Olena Bouman","og_description":"Einf\u00fchrung Wir wissen Ihr Vertrauen zu sch\u00e4tzen. Bitte lesen Sie unsere Nutzungsbedingungen und diese Datenschutz-Bestimmungen, indem Sie beiden zustimmen. Gesammelte Daten REGISTRIERUNGSDATEN Wenn Sie sich auf unserer Website registrieren, speichern wir den von Ihnen gew\u00e4hlten Benutzernamen und die E-Mail-Adresse. Sie k\u00f6nnen Ihre pers\u00f6nlichen Daten jederzeit einsehen, bearbeiten oder l\u00f6schen (mit Ausnahme der \u00c4nderung Ihres Benutzernamens)....","og_url":"https:\/\/fromthesoul.art\/de\/privacy-policy\/","og_site_name":"Olena Bouman","article_modified_time":"2022-06-12T19:19:41+00:00","twitter_card":"summary_large_image","twitter_misc":{"Gesch\u00e4tzte Lesezeit":"1\u00a0Minute"},"schema":{"@context":"https:\/\/schema.org","@graph":[{"@type":"WebPage","@id":"https:\/\/fromthesoul.art\/de\/privacy-policy\/","url":"https:\/\/fromthesoul.art\/de\/privacy-policy\/","name":"Datenschutz-Bestimmungen - Olena Bouman","isPartOf":{"@id":"https:\/\/fromthesoul.art\/#website"},"datePublished":"2022-01-20T08:07:31+00:00","dateModified":"2022-06-12T19:19:41+00:00","breadcrumb":{"@id":"https:\/\/fromthesoul.art\/de\/privacy-policy\/#breadcrumb"},"inLanguage":"de","potentialAction":[{"@type":"ReadAction","target":["https:\/\/fromthesoul.art\/de\/privacy-policy\/"]}]},{"@type":"BreadcrumbList","@id":"https:\/\/fromthesoul.art\/de\/privacy-policy\/#breadcrumb","itemListElement":[{"@type":"ListItem","position":1,"name":"\u0413\u043b\u0430\u0432\u043d\u0430\u044f \u0441\u0442\u0440\u0430\u043d\u0438\u0446\u0430","item":"https:\/\/fromthesoul.art\/de\/"},{"@type":"ListItem","position":2,"name":"Datenschutz-Bestimmungen"}]},{"@type":"WebSite","@id":"https:\/\/fromthesoul.art\/#website","url":"https:\/\/fromthesoul.art\/","name":"Olena Bouman","description":"From the Soul","potentialAction":[{"@type":"SearchAction","target":{"@type":"EntryPoint","urlTemplate":"https:\/\/fromthesoul.art\/?s={search_term_string}"},"query-input":{"@type":"PropertyValueSpecification","valueRequired":true,"valueName":"search_term_string"}}],"inLanguage":"de"}]}},"_links":{"self":[{"href":"https:\/\/fromthesoul.art\/de\/wp-json\/wp\/v2\/pages\/1172","targetHints":{"allow":["GET"]}}],"collection":[{"href":"https:\/\/fromthesoul.art\/de\/wp-json\/wp\/v2\/pages"}],"about":[{"href":"https:\/\/fromthesoul.art\/de\/wp-json\/wp\/v2\/types\/page"}],"author":[{"embeddable":true,"href":"https:\/\/fromthesoul.art\/de\/wp-json\/wp\/v2\/users\/1"}],"replies":[{"embeddable":true,"href":"https:\/\/fromthesoul.art\/de\/wp-json\/wp\/v2\/comments?post=1172"}],"version-history":[{"count":5,"href":"https:\/\/fromthesoul.art\/de\/wp-json\/wp\/v2\/pages\/1172\/revisions"}],"predecessor-version":[{"id":1231,"href":"https:\/\/fromthesoul.art\/de\/wp-json\/wp\/v2\/pages\/1172\/revisions\/1231"}],"wp:attachment":[{"href":"https:\/\/fromthesoul.art\/de\/wp-json\/wp\/v2\/media?parent=1172"}],"curies":[{"name":"wp","href":"https:\/\/api.w.org\/{rel}","templated":true}]}}