{"id":1170,"date":"2022-01-20T08:07:20","date_gmt":"2022-01-20T08:07:20","guid":{"rendered":"https:\/\/fromthesoul.art\/%d1%83%d1%81%d0%bb%d0%be%d0%b2%d0%b8%d1%8f-%d0%bf%d0%be%d0%bb%d1%8c%d0%b7%d0%be%d0%b2%d0%b0%d0%bd%d0%b8%d1%8f\/"},"modified":"2022-06-12T19:22:56","modified_gmt":"2022-06-12T19:22:56","slug":"terms-conditions","status":"publish","type":"page","link":"https:\/\/fromthesoul.art\/de\/terms-conditions\/","title":{"rendered":"Nutzungsbedingungen"},"content":{"rendered":"\n<p>Bitte lesen Sie die folgenden Allgemeinen Gesch\u00e4ftsbedingungen sorgf\u00e4ltig durch. Die Bestellung von Dienstleistungen auf unserer Website setzt voraus, dass Sie diese Allgemeinen Gesch\u00e4ftsbedingungen gelesen haben und ihnen zustimmen.<\/p>\n\n\n\n<p>Die auf dieser Seite aufgef\u00fchrten Gesch\u00e4ftsbedingungen k\u00f6nnen sich von Zeit zu Zeit \u00e4ndern. Die folgenden Allgemeinen Gesch\u00e4ftsbedingungen gelten mittelbar oder unmittelbar f\u00fcr alle unsere Produkte und Dienstleistungen. Indem Sie unsere Dienstleistungen nutzen oder eine Bestellung auf unserer Website aufgeben, erkl\u00e4ren Sie sich damit einverstanden, die folgenden auf dieser Seite beschriebenen Allgemeinen Gesch\u00e4ftsbedingungen zu lesen und zu verstehen.<\/p>\n\n\n\n<p>Die auf dieser Website enthaltenen Informationen sind urheber- und markenrechtlich gesch\u00fctzt. Angebote und Dienstleistungen k\u00f6nnen zus\u00e4tzliche Gesch\u00e4ftsbedingungen enthalten.<\/p>\n\n\n\n<h6 class=\"wp-block-heading\"><em>REGISTRIERUNG AUF DER WEBSITE<\/em><\/h6>\n\n\n\n<p>Durch die Registrierung auf der Website erkl\u00e4ren Sie sich damit einverstanden, wahrheitsgem\u00e4\u00dfe und genaue Informationen \u00fcber sich selbst und Ihre Kontaktdaten anzugeben.<\/p>\n\n\n\n<p>Als Ergebnis der Registrierung erhalten Sie einen Benutzernamen und ein Passwort, f\u00fcr deren Sicherheit Sie selbst verantwortlich sind. Sie sind auch f\u00fcr alle Aktivit\u00e4ten unter Ihrem Benutzernamen und Passwort auf der Website verantwortlich. F\u00fcr den Fall, dass Ihre Zugangsdaten verloren gehen, erkl\u00e4ren Sie sich damit einverstanden, uns dies mitzuteilen.<\/p>\n\n\n\n<h6 class=\"wp-block-heading\"><em>BEWERTUNGEN UND KOMMENTAREN<\/em><\/h6>\n\n\n\n<p>Wenn Sie uns kontaktieren oder Kommentare auf der Website hinterlassen, sind Sie daf\u00fcr verantwortlich, dass diese Nachricht nicht gesetzwidrig, sch\u00e4dlich, bedrohlich, verleumderisch oder sittenwidrig ist, nicht gegen das Urheberrecht verst\u00f6\u00dft, Hass und \/ oder Diskriminierung von Menschen aus rassischen, nationalen, sexuellen, religi\u00f6sen, sozialen Gr\u00fcnden nicht f\u00f6rdert, keine Beleidigungen gegen\u00fcber bestimmten Personen oder Organisationen enth\u00e4lt, und auch sonst gegen das Gesetz nicht verst\u00f6\u00dft.<\/p>\n\n\n\n<h6 class=\"wp-block-heading\"><em>BENACHRICHTIGUNGEN<\/em><\/h6>\n\n\n\n<p>Der Webseit-Betreiber kann Ihnen Nachrichten als Antwort auf Nachrichten senden, die Sie \u00fcber das Feedback-Formular, und bei der Bestellung von Dienstleistungen, Verwaltung von Bestellungen, Erbringung von Dienstleistungen gesendet haben. Wir versenden Benachrichtigungen in Form von E-Mails. <\/p>\n","protected":false},"excerpt":{"rendered":"<p>Bitte lesen Sie die folgenden Allgemeinen Gesch\u00e4ftsbedingungen sorgf\u00e4ltig durch. Die Bestellung von Dienstleistungen auf unserer Website setzt voraus, dass Sie diese Allgemeinen Gesch\u00e4ftsbedingungen gelesen haben und ihnen zustimmen. Die auf dieser Seite aufgef\u00fchrten Gesch\u00e4ftsbedingungen k\u00f6nnen sich von Zeit zu Zeit \u00e4ndern. Die folgenden Allgemeinen Gesch\u00e4ftsbedingungen gelten mittelbar oder unmittelbar f\u00fcr alle unsere Produkte und Dienstleistungen&#8230;.<\/p>\n","protected":false},"author":1,"featured_media":0,"parent":0,"menu_order":0,"comment_status":"closed","ping_status":"closed","template":"","meta":{"footnotes":""},"class_list":["post-1170","page","type-page","status-publish","hentry"],"yoast_head":"<!-- This site is optimized with the Yoast SEO plugin v27.3 - https:\/\/yoast.com\/product\/yoast-seo-wordpress\/ -->\n<title>Nutzungsbedingungen - Olena Bouman<\/title>\n<meta name=\"robots\" content=\"index, follow, max-snippet:-1, max-image-preview:large, max-video-preview:-1\" \/>\n<link rel=\"canonical\" href=\"https:\/\/fromthesoul.art\/terms-conditions\/\" \/>\n<meta property=\"og:locale\" content=\"de_DE\" \/>\n<meta property=\"og:type\" content=\"article\" \/>\n<meta property=\"og:title\" content=\"Nutzungsbedingungen - Olena Bouman\" \/>\n<meta property=\"og:description\" content=\"Bitte lesen Sie die folgenden Allgemeinen Gesch\u00e4ftsbedingungen sorgf\u00e4ltig durch. Die Bestellung von Dienstleistungen auf unserer Website setzt voraus, dass Sie diese Allgemeinen Gesch\u00e4ftsbedingungen gelesen haben und ihnen zustimmen. Die auf dieser Seite aufgef\u00fchrten Gesch\u00e4ftsbedingungen k\u00f6nnen sich von Zeit zu Zeit \u00e4ndern. Die folgenden Allgemeinen Gesch\u00e4ftsbedingungen gelten mittelbar oder unmittelbar f\u00fcr alle unsere Produkte und Dienstleistungen....\" \/>\n<meta property=\"og:url\" content=\"https:\/\/fromthesoul.art\/terms-conditions\/\" \/>\n<meta property=\"og:site_name\" content=\"Olena Bouman\" \/>\n<meta property=\"article:modified_time\" content=\"2022-06-12T19:22:56+00:00\" \/>\n<meta name=\"twitter:card\" content=\"summary_large_image\" \/>\n<meta name=\"twitter:label1\" content=\"Gesch\u00e4tzte Lesezeit\" \/>\n\t<meta name=\"twitter:data1\" content=\"2\u00a0Minuten\" \/>\n<script type=\"application\/ld+json\" class=\"yoast-schema-graph\">{\"@context\":\"https:\\\/\\\/schema.org\",\"@graph\":[{\"@type\":\"WebPage\",\"@id\":\"https:\\\/\\\/fromthesoul.art\\\/terms-conditions\\\/\",\"url\":\"https:\\\/\\\/fromthesoul.art\\\/terms-conditions\\\/\",\"name\":\"Nutzungsbedingungen - Olena Bouman\",\"isPartOf\":{\"@id\":\"https:\\\/\\\/fromthesoul.art\\\/#website\"},\"datePublished\":\"2022-01-20T08:07:20+00:00\",\"dateModified\":\"2022-06-12T19:22:56+00:00\",\"breadcrumb\":{\"@id\":\"https:\\\/\\\/fromthesoul.art\\\/terms-conditions\\\/#breadcrumb\"},\"inLanguage\":\"de\",\"potentialAction\":[{\"@type\":\"ReadAction\",\"target\":[\"https:\\\/\\\/fromthesoul.art\\\/terms-conditions\\\/\"]}]},{\"@type\":\"BreadcrumbList\",\"@id\":\"https:\\\/\\\/fromthesoul.art\\\/terms-conditions\\\/#breadcrumb\",\"itemListElement\":[{\"@type\":\"ListItem\",\"position\":1,\"name\":\"\u0413\u043b\u0430\u0432\u043d\u0430\u044f \u0441\u0442\u0440\u0430\u043d\u0438\u0446\u0430\",\"item\":\"https:\\\/\\\/fromthesoul.art\\\/de\\\/\"},{\"@type\":\"ListItem\",\"position\":2,\"name\":\"Nutzungsbedingungen\"}]},{\"@type\":\"WebSite\",\"@id\":\"https:\\\/\\\/fromthesoul.art\\\/#website\",\"url\":\"https:\\\/\\\/fromthesoul.art\\\/\",\"name\":\"Olena Bouman\",\"description\":\"From the Soul\",\"potentialAction\":[{\"@type\":\"SearchAction\",\"target\":{\"@type\":\"EntryPoint\",\"urlTemplate\":\"https:\\\/\\\/fromthesoul.art\\\/?s={search_term_string}\"},\"query-input\":{\"@type\":\"PropertyValueSpecification\",\"valueRequired\":true,\"valueName\":\"search_term_string\"}}],\"inLanguage\":\"de\"}]}<\/script>\n<!-- \/ Yoast SEO plugin. -->","yoast_head_json":{"title":"Nutzungsbedingungen - Olena Bouman","robots":{"index":"index","follow":"follow","max-snippet":"max-snippet:-1","max-image-preview":"max-image-preview:large","max-video-preview":"max-video-preview:-1"},"canonical":"https:\/\/fromthesoul.art\/terms-conditions\/","og_locale":"de_DE","og_type":"article","og_title":"Nutzungsbedingungen - Olena Bouman","og_description":"Bitte lesen Sie die folgenden Allgemeinen Gesch\u00e4ftsbedingungen sorgf\u00e4ltig durch. Die Bestellung von Dienstleistungen auf unserer Website setzt voraus, dass Sie diese Allgemeinen Gesch\u00e4ftsbedingungen gelesen haben und ihnen zustimmen. Die auf dieser Seite aufgef\u00fchrten Gesch\u00e4ftsbedingungen k\u00f6nnen sich von Zeit zu Zeit \u00e4ndern. Die folgenden Allgemeinen Gesch\u00e4ftsbedingungen gelten mittelbar oder unmittelbar f\u00fcr alle unsere Produkte und Dienstleistungen....","og_url":"https:\/\/fromthesoul.art\/terms-conditions\/","og_site_name":"Olena Bouman","article_modified_time":"2022-06-12T19:22:56+00:00","twitter_card":"summary_large_image","twitter_misc":{"Gesch\u00e4tzte Lesezeit":"2\u00a0Minuten"},"schema":{"@context":"https:\/\/schema.org","@graph":[{"@type":"WebPage","@id":"https:\/\/fromthesoul.art\/terms-conditions\/","url":"https:\/\/fromthesoul.art\/terms-conditions\/","name":"Nutzungsbedingungen - Olena Bouman","isPartOf":{"@id":"https:\/\/fromthesoul.art\/#website"},"datePublished":"2022-01-20T08:07:20+00:00","dateModified":"2022-06-12T19:22:56+00:00","breadcrumb":{"@id":"https:\/\/fromthesoul.art\/terms-conditions\/#breadcrumb"},"inLanguage":"de","potentialAction":[{"@type":"ReadAction","target":["https:\/\/fromthesoul.art\/terms-conditions\/"]}]},{"@type":"BreadcrumbList","@id":"https:\/\/fromthesoul.art\/terms-conditions\/#breadcrumb","itemListElement":[{"@type":"ListItem","position":1,"name":"\u0413\u043b\u0430\u0432\u043d\u0430\u044f \u0441\u0442\u0440\u0430\u043d\u0438\u0446\u0430","item":"https:\/\/fromthesoul.art\/de\/"},{"@type":"ListItem","position":2,"name":"Nutzungsbedingungen"}]},{"@type":"WebSite","@id":"https:\/\/fromthesoul.art\/#website","url":"https:\/\/fromthesoul.art\/","name":"Olena Bouman","description":"From the Soul","potentialAction":[{"@type":"SearchAction","target":{"@type":"EntryPoint","urlTemplate":"https:\/\/fromthesoul.art\/?s={search_term_string}"},"query-input":{"@type":"PropertyValueSpecification","valueRequired":true,"valueName":"search_term_string"}}],"inLanguage":"de"}]}},"_links":{"self":[{"href":"https:\/\/fromthesoul.art\/de\/wp-json\/wp\/v2\/pages\/1170","targetHints":{"allow":["GET"]}}],"collection":[{"href":"https:\/\/fromthesoul.art\/de\/wp-json\/wp\/v2\/pages"}],"about":[{"href":"https:\/\/fromthesoul.art\/de\/wp-json\/wp\/v2\/types\/page"}],"author":[{"embeddable":true,"href":"https:\/\/fromthesoul.art\/de\/wp-json\/wp\/v2\/users\/1"}],"replies":[{"embeddable":true,"href":"https:\/\/fromthesoul.art\/de\/wp-json\/wp\/v2\/comments?post=1170"}],"version-history":[{"count":4,"href":"https:\/\/fromthesoul.art\/de\/wp-json\/wp\/v2\/pages\/1170\/revisions"}],"predecessor-version":[{"id":1234,"href":"https:\/\/fromthesoul.art\/de\/wp-json\/wp\/v2\/pages\/1170\/revisions\/1234"}],"wp:attachment":[{"href":"https:\/\/fromthesoul.art\/de\/wp-json\/wp\/v2\/media?parent=1170"}],"curies":[{"name":"wp","href":"https:\/\/api.w.org\/{rel}","templated":true}]}}