{"id":1169,"date":"2022-01-20T09:02:39","date_gmt":"2022-01-20T09:02:39","guid":{"rendered":"https:\/\/fromthesoul.art\/%d1%82%d1%8b-%d0%b8-%d1%82%d0%b2%d0%be%d1%80%d0%b5%d1%86\/"},"modified":"2022-06-27T21:49:11","modified_gmt":"2022-06-27T21:49:11","slug":"you-and-the-creator","status":"publish","type":"page","link":"https:\/\/fromthesoul.art\/de\/you-and-the-creator\/","title":{"rendered":"Du und der Sch\u00f6pfer"},"content":{"rendered":"\r\n<section class=\"pos-r   \"  id=\"shortcode-8906eead7564be621ddea3d36a3f3e61\" >\r\n\t\t<div class=\"fw-container\">\r\n\t\t<div class=\"fw-row\">\r\n\t\t\t<div id=\"shortcode-e14d75da3908fba9efaef4447a5c5d22\" class=\"fw-col-xs-12 fw-col-sm-12 fw-col-md-12 text-left \" >\r\n\t<img decoding=\"async\" data-src=\"\/\/fromthesoul.art\/wp-content\/uploads\/2022\/01\/certificate_krammer-olena07.jpg\" alt=\"\/\/fromthesoul.art\/wp-content\/uploads\/2022\/01\/certificate_krammer-olena07.jpg\" class=\"lazyload\" data-wow-delay=\"\" src=\"data:image\/svg+xml;base64,PHN2ZyB3aWR0aD0iMSIgaGVpZ2h0PSIxIiB4bWxucz0iaHR0cDovL3d3dy53My5vcmcvMjAwMC9zdmciPjwvc3ZnPg==\" style=\"--smush-placeholder-width: 1920px; --smush-placeholder-aspect-ratio: 1920\/1484;\" \/>\r\n\r\n<div class=\"spacer \" id=\"shortcode-3aa4254a8328b964b7972b5487308136\"><\/div><div class=\"SpecialHeading fw-heading  text-left mt-20 mb-60  \" id=\"shortcode-18c416f0a6ac7bd422a8644cc6489a96\" >\r\n\t\t\t\t\t<h2 class=\"special-title special-heading-letter\">Du und der Sch\u00f6pfer<\/h2>\t<\/div>\r\n\r\n<div class=\"TextBlock  \" id=\"shortcode-9deef705838f6fe5400e1eb48f3a1a6f\" >\r\n\t<ul><li>Struktur der Grundebene von Glaubenss\u00e4tzen verstehen<\/li><li>Struktur der genetischen Ebene von Glaubenss\u00e4tzen verstehen<\/li><li>Struktur der historischen Ebene von Glaubenss\u00e4tzen verstehen<\/li><li>Seelenstruktur und ihre Aspekte verstehen<\/li><li>Mit den Funktionen des Tiefen Selbst arbeiten<\/li><li>Mit den Funktionen des \u00fcberlebenden Selbst arbeiten<\/li><li>Mit Ego-Funktionen arbeiten<\/li><li>Mit den Funktionen des H\u00f6heren Selbst arbeiten<\/li><li>Die Wahrheit des Sch\u00f6pfers von der Ego-Stimme und anderen Quellen unterscheiden<\/li><li>Kommunikationsblockaden mit dem Sch\u00f6pfer reinigen<\/li><li>Auf sich selbst als Leiter der reinen Informationen des Sch\u00f6pfers vertrauen<\/li><li>Den Sch\u00f6pfer deutlich h\u00f6ren<\/li><li>Informationskanal der Quelle reinigen<\/li><li>Quelle aller Informationen interpretieren<\/li><li>Alle Teile Ihres Bewusstseins f\u00fcr sofortige Ver\u00e4nderungen in Ihrem Unterbewusstsein, K\u00f6rper und Ihrer Realit\u00e4t abstimmen<\/li><li>Das Ego harmonisieren und heilen<\/li><li>Verstehen, wer den \u201einternen Dialog\u201c leitet<\/li><li>Antworten und Hilfe von allen Existenzebenen erhalten<\/li><li>An Glaubenss\u00e4tze effektiver arbeiten<\/li><li>Sich besinnen, zu welchem  Teil des Geistes jede Digging-Frage geh\u00f6rt<\/li><li>Vergangene Erfahrungen archivieren und sich vollst\u00e4ndig von deren Einfluss befreien.<\/li><\/ul><\/div><\/div>\r\n\t\t<\/div>\r\n\t<\/div>\r\n\t<\/section>\r\n\n","protected":false},"excerpt":{"rendered":"<p>Du und der Sch\u00f6pfer Struktur der Grundebene von Glaubenss\u00e4tzen verstehenStruktur der genetischen Ebene von Glaubenss\u00e4tzen verstehenStruktur der historischen Ebene von Glaubenss\u00e4tzen verstehenSeelenstruktur und ihre Aspekte verstehenMit den Funktionen des Tiefen Selbst arbeitenMit den Funktionen des \u00fcberlebenden Selbst arbeitenMit Ego-Funktionen arbeitenMit den Funktionen des H\u00f6heren Selbst arbeitenDie Wahrheit des Sch\u00f6pfers von der Ego-Stimme und anderen Quellen&#8230;<\/p>\n","protected":false},"author":1,"featured_media":0,"parent":0,"menu_order":0,"comment_status":"closed","ping_status":"closed","template":"","meta":{"footnotes":""},"class_list":["post-1169","page","type-page","status-publish","hentry"],"yoast_head":"<!-- This site is optimized with the Yoast SEO plugin v27.3 - https:\/\/yoast.com\/product\/yoast-seo-wordpress\/ -->\n<title>Du und der Sch\u00f6pfer - Olena Bouman<\/title>\n<meta name=\"robots\" content=\"index, follow, max-snippet:-1, max-image-preview:large, max-video-preview:-1\" \/>\n<link rel=\"canonical\" href=\"https:\/\/fromthesoul.art\/you-and-the-creator\/\" \/>\n<meta property=\"og:locale\" content=\"de_DE\" \/>\n<meta property=\"og:type\" content=\"article\" \/>\n<meta property=\"og:title\" content=\"Du und der Sch\u00f6pfer - Olena Bouman\" \/>\n<meta property=\"og:description\" content=\"Du und der Sch\u00f6pfer Struktur der Grundebene von Glaubenss\u00e4tzen verstehenStruktur der genetischen Ebene von Glaubenss\u00e4tzen verstehenStruktur der historischen Ebene von Glaubenss\u00e4tzen verstehenSeelenstruktur und ihre Aspekte verstehenMit den Funktionen des Tiefen Selbst arbeitenMit den Funktionen des \u00fcberlebenden Selbst arbeitenMit Ego-Funktionen arbeitenMit den Funktionen des H\u00f6heren Selbst arbeitenDie Wahrheit des Sch\u00f6pfers von der Ego-Stimme und anderen Quellen...\" \/>\n<meta property=\"og:url\" content=\"https:\/\/fromthesoul.art\/you-and-the-creator\/\" \/>\n<meta property=\"og:site_name\" content=\"Olena Bouman\" \/>\n<meta property=\"article:modified_time\" content=\"2022-06-27T21:49:11+00:00\" \/>\n<meta name=\"twitter:card\" content=\"summary_large_image\" \/>\n<meta name=\"twitter:label1\" content=\"Gesch\u00e4tzte Lesezeit\" \/>\n\t<meta name=\"twitter:data1\" content=\"1\u00a0Minute\" \/>\n<script type=\"application\/ld+json\" class=\"yoast-schema-graph\">{\"@context\":\"https:\\\/\\\/schema.org\",\"@graph\":[{\"@type\":\"WebPage\",\"@id\":\"https:\\\/\\\/fromthesoul.art\\\/you-and-the-creator\\\/\",\"url\":\"https:\\\/\\\/fromthesoul.art\\\/you-and-the-creator\\\/\",\"name\":\"Du und der Sch\u00f6pfer - Olena Bouman\",\"isPartOf\":{\"@id\":\"https:\\\/\\\/fromthesoul.art\\\/#website\"},\"datePublished\":\"2022-01-20T09:02:39+00:00\",\"dateModified\":\"2022-06-27T21:49:11+00:00\",\"breadcrumb\":{\"@id\":\"https:\\\/\\\/fromthesoul.art\\\/you-and-the-creator\\\/#breadcrumb\"},\"inLanguage\":\"de\",\"potentialAction\":[{\"@type\":\"ReadAction\",\"target\":[\"https:\\\/\\\/fromthesoul.art\\\/you-and-the-creator\\\/\"]}]},{\"@type\":\"BreadcrumbList\",\"@id\":\"https:\\\/\\\/fromthesoul.art\\\/you-and-the-creator\\\/#breadcrumb\",\"itemListElement\":[{\"@type\":\"ListItem\",\"position\":1,\"name\":\"\u0413\u043b\u0430\u0432\u043d\u0430\u044f \u0441\u0442\u0440\u0430\u043d\u0438\u0446\u0430\",\"item\":\"https:\\\/\\\/fromthesoul.art\\\/de\\\/\"},{\"@type\":\"ListItem\",\"position\":2,\"name\":\"Du und der Sch\u00f6pfer\"}]},{\"@type\":\"WebSite\",\"@id\":\"https:\\\/\\\/fromthesoul.art\\\/#website\",\"url\":\"https:\\\/\\\/fromthesoul.art\\\/\",\"name\":\"Olena Bouman\",\"description\":\"From the Soul\",\"potentialAction\":[{\"@type\":\"SearchAction\",\"target\":{\"@type\":\"EntryPoint\",\"urlTemplate\":\"https:\\\/\\\/fromthesoul.art\\\/?s={search_term_string}\"},\"query-input\":{\"@type\":\"PropertyValueSpecification\",\"valueRequired\":true,\"valueName\":\"search_term_string\"}}],\"inLanguage\":\"de\"}]}<\/script>\n<!-- \/ Yoast SEO plugin. -->","yoast_head_json":{"title":"Du und der Sch\u00f6pfer - Olena Bouman","robots":{"index":"index","follow":"follow","max-snippet":"max-snippet:-1","max-image-preview":"max-image-preview:large","max-video-preview":"max-video-preview:-1"},"canonical":"https:\/\/fromthesoul.art\/you-and-the-creator\/","og_locale":"de_DE","og_type":"article","og_title":"Du und der Sch\u00f6pfer - Olena Bouman","og_description":"Du und der Sch\u00f6pfer Struktur der Grundebene von Glaubenss\u00e4tzen verstehenStruktur der genetischen Ebene von Glaubenss\u00e4tzen verstehenStruktur der historischen Ebene von Glaubenss\u00e4tzen verstehenSeelenstruktur und ihre Aspekte verstehenMit den Funktionen des Tiefen Selbst arbeitenMit den Funktionen des \u00fcberlebenden Selbst arbeitenMit Ego-Funktionen arbeitenMit den Funktionen des H\u00f6heren Selbst arbeitenDie Wahrheit des Sch\u00f6pfers von der Ego-Stimme und anderen Quellen...","og_url":"https:\/\/fromthesoul.art\/you-and-the-creator\/","og_site_name":"Olena Bouman","article_modified_time":"2022-06-27T21:49:11+00:00","twitter_card":"summary_large_image","twitter_misc":{"Gesch\u00e4tzte Lesezeit":"1\u00a0Minute"},"schema":{"@context":"https:\/\/schema.org","@graph":[{"@type":"WebPage","@id":"https:\/\/fromthesoul.art\/you-and-the-creator\/","url":"https:\/\/fromthesoul.art\/you-and-the-creator\/","name":"Du und der Sch\u00f6pfer - Olena Bouman","isPartOf":{"@id":"https:\/\/fromthesoul.art\/#website"},"datePublished":"2022-01-20T09:02:39+00:00","dateModified":"2022-06-27T21:49:11+00:00","breadcrumb":{"@id":"https:\/\/fromthesoul.art\/you-and-the-creator\/#breadcrumb"},"inLanguage":"de","potentialAction":[{"@type":"ReadAction","target":["https:\/\/fromthesoul.art\/you-and-the-creator\/"]}]},{"@type":"BreadcrumbList","@id":"https:\/\/fromthesoul.art\/you-and-the-creator\/#breadcrumb","itemListElement":[{"@type":"ListItem","position":1,"name":"\u0413\u043b\u0430\u0432\u043d\u0430\u044f \u0441\u0442\u0440\u0430\u043d\u0438\u0446\u0430","item":"https:\/\/fromthesoul.art\/de\/"},{"@type":"ListItem","position":2,"name":"Du und der Sch\u00f6pfer"}]},{"@type":"WebSite","@id":"https:\/\/fromthesoul.art\/#website","url":"https:\/\/fromthesoul.art\/","name":"Olena Bouman","description":"From the Soul","potentialAction":[{"@type":"SearchAction","target":{"@type":"EntryPoint","urlTemplate":"https:\/\/fromthesoul.art\/?s={search_term_string}"},"query-input":{"@type":"PropertyValueSpecification","valueRequired":true,"valueName":"search_term_string"}}],"inLanguage":"de"}]}},"_links":{"self":[{"href":"https:\/\/fromthesoul.art\/de\/wp-json\/wp\/v2\/pages\/1169","targetHints":{"allow":["GET"]}}],"collection":[{"href":"https:\/\/fromthesoul.art\/de\/wp-json\/wp\/v2\/pages"}],"about":[{"href":"https:\/\/fromthesoul.art\/de\/wp-json\/wp\/v2\/types\/page"}],"author":[{"embeddable":true,"href":"https:\/\/fromthesoul.art\/de\/wp-json\/wp\/v2\/users\/1"}],"replies":[{"embeddable":true,"href":"https:\/\/fromthesoul.art\/de\/wp-json\/wp\/v2\/comments?post=1169"}],"version-history":[{"count":4,"href":"https:\/\/fromthesoul.art\/de\/wp-json\/wp\/v2\/pages\/1169\/revisions"}],"predecessor-version":[{"id":1347,"href":"https:\/\/fromthesoul.art\/de\/wp-json\/wp\/v2\/pages\/1169\/revisions\/1347"}],"wp:attachment":[{"href":"https:\/\/fromthesoul.art\/de\/wp-json\/wp\/v2\/media?parent=1169"}],"curies":[{"name":"wp","href":"https:\/\/api.w.org\/{rel}","templated":true}]}}