{"id":1167,"date":"2022-01-20T09:12:44","date_gmt":"2022-01-20T09:12:44","guid":{"rendered":"https:\/\/fromthesoul.art\/%d1%82%d1%8b-%d0%b8-%d0%bf%d0%b0%d1%80%d1%82%d0%bd%d0%b5%d1%80\/"},"modified":"2022-06-27T21:49:02","modified_gmt":"2022-06-27T21:49:02","slug":"soul-mate","status":"publish","type":"page","link":"https:\/\/fromthesoul.art\/de\/soul-mate\/","title":{"rendered":"Du und dein Partner"},"content":{"rendered":"\r\n<section class=\"pos-r   \"  id=\"shortcode-8906eead7564be621ddea3d36a3f3e61\" >\r\n\t\t<div class=\"fw-container\">\r\n\t\t<div class=\"fw-row\">\r\n\t\t\t<div id=\"shortcode-e14d75da3908fba9efaef4447a5c5d22\" class=\"fw-col-xs-12 fw-col-sm-12 fw-col-md-12 text-left \" >\r\n\t<img decoding=\"async\" data-src=\"\/\/fromthesoul.art\/wp-content\/uploads\/2022\/01\/certificate_krammer-olena05.jpg\" alt=\"\/\/fromthesoul.art\/wp-content\/uploads\/2022\/01\/certificate_krammer-olena05.jpg\" class=\"lazyload\" data-wow-delay=\"\" src=\"data:image\/svg+xml;base64,PHN2ZyB3aWR0aD0iMSIgaGVpZ2h0PSIxIiB4bWxucz0iaHR0cDovL3d3dy53My5vcmcvMjAwMC9zdmciPjwvc3ZnPg==\" style=\"--smush-placeholder-width: 1920px; --smush-placeholder-aspect-ratio: 1920\/1484;\" \/>\r\n\r\n<div class=\"spacer \" id=\"shortcode-3aa4254a8328b964b7972b5487308136\"><\/div><div class=\"SpecialHeading fw-heading  text-left mt-20 mb-60  \" id=\"shortcode-18c416f0a6ac7bd422a8644cc6489a96\" >\r\n\t\t\t\t\t<h2 class=\"special-title special-heading-letter\">Du und dein Partner <\/h2>\t<\/div>\r\n\r\n<div class=\"TextBlock  \" id=\"shortcode-9deef705838f6fe5400e1eb48f3a1a6f\" >\r\n\t<ul><li>Regeln f\u00fcr den Aufbau und die Aufrechterhaltung einer wirklich liebevollen Beziehung in einem Paar<\/li><li>Einem Partner vertrauen - wie man die Angst loswird, eine andere Person zu sehr zu lieben<\/li><li>Wie man einen Kampf um die Vorherrschaft vermeidet<\/li><li>M\u00e4nnliche und weibliche Rollen in einem Paar \u2013 wie man das Gleichgewicht h\u00e4lt<\/li><li>Einfluss von Geld auf Beziehungen in einem Paar<\/li><li>Wie man Beziehungen zu Eltern und Verwandten eines Partners aufbaut<\/li><li>Gemeinsame Kinder und Kinder aus vergangenen Beziehungen<\/li><li>Wie Sie f\u00fcr Ihren Partner sexuell attraktiv bleiben<\/li><li>Wie man \u201efalsche\u201c Rollen in einem Paar vermeidet (wie man nicht \u201eMutter\u201c oder \u201eVater\u201c f\u00fcr seinen Partner wird)<\/li><li>Schaffung eines Energiefeldes von Beziehungen<\/li><li>Wie sich die Krankheit auf die Beziehung eines Paares auswirkt<\/li><li>\u00dcbung zu Vergebung<\/li><li>Magische Meditation \u201eLiebesfeld\u201c<\/li><li>Umgang mit Glaubenss\u00e4tzen, die Intimit\u00e4t, Nahverh\u00e4ltnis und Vertrauen in ein Paar blockieren<\/li><li>Einfluss von Suchterkrankungen (Alkohol, Drogen) auf die Beziehung eines Paares<\/li><li>Wie man lernt, Lebensprobleme gemeinsam zu l\u00f6sen<\/li><li>Wie man einander versteht, die Liebe in einem Paar erh\u00e4lt und entwickelt<\/li><li>Wie man an Problemen als Team arbeitet<\/li><li>Was ist n\u00fctzlich, um Zuhause zu \u201eladen\u201c<\/li><li>Wie erh\u00e4lt man 7-Plan-Schutz<\/li><li>Wahre Verpflichtungen - was sind sie?<\/li><li>Wie man wahre Freundschaft und Verst\u00e4ndnis in einer Beziehung mit einem Partner erreicht.<\/li><\/ul><\/div><\/div>\r\n\t\t<\/div>\r\n\t<\/div>\r\n\t<\/section>\r\n\n","protected":false},"excerpt":{"rendered":"<p>Du und dein Partner Regeln f\u00fcr den Aufbau und die Aufrechterhaltung einer wirklich liebevollen Beziehung in einem PaarEinem Partner vertrauen &#8211; wie man die Angst loswird, eine andere Person zu sehr zu liebenWie man einen Kampf um die Vorherrschaft vermeidetM\u00e4nnliche und weibliche Rollen in einem Paar \u2013 wie man das Gleichgewicht h\u00e4ltEinfluss von Geld auf&#8230;<\/p>\n","protected":false},"author":1,"featured_media":0,"parent":0,"menu_order":0,"comment_status":"closed","ping_status":"closed","template":"","meta":{"footnotes":""},"class_list":["post-1167","page","type-page","status-publish","hentry"],"yoast_head":"<!-- This site is optimized with the Yoast SEO plugin v27.3 - https:\/\/yoast.com\/product\/yoast-seo-wordpress\/ -->\n<title>Du und dein Partner - Olena Bouman<\/title>\n<meta name=\"robots\" content=\"index, follow, max-snippet:-1, max-image-preview:large, max-video-preview:-1\" \/>\n<link rel=\"canonical\" href=\"https:\/\/fromthesoul.art\/soul-mate\/\" \/>\n<meta property=\"og:locale\" content=\"de_DE\" \/>\n<meta property=\"og:type\" content=\"article\" \/>\n<meta property=\"og:title\" content=\"Du und dein Partner - Olena Bouman\" \/>\n<meta property=\"og:description\" content=\"Du und dein Partner Regeln f\u00fcr den Aufbau und die Aufrechterhaltung einer wirklich liebevollen Beziehung in einem PaarEinem Partner vertrauen - wie man die Angst loswird, eine andere Person zu sehr zu liebenWie man einen Kampf um die Vorherrschaft vermeidetM\u00e4nnliche und weibliche Rollen in einem Paar \u2013 wie man das Gleichgewicht h\u00e4ltEinfluss von Geld auf...\" \/>\n<meta property=\"og:url\" content=\"https:\/\/fromthesoul.art\/soul-mate\/\" \/>\n<meta property=\"og:site_name\" content=\"Olena Bouman\" \/>\n<meta property=\"article:modified_time\" content=\"2022-06-27T21:49:02+00:00\" \/>\n<meta name=\"twitter:card\" content=\"summary_large_image\" \/>\n<meta name=\"twitter:label1\" content=\"Gesch\u00e4tzte Lesezeit\" \/>\n\t<meta name=\"twitter:data1\" content=\"1\u00a0Minute\" \/>\n<script type=\"application\/ld+json\" class=\"yoast-schema-graph\">{\"@context\":\"https:\\\/\\\/schema.org\",\"@graph\":[{\"@type\":\"WebPage\",\"@id\":\"https:\\\/\\\/fromthesoul.art\\\/soul-mate\\\/\",\"url\":\"https:\\\/\\\/fromthesoul.art\\\/soul-mate\\\/\",\"name\":\"Du und dein Partner - Olena Bouman\",\"isPartOf\":{\"@id\":\"https:\\\/\\\/fromthesoul.art\\\/#website\"},\"datePublished\":\"2022-01-20T09:12:44+00:00\",\"dateModified\":\"2022-06-27T21:49:02+00:00\",\"breadcrumb\":{\"@id\":\"https:\\\/\\\/fromthesoul.art\\\/soul-mate\\\/#breadcrumb\"},\"inLanguage\":\"de\",\"potentialAction\":[{\"@type\":\"ReadAction\",\"target\":[\"https:\\\/\\\/fromthesoul.art\\\/soul-mate\\\/\"]}]},{\"@type\":\"BreadcrumbList\",\"@id\":\"https:\\\/\\\/fromthesoul.art\\\/soul-mate\\\/#breadcrumb\",\"itemListElement\":[{\"@type\":\"ListItem\",\"position\":1,\"name\":\"\u0413\u043b\u0430\u0432\u043d\u0430\u044f \u0441\u0442\u0440\u0430\u043d\u0438\u0446\u0430\",\"item\":\"https:\\\/\\\/fromthesoul.art\\\/de\\\/\"},{\"@type\":\"ListItem\",\"position\":2,\"name\":\"Du und dein Partner\"}]},{\"@type\":\"WebSite\",\"@id\":\"https:\\\/\\\/fromthesoul.art\\\/#website\",\"url\":\"https:\\\/\\\/fromthesoul.art\\\/\",\"name\":\"Olena Bouman\",\"description\":\"From the Soul\",\"potentialAction\":[{\"@type\":\"SearchAction\",\"target\":{\"@type\":\"EntryPoint\",\"urlTemplate\":\"https:\\\/\\\/fromthesoul.art\\\/?s={search_term_string}\"},\"query-input\":{\"@type\":\"PropertyValueSpecification\",\"valueRequired\":true,\"valueName\":\"search_term_string\"}}],\"inLanguage\":\"de\"}]}<\/script>\n<!-- \/ Yoast SEO plugin. -->","yoast_head_json":{"title":"Du und dein Partner - Olena Bouman","robots":{"index":"index","follow":"follow","max-snippet":"max-snippet:-1","max-image-preview":"max-image-preview:large","max-video-preview":"max-video-preview:-1"},"canonical":"https:\/\/fromthesoul.art\/soul-mate\/","og_locale":"de_DE","og_type":"article","og_title":"Du und dein Partner - Olena Bouman","og_description":"Du und dein Partner Regeln f\u00fcr den Aufbau und die Aufrechterhaltung einer wirklich liebevollen Beziehung in einem PaarEinem Partner vertrauen - wie man die Angst loswird, eine andere Person zu sehr zu liebenWie man einen Kampf um die Vorherrschaft vermeidetM\u00e4nnliche und weibliche Rollen in einem Paar \u2013 wie man das Gleichgewicht h\u00e4ltEinfluss von Geld auf...","og_url":"https:\/\/fromthesoul.art\/soul-mate\/","og_site_name":"Olena Bouman","article_modified_time":"2022-06-27T21:49:02+00:00","twitter_card":"summary_large_image","twitter_misc":{"Gesch\u00e4tzte Lesezeit":"1\u00a0Minute"},"schema":{"@context":"https:\/\/schema.org","@graph":[{"@type":"WebPage","@id":"https:\/\/fromthesoul.art\/soul-mate\/","url":"https:\/\/fromthesoul.art\/soul-mate\/","name":"Du und dein Partner - Olena Bouman","isPartOf":{"@id":"https:\/\/fromthesoul.art\/#website"},"datePublished":"2022-01-20T09:12:44+00:00","dateModified":"2022-06-27T21:49:02+00:00","breadcrumb":{"@id":"https:\/\/fromthesoul.art\/soul-mate\/#breadcrumb"},"inLanguage":"de","potentialAction":[{"@type":"ReadAction","target":["https:\/\/fromthesoul.art\/soul-mate\/"]}]},{"@type":"BreadcrumbList","@id":"https:\/\/fromthesoul.art\/soul-mate\/#breadcrumb","itemListElement":[{"@type":"ListItem","position":1,"name":"\u0413\u043b\u0430\u0432\u043d\u0430\u044f \u0441\u0442\u0440\u0430\u043d\u0438\u0446\u0430","item":"https:\/\/fromthesoul.art\/de\/"},{"@type":"ListItem","position":2,"name":"Du und dein Partner"}]},{"@type":"WebSite","@id":"https:\/\/fromthesoul.art\/#website","url":"https:\/\/fromthesoul.art\/","name":"Olena Bouman","description":"From the Soul","potentialAction":[{"@type":"SearchAction","target":{"@type":"EntryPoint","urlTemplate":"https:\/\/fromthesoul.art\/?s={search_term_string}"},"query-input":{"@type":"PropertyValueSpecification","valueRequired":true,"valueName":"search_term_string"}}],"inLanguage":"de"}]}},"_links":{"self":[{"href":"https:\/\/fromthesoul.art\/de\/wp-json\/wp\/v2\/pages\/1167","targetHints":{"allow":["GET"]}}],"collection":[{"href":"https:\/\/fromthesoul.art\/de\/wp-json\/wp\/v2\/pages"}],"about":[{"href":"https:\/\/fromthesoul.art\/de\/wp-json\/wp\/v2\/types\/page"}],"author":[{"embeddable":true,"href":"https:\/\/fromthesoul.art\/de\/wp-json\/wp\/v2\/users\/1"}],"replies":[{"embeddable":true,"href":"https:\/\/fromthesoul.art\/de\/wp-json\/wp\/v2\/comments?post=1167"}],"version-history":[{"count":4,"href":"https:\/\/fromthesoul.art\/de\/wp-json\/wp\/v2\/pages\/1167\/revisions"}],"predecessor-version":[{"id":1343,"href":"https:\/\/fromthesoul.art\/de\/wp-json\/wp\/v2\/pages\/1167\/revisions\/1343"}],"wp:attachment":[{"href":"https:\/\/fromthesoul.art\/de\/wp-json\/wp\/v2\/media?parent=1167"}],"curies":[{"name":"wp","href":"https:\/\/api.w.org\/{rel}","templated":true}]}}