{"id":1164,"date":"2022-01-20T08:45:06","date_gmt":"2022-01-20T08:45:06","guid":{"rendered":"https:\/\/fromthesoul.art\/%d1%80%d0%b8%d1%82%d0%bc-%d1%82%d0%b5%d0%bb%d0%b0\/"},"modified":"2022-06-27T21:49:23","modified_gmt":"2022-06-27T21:49:23","slug":"rhythm-to-a-perfect-weight","status":"publish","type":"page","link":"https:\/\/fromthesoul.art\/de\/rhythm-to-a-perfect-weight\/","title":{"rendered":"K\u00f6rperrhythmus"},"content":{"rendered":"\r\n<section class=\"pos-r   \"  id=\"shortcode-8906eead7564be621ddea3d36a3f3e61\" >\r\n\t\t<div class=\"fw-container\">\r\n\t\t<div class=\"fw-row\">\r\n\t\t\t<div id=\"shortcode-e14d75da3908fba9efaef4447a5c5d22\" class=\"fw-col-xs-12 fw-col-sm-12 fw-col-md-12 text-left \" >\r\n\t<img decoding=\"async\" data-src=\"\/\/fromthesoul.art\/wp-content\/uploads\/2022\/01\/certificate_krammer-olena10.jpg\" alt=\"\/\/fromthesoul.art\/wp-content\/uploads\/2022\/01\/certificate_krammer-olena10.jpg\" class=\"lazyload\" data-wow-delay=\"\" src=\"data:image\/svg+xml;base64,PHN2ZyB3aWR0aD0iMSIgaGVpZ2h0PSIxIiB4bWxucz0iaHR0cDovL3d3dy53My5vcmcvMjAwMC9zdmciPjwvc3ZnPg==\" style=\"--smush-placeholder-width: 1920px; --smush-placeholder-aspect-ratio: 1920\/1484;\" \/>\r\n\r\n<div class=\"spacer \" id=\"shortcode-3aa4254a8328b964b7972b5487308136\"><\/div><div class=\"SpecialHeading fw-heading  text-left mt-20 mb-60  \" id=\"shortcode-18c416f0a6ac7bd422a8644cc6489a96\" >\r\n\t\t\t\t\t<h2 class=\"special-title special-heading-letter\">K\u00f6rperrhythmus<\/h2>\t<\/div>\r\n\r\n<div class=\"TextBlock  \" id=\"shortcode-9deef705838f6fe5400e1eb48f3a1a6f\" >\r\n\t<p>Dieses Seminar ist mehr als nur ein Abnehmseminar. Es geht darum, deine innere Sch\u00f6nheit und Selbstliebe zu entdecken. Es geht darum, wie man auf allen Ebenen ins Gleichgewicht kommt \u2013 auf der Ebene von K\u00f6rper, Geist und Seele. Es geht darum, wie man sich im eigenen K\u00f6rper wohlf\u00fchlt und wie man durch Selbstannahme und Selbstliebe zu innerer Harmonie und Gl\u00fcck kommt und mit g\u00f6ttlicher Kraft seine Ziele erreicht.<\/p><p>Dar\u00fcber hinaus werden Sie sich von Glaubenss\u00e4tzen zur Gewichtszunahme befreien und Ihr Gehirn und Ihren K\u00f6rper trainieren, um gesund und schlank zu bleiben.<\/p><p>Zusammenfassung des Kurses:<\/p><ul><li>Gr\u00fcnde f\u00fcr die Gewichtszunahme und warum es so schwierig ist, es zu verlieren.<\/li><li>Grund f\u00fcr \u00fcberm\u00e4\u00dfiges Essen und wie man damit umgeht.<\/li><li>Ausarbeitung unwirksamer Glaubenss\u00e4tze, wodurch \u00dcbergewicht erhalten bleibt.<\/li><li>Manifestation und Erschlie\u00dfung Ihrer inneren und \u00e4u\u00dferen Sch\u00f6nheit.<\/li><li>Neues Wissen und neue Gef\u00fchle, um Ihren K\u00f6rper stark, gesund und sch\u00f6n zu machen.<\/li><li>Die 8-Minuten-Regel und wie man einen starken und sch\u00f6nen K\u00f6rper mit 5 einfachen Schritten schafft.<\/li><li>Hilfreiche Nahrungserg\u00e4nzungsmittel, die Ihnen helfen, Ihr Gleichgewicht zu halten und schlanker zu werden.<\/li><\/ul><\/div><\/div>\r\n\t\t<\/div>\r\n\t<\/div>\r\n\t<\/section>\r\n\n","protected":false},"excerpt":{"rendered":"<p>K\u00f6rperrhythmus Dieses Seminar ist mehr als nur ein Abnehmseminar. Es geht darum, deine innere Sch\u00f6nheit und Selbstliebe zu entdecken. Es geht darum, wie man auf allen Ebenen ins Gleichgewicht kommt \u2013 auf der Ebene von K\u00f6rper, Geist und Seele. Es geht darum, wie man sich im eigenen K\u00f6rper wohlf\u00fchlt und wie man durch Selbstannahme und&#8230;<\/p>\n","protected":false},"author":1,"featured_media":0,"parent":0,"menu_order":0,"comment_status":"closed","ping_status":"closed","template":"","meta":{"footnotes":""},"class_list":["post-1164","page","type-page","status-publish","hentry"],"yoast_head":"<!-- This site is optimized with the Yoast SEO plugin v27.3 - https:\/\/yoast.com\/product\/yoast-seo-wordpress\/ -->\n<title>K\u00f6rperrhythmus - Olena Bouman<\/title>\n<meta name=\"robots\" content=\"index, follow, max-snippet:-1, max-image-preview:large, max-video-preview:-1\" \/>\n<link rel=\"canonical\" href=\"https:\/\/fromthesoul.art\/rhythm-to-a-perfect-weight\/\" \/>\n<meta property=\"og:locale\" content=\"de_DE\" \/>\n<meta property=\"og:type\" content=\"article\" \/>\n<meta property=\"og:title\" content=\"K\u00f6rperrhythmus - Olena Bouman\" \/>\n<meta property=\"og:description\" content=\"K\u00f6rperrhythmus Dieses Seminar ist mehr als nur ein Abnehmseminar. Es geht darum, deine innere Sch\u00f6nheit und Selbstliebe zu entdecken. Es geht darum, wie man auf allen Ebenen ins Gleichgewicht kommt \u2013 auf der Ebene von K\u00f6rper, Geist und Seele. Es geht darum, wie man sich im eigenen K\u00f6rper wohlf\u00fchlt und wie man durch Selbstannahme und...\" \/>\n<meta property=\"og:url\" content=\"https:\/\/fromthesoul.art\/rhythm-to-a-perfect-weight\/\" \/>\n<meta property=\"og:site_name\" content=\"Olena Bouman\" \/>\n<meta property=\"article:modified_time\" content=\"2022-06-27T21:49:23+00:00\" \/>\n<meta name=\"twitter:card\" content=\"summary_large_image\" \/>\n<meta name=\"twitter:label1\" content=\"Gesch\u00e4tzte Lesezeit\" \/>\n\t<meta name=\"twitter:data1\" content=\"1\u00a0Minute\" \/>\n<script type=\"application\/ld+json\" class=\"yoast-schema-graph\">{\"@context\":\"https:\\\/\\\/schema.org\",\"@graph\":[{\"@type\":\"WebPage\",\"@id\":\"https:\\\/\\\/fromthesoul.art\\\/rhythm-to-a-perfect-weight\\\/\",\"url\":\"https:\\\/\\\/fromthesoul.art\\\/rhythm-to-a-perfect-weight\\\/\",\"name\":\"K\u00f6rperrhythmus - Olena Bouman\",\"isPartOf\":{\"@id\":\"https:\\\/\\\/fromthesoul.art\\\/#website\"},\"datePublished\":\"2022-01-20T08:45:06+00:00\",\"dateModified\":\"2022-06-27T21:49:23+00:00\",\"breadcrumb\":{\"@id\":\"https:\\\/\\\/fromthesoul.art\\\/rhythm-to-a-perfect-weight\\\/#breadcrumb\"},\"inLanguage\":\"de\",\"potentialAction\":[{\"@type\":\"ReadAction\",\"target\":[\"https:\\\/\\\/fromthesoul.art\\\/rhythm-to-a-perfect-weight\\\/\"]}]},{\"@type\":\"BreadcrumbList\",\"@id\":\"https:\\\/\\\/fromthesoul.art\\\/rhythm-to-a-perfect-weight\\\/#breadcrumb\",\"itemListElement\":[{\"@type\":\"ListItem\",\"position\":1,\"name\":\"\u0413\u043b\u0430\u0432\u043d\u0430\u044f \u0441\u0442\u0440\u0430\u043d\u0438\u0446\u0430\",\"item\":\"https:\\\/\\\/fromthesoul.art\\\/de\\\/\"},{\"@type\":\"ListItem\",\"position\":2,\"name\":\"K\u00f6rperrhythmus\"}]},{\"@type\":\"WebSite\",\"@id\":\"https:\\\/\\\/fromthesoul.art\\\/#website\",\"url\":\"https:\\\/\\\/fromthesoul.art\\\/\",\"name\":\"Olena Bouman\",\"description\":\"From the Soul\",\"potentialAction\":[{\"@type\":\"SearchAction\",\"target\":{\"@type\":\"EntryPoint\",\"urlTemplate\":\"https:\\\/\\\/fromthesoul.art\\\/?s={search_term_string}\"},\"query-input\":{\"@type\":\"PropertyValueSpecification\",\"valueRequired\":true,\"valueName\":\"search_term_string\"}}],\"inLanguage\":\"de\"}]}<\/script>\n<!-- \/ Yoast SEO plugin. -->","yoast_head_json":{"title":"K\u00f6rperrhythmus - Olena Bouman","robots":{"index":"index","follow":"follow","max-snippet":"max-snippet:-1","max-image-preview":"max-image-preview:large","max-video-preview":"max-video-preview:-1"},"canonical":"https:\/\/fromthesoul.art\/rhythm-to-a-perfect-weight\/","og_locale":"de_DE","og_type":"article","og_title":"K\u00f6rperrhythmus - Olena Bouman","og_description":"K\u00f6rperrhythmus Dieses Seminar ist mehr als nur ein Abnehmseminar. Es geht darum, deine innere Sch\u00f6nheit und Selbstliebe zu entdecken. Es geht darum, wie man auf allen Ebenen ins Gleichgewicht kommt \u2013 auf der Ebene von K\u00f6rper, Geist und Seele. Es geht darum, wie man sich im eigenen K\u00f6rper wohlf\u00fchlt und wie man durch Selbstannahme und...","og_url":"https:\/\/fromthesoul.art\/rhythm-to-a-perfect-weight\/","og_site_name":"Olena Bouman","article_modified_time":"2022-06-27T21:49:23+00:00","twitter_card":"summary_large_image","twitter_misc":{"Gesch\u00e4tzte Lesezeit":"1\u00a0Minute"},"schema":{"@context":"https:\/\/schema.org","@graph":[{"@type":"WebPage","@id":"https:\/\/fromthesoul.art\/rhythm-to-a-perfect-weight\/","url":"https:\/\/fromthesoul.art\/rhythm-to-a-perfect-weight\/","name":"K\u00f6rperrhythmus - Olena Bouman","isPartOf":{"@id":"https:\/\/fromthesoul.art\/#website"},"datePublished":"2022-01-20T08:45:06+00:00","dateModified":"2022-06-27T21:49:23+00:00","breadcrumb":{"@id":"https:\/\/fromthesoul.art\/rhythm-to-a-perfect-weight\/#breadcrumb"},"inLanguage":"de","potentialAction":[{"@type":"ReadAction","target":["https:\/\/fromthesoul.art\/rhythm-to-a-perfect-weight\/"]}]},{"@type":"BreadcrumbList","@id":"https:\/\/fromthesoul.art\/rhythm-to-a-perfect-weight\/#breadcrumb","itemListElement":[{"@type":"ListItem","position":1,"name":"\u0413\u043b\u0430\u0432\u043d\u0430\u044f \u0441\u0442\u0440\u0430\u043d\u0438\u0446\u0430","item":"https:\/\/fromthesoul.art\/de\/"},{"@type":"ListItem","position":2,"name":"K\u00f6rperrhythmus"}]},{"@type":"WebSite","@id":"https:\/\/fromthesoul.art\/#website","url":"https:\/\/fromthesoul.art\/","name":"Olena Bouman","description":"From the Soul","potentialAction":[{"@type":"SearchAction","target":{"@type":"EntryPoint","urlTemplate":"https:\/\/fromthesoul.art\/?s={search_term_string}"},"query-input":{"@type":"PropertyValueSpecification","valueRequired":true,"valueName":"search_term_string"}}],"inLanguage":"de"}]}},"_links":{"self":[{"href":"https:\/\/fromthesoul.art\/de\/wp-json\/wp\/v2\/pages\/1164","targetHints":{"allow":["GET"]}}],"collection":[{"href":"https:\/\/fromthesoul.art\/de\/wp-json\/wp\/v2\/pages"}],"about":[{"href":"https:\/\/fromthesoul.art\/de\/wp-json\/wp\/v2\/types\/page"}],"author":[{"embeddable":true,"href":"https:\/\/fromthesoul.art\/de\/wp-json\/wp\/v2\/users\/1"}],"replies":[{"embeddable":true,"href":"https:\/\/fromthesoul.art\/de\/wp-json\/wp\/v2\/comments?post=1164"}],"version-history":[{"count":4,"href":"https:\/\/fromthesoul.art\/de\/wp-json\/wp\/v2\/pages\/1164\/revisions"}],"predecessor-version":[{"id":1353,"href":"https:\/\/fromthesoul.art\/de\/wp-json\/wp\/v2\/pages\/1164\/revisions\/1353"}],"wp:attachment":[{"href":"https:\/\/fromthesoul.art\/de\/wp-json\/wp\/v2\/media?parent=1164"}],"curies":[{"name":"wp","href":"https:\/\/api.w.org\/{rel}","templated":true}]}}