{"id":1163,"date":"2022-01-20T09:02:27","date_gmt":"2022-01-20T09:02:27","guid":{"rendered":"https:\/\/fromthesoul.art\/%d0%bf%d1%80%d0%be%d0%b4%d0%b2%d0%b8%d0%bd%d1%83%d1%82%d1%8b%d0%b9-%d0%b4%d0%bd%d0%ba\/"},"modified":"2022-06-27T21:48:48","modified_gmt":"2022-06-27T21:48:48","slug":"advanced-dna","status":"publish","type":"page","link":"https:\/\/fromthesoul.art\/de\/advanced-dna\/","title":{"rendered":"Fortgeschrittene DNA"},"content":{"rendered":"\r\n<section class=\"pos-r   \"  id=\"shortcode-8906eead7564be621ddea3d36a3f3e61\" >\r\n\t\t<div class=\"fw-container\">\r\n\t\t<div class=\"fw-row\">\r\n\t\t\t<div id=\"shortcode-e14d75da3908fba9efaef4447a5c5d22\" class=\"fw-col-xs-12 fw-col-sm-12 fw-col-md-12 text-left \" >\r\n\t<img decoding=\"async\" data-src=\"\/\/fromthesoul.art\/wp-content\/uploads\/2022\/01\/certificate_krammer-olena02.jpg\" alt=\"\/\/fromthesoul.art\/wp-content\/uploads\/2022\/01\/certificate_krammer-olena02.jpg\" class=\"lazyload\" data-wow-delay=\"\" src=\"data:image\/svg+xml;base64,PHN2ZyB3aWR0aD0iMSIgaGVpZ2h0PSIxIiB4bWxucz0iaHR0cDovL3d3dy53My5vcmcvMjAwMC9zdmciPjwvc3ZnPg==\" style=\"--smush-placeholder-width: 1920px; --smush-placeholder-aspect-ratio: 1920\/1484;\" \/>\r\n\r\n<div class=\"spacer \" id=\"shortcode-3aa4254a8328b964b7972b5487308136\"><\/div><div class=\"SpecialHeading fw-heading  text-left mt-20 mb-60  \" id=\"shortcode-18c416f0a6ac7bd422a8644cc6489a96\" >\r\n\t\t\t\t\t<h2 class=\"special-title special-heading-letter\">Fortgeschrittene DNA<\/h2>\t<\/div>\r\n\r\n<div class=\"TextBlock  \" id=\"shortcode-9deef705838f6fe5400e1eb48f3a1a6f\" >\r\n\t<ul><li>Heilung von Geburts- und intrauterinen Trauma bei sich selbst und anderen<\/li><li>Meisterschaft in Digging von Schl\u00fcsselglaubenss\u00e4tzen<\/li><li>Beherrschung des intuitiven Sehens und Lesens von Informationen<\/li><li>Zeitdehnung und -Stauchung<\/li><li>Reinigung des Herzens und des ganzen K\u00f6rpers von Schmerz, Trauer und Hass, die sich \u00fcber Generationen angesammelt haben<\/li><li>Laden von wahren Gef\u00fchlen und F\u00e4higkeiten<\/li><li>Erf\u00fcllung von Schw\u00fcren und Gel\u00fcbden, einschlie\u00dflich historischer und genetischer, die Gl\u00fcck und Gesundheit negativ beeinflussen<\/li><li>Befreiung von unbewusst wahrgenommenen Programmen und unbewussten Erfahrungen<\/li><li>Beherrschung der F\u00e4higkeit, mit dem Sch\u00f6pfer zu kommunizieren<\/li><li>Wie man \u00c4rger, Groll und Bedauern in wertvolle Lektionen umwandelt<\/li><li>Wie man Vertr\u00e4ge erf\u00fcllt, die eine Person auf einem bestimmten Plan halten und die Einheit mit Bedingungsloser Liebe verhindern<\/li><li>Wie man sich mit jeder Existenzebene verbindet, ohne an einschr\u00e4nkende Vertr\u00e4ge gebunden zu sein<\/li><li>Wie man Hilfe und Unterst\u00fctzung vom H\u00f6heren Selbst erh\u00e4lt<\/li><li>Wie man die Unterschiede zwischen den Botschaften verschiedener Existenzebenen erkennt<\/li><li>Wie man Kontakt mit den Vorfahren aufnimmt und die Vergangenheit heilt<\/li><li>Wie man mit Pflanzen spricht und sie heilt<\/li><li>Wie man sich an die Zukunft erinnert und sie neu erschafft<\/li><li>Wie man die Seele heilt<\/li><li>Wie man zwischen der Wahrheit und irref\u00fchrenden Stimmen unterscheidet<\/li><li>Was f\u00fcr eine sofortige Heilung ben\u00f6tigt wird<\/li><li>Wie man die Hauptursachen der Krankheit findet<\/li><li>Wie man einen Stein in ein Amulett, einen Talisman oder einen Begleiter verwandelt<\/li><li>Wie man sein Zuhause und seine pers\u00f6nlichen Gegenst\u00e4nde von negativen Erinnerungen reinigt und ihnen n\u00fctzliche Eigenschaften beibringt.<\/li><\/ul><\/div><\/div>\r\n\t\t<\/div>\r\n\t<\/div>\r\n\t<\/section>\r\n\n","protected":false},"excerpt":{"rendered":"<p>Fortgeschrittene DNA Heilung von Geburts- und intrauterinen Trauma bei sich selbst und anderenMeisterschaft in Digging von Schl\u00fcsselglaubenss\u00e4tzenBeherrschung des intuitiven Sehens und Lesens von InformationenZeitdehnung und -StauchungReinigung des Herzens und des ganzen K\u00f6rpers von Schmerz, Trauer und Hass, die sich \u00fcber Generationen angesammelt habenLaden von wahren Gef\u00fchlen und F\u00e4higkeitenErf\u00fcllung von Schw\u00fcren und Gel\u00fcbden, einschlie\u00dflich historischer und&#8230;<\/p>\n","protected":false},"author":1,"featured_media":0,"parent":0,"menu_order":0,"comment_status":"closed","ping_status":"closed","template":"","meta":{"footnotes":""},"class_list":["post-1163","page","type-page","status-publish","hentry"],"yoast_head":"<!-- This site is optimized with the Yoast SEO plugin v27.3 - https:\/\/yoast.com\/product\/yoast-seo-wordpress\/ -->\n<title>Fortgeschrittene DNA - Olena Bouman<\/title>\n<meta name=\"robots\" content=\"index, follow, max-snippet:-1, max-image-preview:large, max-video-preview:-1\" \/>\n<link rel=\"canonical\" href=\"https:\/\/fromthesoul.art\/advanced-dna\/\" \/>\n<meta property=\"og:locale\" content=\"de_DE\" \/>\n<meta property=\"og:type\" content=\"article\" \/>\n<meta property=\"og:title\" content=\"Fortgeschrittene DNA - Olena Bouman\" \/>\n<meta property=\"og:description\" content=\"Fortgeschrittene DNA Heilung von Geburts- und intrauterinen Trauma bei sich selbst und anderenMeisterschaft in Digging von Schl\u00fcsselglaubenss\u00e4tzenBeherrschung des intuitiven Sehens und Lesens von InformationenZeitdehnung und -StauchungReinigung des Herzens und des ganzen K\u00f6rpers von Schmerz, Trauer und Hass, die sich \u00fcber Generationen angesammelt habenLaden von wahren Gef\u00fchlen und F\u00e4higkeitenErf\u00fcllung von Schw\u00fcren und Gel\u00fcbden, einschlie\u00dflich historischer und...\" \/>\n<meta property=\"og:url\" content=\"https:\/\/fromthesoul.art\/advanced-dna\/\" \/>\n<meta property=\"og:site_name\" content=\"Olena Bouman\" \/>\n<meta property=\"article:modified_time\" content=\"2022-06-27T21:48:48+00:00\" \/>\n<meta name=\"twitter:card\" content=\"summary_large_image\" \/>\n<meta name=\"twitter:label1\" content=\"Gesch\u00e4tzte Lesezeit\" \/>\n\t<meta name=\"twitter:data1\" content=\"1\u00a0Minute\" \/>\n<script type=\"application\/ld+json\" class=\"yoast-schema-graph\">{\"@context\":\"https:\\\/\\\/schema.org\",\"@graph\":[{\"@type\":\"WebPage\",\"@id\":\"https:\\\/\\\/fromthesoul.art\\\/advanced-dna\\\/\",\"url\":\"https:\\\/\\\/fromthesoul.art\\\/advanced-dna\\\/\",\"name\":\"Fortgeschrittene DNA - Olena Bouman\",\"isPartOf\":{\"@id\":\"https:\\\/\\\/fromthesoul.art\\\/#website\"},\"datePublished\":\"2022-01-20T09:02:27+00:00\",\"dateModified\":\"2022-06-27T21:48:48+00:00\",\"breadcrumb\":{\"@id\":\"https:\\\/\\\/fromthesoul.art\\\/advanced-dna\\\/#breadcrumb\"},\"inLanguage\":\"de\",\"potentialAction\":[{\"@type\":\"ReadAction\",\"target\":[\"https:\\\/\\\/fromthesoul.art\\\/advanced-dna\\\/\"]}]},{\"@type\":\"BreadcrumbList\",\"@id\":\"https:\\\/\\\/fromthesoul.art\\\/advanced-dna\\\/#breadcrumb\",\"itemListElement\":[{\"@type\":\"ListItem\",\"position\":1,\"name\":\"\u0413\u043b\u0430\u0432\u043d\u0430\u044f \u0441\u0442\u0440\u0430\u043d\u0438\u0446\u0430\",\"item\":\"https:\\\/\\\/fromthesoul.art\\\/de\\\/\"},{\"@type\":\"ListItem\",\"position\":2,\"name\":\"Fortgeschrittene DNA\"}]},{\"@type\":\"WebSite\",\"@id\":\"https:\\\/\\\/fromthesoul.art\\\/#website\",\"url\":\"https:\\\/\\\/fromthesoul.art\\\/\",\"name\":\"Olena Bouman\",\"description\":\"From the Soul\",\"potentialAction\":[{\"@type\":\"SearchAction\",\"target\":{\"@type\":\"EntryPoint\",\"urlTemplate\":\"https:\\\/\\\/fromthesoul.art\\\/?s={search_term_string}\"},\"query-input\":{\"@type\":\"PropertyValueSpecification\",\"valueRequired\":true,\"valueName\":\"search_term_string\"}}],\"inLanguage\":\"de\"}]}<\/script>\n<!-- \/ Yoast SEO plugin. -->","yoast_head_json":{"title":"Fortgeschrittene DNA - Olena Bouman","robots":{"index":"index","follow":"follow","max-snippet":"max-snippet:-1","max-image-preview":"max-image-preview:large","max-video-preview":"max-video-preview:-1"},"canonical":"https:\/\/fromthesoul.art\/advanced-dna\/","og_locale":"de_DE","og_type":"article","og_title":"Fortgeschrittene DNA - Olena Bouman","og_description":"Fortgeschrittene DNA Heilung von Geburts- und intrauterinen Trauma bei sich selbst und anderenMeisterschaft in Digging von Schl\u00fcsselglaubenss\u00e4tzenBeherrschung des intuitiven Sehens und Lesens von InformationenZeitdehnung und -StauchungReinigung des Herzens und des ganzen K\u00f6rpers von Schmerz, Trauer und Hass, die sich \u00fcber Generationen angesammelt habenLaden von wahren Gef\u00fchlen und F\u00e4higkeitenErf\u00fcllung von Schw\u00fcren und Gel\u00fcbden, einschlie\u00dflich historischer und...","og_url":"https:\/\/fromthesoul.art\/advanced-dna\/","og_site_name":"Olena Bouman","article_modified_time":"2022-06-27T21:48:48+00:00","twitter_card":"summary_large_image","twitter_misc":{"Gesch\u00e4tzte Lesezeit":"1\u00a0Minute"},"schema":{"@context":"https:\/\/schema.org","@graph":[{"@type":"WebPage","@id":"https:\/\/fromthesoul.art\/advanced-dna\/","url":"https:\/\/fromthesoul.art\/advanced-dna\/","name":"Fortgeschrittene DNA - Olena Bouman","isPartOf":{"@id":"https:\/\/fromthesoul.art\/#website"},"datePublished":"2022-01-20T09:02:27+00:00","dateModified":"2022-06-27T21:48:48+00:00","breadcrumb":{"@id":"https:\/\/fromthesoul.art\/advanced-dna\/#breadcrumb"},"inLanguage":"de","potentialAction":[{"@type":"ReadAction","target":["https:\/\/fromthesoul.art\/advanced-dna\/"]}]},{"@type":"BreadcrumbList","@id":"https:\/\/fromthesoul.art\/advanced-dna\/#breadcrumb","itemListElement":[{"@type":"ListItem","position":1,"name":"\u0413\u043b\u0430\u0432\u043d\u0430\u044f \u0441\u0442\u0440\u0430\u043d\u0438\u0446\u0430","item":"https:\/\/fromthesoul.art\/de\/"},{"@type":"ListItem","position":2,"name":"Fortgeschrittene DNA"}]},{"@type":"WebSite","@id":"https:\/\/fromthesoul.art\/#website","url":"https:\/\/fromthesoul.art\/","name":"Olena Bouman","description":"From the Soul","potentialAction":[{"@type":"SearchAction","target":{"@type":"EntryPoint","urlTemplate":"https:\/\/fromthesoul.art\/?s={search_term_string}"},"query-input":{"@type":"PropertyValueSpecification","valueRequired":true,"valueName":"search_term_string"}}],"inLanguage":"de"}]}},"_links":{"self":[{"href":"https:\/\/fromthesoul.art\/de\/wp-json\/wp\/v2\/pages\/1163","targetHints":{"allow":["GET"]}}],"collection":[{"href":"https:\/\/fromthesoul.art\/de\/wp-json\/wp\/v2\/pages"}],"about":[{"href":"https:\/\/fromthesoul.art\/de\/wp-json\/wp\/v2\/types\/page"}],"author":[{"embeddable":true,"href":"https:\/\/fromthesoul.art\/de\/wp-json\/wp\/v2\/users\/1"}],"replies":[{"embeddable":true,"href":"https:\/\/fromthesoul.art\/de\/wp-json\/wp\/v2\/comments?post=1163"}],"version-history":[{"count":4,"href":"https:\/\/fromthesoul.art\/de\/wp-json\/wp\/v2\/pages\/1163\/revisions"}],"predecessor-version":[{"id":1337,"href":"https:\/\/fromthesoul.art\/de\/wp-json\/wp\/v2\/pages\/1163\/revisions\/1337"}],"wp:attachment":[{"href":"https:\/\/fromthesoul.art\/de\/wp-json\/wp\/v2\/media?parent=1163"}],"curies":[{"name":"wp","href":"https:\/\/api.w.org\/{rel}","templated":true}]}}