{"id":1162,"date":"2022-06-12T09:25:23","date_gmt":"2022-06-12T09:25:23","guid":{"rendered":"https:\/\/fromthesoul.art\/%d0%bf%d1%80%d0%b5%d0%b4%d0%bd%d0%b0%d0%b7%d0%bd%d0%b0%d1%87%d0%b5%d0%bd%d0%b8%d0%b5-%d0%b8-%d1%81%d0%bb%d0%b5%d0%b4%d0%be%d0%b2%d0%b0%d0%bd%d0%b8%d0%b5-%d0%b1%d0%be%d0%b6%d0%b5%d1%81%d1%82%d0%b2\/"},"modified":"2022-06-27T21:19:52","modified_gmt":"2022-06-27T21:19:52","slug":"destiny-and-following-the-divine-timing","status":"publish","type":"page","link":"https:\/\/fromthesoul.art\/de\/destiny-and-following-the-divine-timing\/","title":{"rendered":"Du und die Erde"},"content":{"rendered":"\r\n<section class=\"pos-r   \"  id=\"shortcode-8906eead7564be621ddea3d36a3f3e61\" >\r\n\t\t<div class=\"fw-container\">\r\n\t\t<div class=\"fw-row\">\r\n\t\t\t<div id=\"shortcode-e14d75da3908fba9efaef4447a5c5d22\" class=\"fw-col-xs-12 fw-col-sm-12 fw-col-md-12 text-left \" >\r\n\t<img decoding=\"async\" data-src=\"\/\/fromthesoul.art\/wp-content\/uploads\/2022\/06\/certificate_krammer-olena13-scaled.jpg\" alt=\"\/\/fromthesoul.art\/wp-content\/uploads\/2022\/06\/certificate_krammer-olena13-scaled.jpg\" class=\"lazyload\" data-wow-delay=\"\" src=\"data:image\/svg+xml;base64,PHN2ZyB3aWR0aD0iMSIgaGVpZ2h0PSIxIiB4bWxucz0iaHR0cDovL3d3dy53My5vcmcvMjAwMC9zdmciPjwvc3ZnPg==\" style=\"--smush-placeholder-width: 1812px; --smush-placeholder-aspect-ratio: 1812\/2560;\" \/>\r\n\r\n<div class=\"spacer \" id=\"shortcode-3aa4254a8328b964b7972b5487308136\"><\/div><div class=\"SpecialHeading fw-heading  text-left mt-20 mb-60  \" id=\"shortcode-18c416f0a6ac7bd422a8644cc6489a96\" >\r\n\t\t\t\t\t<h2 class=\"special-title special-heading-letter\">Bestimmung und Befolgung des G\u00f6ttlichen Zeitplans<\/h2>\t<\/div>\r\n\r\n<div class=\"TextBlock  \" id=\"shortcode-9deef705838f6fe5400e1eb48f3a1a6f\" >\r\n\t<p>Programinhalte:<\/p><ul><li>Was ist Bestimmung und G\u00f6ttlicher Zeitplan<\/li><li>Warum erf\u00fcllen sich nicht alle unsere Ziele und W\u00fcnsche<\/li><li>Wie man die wahren W\u00fcnsche der Seele entdeckt<\/li><li>Wie man die wahren W\u00fcnsche der Seele und die Spielsachen des Egos ausbalanciert<\/li><li>Wie man seine Talente und Gaben entdeckt. Ihr Profil<\/li><li>Wie man nach dem g\u00f6ttlichen Zeitplan in F\u00fclle lebt<\/li><li>Befreiung von Blockaden, die die Selbstverwirklichung verhindern<\/li><li>Wie man in seiner Arbeit der Liebe erfolgreich sein kann<\/li><li>Wie man Informationen von den Gesetzen des Universums erh\u00e4lt<\/li><li>\u00dcbung zur harmonischen Kommunikation mit jedem Existenzplan<\/li><li>Wie man mit Freude sich entwickelt und vorw\u00e4rts bewegt<\/li><li>Befreiung von Blockaden bei der Umsetzung von Pl\u00e4nen<\/li><li>Ablesung der Zukunft: Sie k\u00f6nnen sich an die Zukunft erinnern und sie sogar neu erstellen<\/li><li>Wie man lernt, sich zu freuen und das Leben zu genie\u00dfen<\/li><li>Notwendige Voraussetzungen, um Gro\u00dfes zu schaffen<\/li><li>Manifestation des eigenen Weges.<\/li><\/ul><\/div><\/div>\r\n\t\t<\/div>\r\n\t<\/div>\r\n\t<\/section>\r\n\n","protected":false},"excerpt":{"rendered":"<p>Bestimmung und Befolgung des G\u00f6ttlichen Zeitplans Programinhalte:Was ist Bestimmung und G\u00f6ttlicher ZeitplanWarum erf\u00fcllen sich nicht alle unsere Ziele und W\u00fcnscheWie man die wahren W\u00fcnsche der Seele entdecktWie man die wahren W\u00fcnsche der Seele und die Spielsachen des Egos ausbalanciertWie man seine Talente und Gaben entdeckt. Ihr ProfilWie man nach dem g\u00f6ttlichen Zeitplan in F\u00fclle lebtBefreiung&#8230;<\/p>\n","protected":false},"author":3,"featured_media":0,"parent":0,"menu_order":0,"comment_status":"closed","ping_status":"closed","template":"","meta":{"footnotes":""},"class_list":["post-1162","page","type-page","status-publish","hentry"],"yoast_head":"<!-- This site is optimized with the Yoast SEO plugin v27.3 - https:\/\/yoast.com\/product\/yoast-seo-wordpress\/ -->\n<title>Du und die Erde - Olena Bouman<\/title>\n<meta name=\"robots\" content=\"index, follow, max-snippet:-1, max-image-preview:large, max-video-preview:-1\" \/>\n<link rel=\"canonical\" href=\"https:\/\/fromthesoul.art\/order-and-follow-the-divine-schedule\/\" \/>\n<meta property=\"og:locale\" content=\"de_DE\" \/>\n<meta property=\"og:type\" content=\"article\" \/>\n<meta property=\"og:title\" content=\"Du und die Erde - Olena Bouman\" \/>\n<meta property=\"og:description\" content=\"Bestimmung und Befolgung des G\u00f6ttlichen Zeitplans Programinhalte:Was ist Bestimmung und G\u00f6ttlicher ZeitplanWarum erf\u00fcllen sich nicht alle unsere Ziele und W\u00fcnscheWie man die wahren W\u00fcnsche der Seele entdecktWie man die wahren W\u00fcnsche der Seele und die Spielsachen des Egos ausbalanciertWie man seine Talente und Gaben entdeckt. Ihr ProfilWie man nach dem g\u00f6ttlichen Zeitplan in F\u00fclle lebtBefreiung...\" \/>\n<meta property=\"og:url\" content=\"https:\/\/fromthesoul.art\/order-and-follow-the-divine-schedule\/\" \/>\n<meta property=\"og:site_name\" content=\"Olena Bouman\" \/>\n<meta property=\"article:modified_time\" content=\"2022-06-27T21:19:52+00:00\" \/>\n<meta name=\"twitter:card\" content=\"summary_large_image\" \/>\n<meta name=\"twitter:label1\" content=\"Gesch\u00e4tzte Lesezeit\" \/>\n\t<meta name=\"twitter:data1\" content=\"1\u00a0Minute\" \/>\n<script type=\"application\/ld+json\" class=\"yoast-schema-graph\">{\"@context\":\"https:\\\/\\\/schema.org\",\"@graph\":[{\"@type\":\"WebPage\",\"@id\":\"https:\\\/\\\/fromthesoul.art\\\/order-and-follow-the-divine-schedule\\\/\",\"url\":\"https:\\\/\\\/fromthesoul.art\\\/order-and-follow-the-divine-schedule\\\/\",\"name\":\"Du und die Erde - Olena Bouman\",\"isPartOf\":{\"@id\":\"https:\\\/\\\/fromthesoul.art\\\/#website\"},\"datePublished\":\"2022-06-12T09:25:23+00:00\",\"dateModified\":\"2022-06-27T21:19:52+00:00\",\"breadcrumb\":{\"@id\":\"https:\\\/\\\/fromthesoul.art\\\/order-and-follow-the-divine-schedule\\\/#breadcrumb\"},\"inLanguage\":\"de\",\"potentialAction\":[{\"@type\":\"ReadAction\",\"target\":[\"https:\\\/\\\/fromthesoul.art\\\/order-and-follow-the-divine-schedule\\\/\"]}]},{\"@type\":\"BreadcrumbList\",\"@id\":\"https:\\\/\\\/fromthesoul.art\\\/order-and-follow-the-divine-schedule\\\/#breadcrumb\",\"itemListElement\":[{\"@type\":\"ListItem\",\"position\":1,\"name\":\"\u0413\u043b\u0430\u0432\u043d\u0430\u044f \u0441\u0442\u0440\u0430\u043d\u0438\u0446\u0430\",\"item\":\"https:\\\/\\\/fromthesoul.art\\\/de\\\/\"},{\"@type\":\"ListItem\",\"position\":2,\"name\":\"Du und die Erde\"}]},{\"@type\":\"WebSite\",\"@id\":\"https:\\\/\\\/fromthesoul.art\\\/#website\",\"url\":\"https:\\\/\\\/fromthesoul.art\\\/\",\"name\":\"Olena Bouman\",\"description\":\"From the Soul\",\"potentialAction\":[{\"@type\":\"SearchAction\",\"target\":{\"@type\":\"EntryPoint\",\"urlTemplate\":\"https:\\\/\\\/fromthesoul.art\\\/?s={search_term_string}\"},\"query-input\":{\"@type\":\"PropertyValueSpecification\",\"valueRequired\":true,\"valueName\":\"search_term_string\"}}],\"inLanguage\":\"de\"}]}<\/script>\n<!-- \/ Yoast SEO plugin. -->","yoast_head_json":{"title":"Du und die Erde - Olena Bouman","robots":{"index":"index","follow":"follow","max-snippet":"max-snippet:-1","max-image-preview":"max-image-preview:large","max-video-preview":"max-video-preview:-1"},"canonical":"https:\/\/fromthesoul.art\/order-and-follow-the-divine-schedule\/","og_locale":"de_DE","og_type":"article","og_title":"Du und die Erde - Olena Bouman","og_description":"Bestimmung und Befolgung des G\u00f6ttlichen Zeitplans Programinhalte:Was ist Bestimmung und G\u00f6ttlicher ZeitplanWarum erf\u00fcllen sich nicht alle unsere Ziele und W\u00fcnscheWie man die wahren W\u00fcnsche der Seele entdecktWie man die wahren W\u00fcnsche der Seele und die Spielsachen des Egos ausbalanciertWie man seine Talente und Gaben entdeckt. Ihr ProfilWie man nach dem g\u00f6ttlichen Zeitplan in F\u00fclle lebtBefreiung...","og_url":"https:\/\/fromthesoul.art\/order-and-follow-the-divine-schedule\/","og_site_name":"Olena Bouman","article_modified_time":"2022-06-27T21:19:52+00:00","twitter_card":"summary_large_image","twitter_misc":{"Gesch\u00e4tzte Lesezeit":"1\u00a0Minute"},"schema":{"@context":"https:\/\/schema.org","@graph":[{"@type":"WebPage","@id":"https:\/\/fromthesoul.art\/order-and-follow-the-divine-schedule\/","url":"https:\/\/fromthesoul.art\/order-and-follow-the-divine-schedule\/","name":"Du und die Erde - Olena Bouman","isPartOf":{"@id":"https:\/\/fromthesoul.art\/#website"},"datePublished":"2022-06-12T09:25:23+00:00","dateModified":"2022-06-27T21:19:52+00:00","breadcrumb":{"@id":"https:\/\/fromthesoul.art\/order-and-follow-the-divine-schedule\/#breadcrumb"},"inLanguage":"de","potentialAction":[{"@type":"ReadAction","target":["https:\/\/fromthesoul.art\/order-and-follow-the-divine-schedule\/"]}]},{"@type":"BreadcrumbList","@id":"https:\/\/fromthesoul.art\/order-and-follow-the-divine-schedule\/#breadcrumb","itemListElement":[{"@type":"ListItem","position":1,"name":"\u0413\u043b\u0430\u0432\u043d\u0430\u044f \u0441\u0442\u0440\u0430\u043d\u0438\u0446\u0430","item":"https:\/\/fromthesoul.art\/de\/"},{"@type":"ListItem","position":2,"name":"Du und die Erde"}]},{"@type":"WebSite","@id":"https:\/\/fromthesoul.art\/#website","url":"https:\/\/fromthesoul.art\/","name":"Olena Bouman","description":"From the Soul","potentialAction":[{"@type":"SearchAction","target":{"@type":"EntryPoint","urlTemplate":"https:\/\/fromthesoul.art\/?s={search_term_string}"},"query-input":{"@type":"PropertyValueSpecification","valueRequired":true,"valueName":"search_term_string"}}],"inLanguage":"de"}]}},"_links":{"self":[{"href":"https:\/\/fromthesoul.art\/de\/wp-json\/wp\/v2\/pages\/1162","targetHints":{"allow":["GET"]}}],"collection":[{"href":"https:\/\/fromthesoul.art\/de\/wp-json\/wp\/v2\/pages"}],"about":[{"href":"https:\/\/fromthesoul.art\/de\/wp-json\/wp\/v2\/types\/page"}],"author":[{"embeddable":true,"href":"https:\/\/fromthesoul.art\/de\/wp-json\/wp\/v2\/users\/3"}],"replies":[{"embeddable":true,"href":"https:\/\/fromthesoul.art\/de\/wp-json\/wp\/v2\/comments?post=1162"}],"version-history":[{"count":4,"href":"https:\/\/fromthesoul.art\/de\/wp-json\/wp\/v2\/pages\/1162\/revisions"}],"predecessor-version":[{"id":1321,"href":"https:\/\/fromthesoul.art\/de\/wp-json\/wp\/v2\/pages\/1162\/revisions\/1321"}],"wp:attachment":[{"href":"https:\/\/fromthesoul.art\/de\/wp-json\/wp\/v2\/media?parent=1162"}],"curies":[{"name":"wp","href":"https:\/\/api.w.org\/{rel}","templated":true}]}}