{"id":1160,"date":"2022-01-20T09:02:44","date_gmt":"2022-01-20T09:02:44","guid":{"rendered":"https:\/\/fromthesoul.art\/%d0%bc%d0%bd%d0%b8%d1%84%d0%b5%d1%81%d1%82%d0%b0%d1%86%d0%b8%d1%8f-%d0%b8%d0%b7%d0%be%d0%b1%d0%b8%d0%bb%d0%b8%d1%8f\/"},"modified":"2022-06-27T21:49:06","modified_gmt":"2022-06-27T21:49:06","slug":"manifesting-and-abundance","status":"publish","type":"page","link":"https:\/\/fromthesoul.art\/de\/manifesting-and-abundance\/","title":{"rendered":"Manifestation des \u00dcberflusses"},"content":{"rendered":"\r\n<section class=\"pos-r   \"  id=\"shortcode-8906eead7564be621ddea3d36a3f3e61\" >\r\n\t\t<div class=\"fw-container\">\r\n\t\t<div class=\"fw-row\">\r\n\t\t\t<div id=\"shortcode-e14d75da3908fba9efaef4447a5c5d22\" class=\"fw-col-xs-12 fw-col-sm-12 fw-col-md-12 text-left \" >\r\n\t<img decoding=\"async\" data-src=\"\/\/fromthesoul.art\/wp-content\/uploads\/2022\/01\/certificate_krammer-olena06.jpg\" alt=\"\/\/fromthesoul.art\/wp-content\/uploads\/2022\/01\/certificate_krammer-olena06.jpg\" class=\"lazyload\" data-wow-delay=\"\" src=\"data:image\/svg+xml;base64,PHN2ZyB3aWR0aD0iMSIgaGVpZ2h0PSIxIiB4bWxucz0iaHR0cDovL3d3dy53My5vcmcvMjAwMC9zdmciPjwvc3ZnPg==\" style=\"--smush-placeholder-width: 1920px; --smush-placeholder-aspect-ratio: 1920\/1484;\" \/>\r\n\r\n<div class=\"spacer \" id=\"shortcode-3aa4254a8328b964b7972b5487308136\"><\/div><div class=\"SpecialHeading fw-heading  text-left mt-20 mb-60  \" id=\"shortcode-18c416f0a6ac7bd422a8644cc6489a96\" >\r\n\t\t\t\t\t<h2 class=\"special-title special-heading-letter\">Manifestation des \u00dcberflusses<\/h2>\t<\/div>\r\n\r\n<div class=\"TextBlock  \" id=\"shortcode-9deef705838f6fe5400e1eb48f3a1a6f\" >\r\n\t<ul><li>Entdecken und eliminieren Sie die tiefsten, wichtigsten, unbewussten Programme, die Ihren Erfolg, Reichtum, Wohlstand und \u00dcberfluss verhindern<\/li><li>Sie werden feststellen, dass Programme, die \u00dcberfluss und finanziellen Wohlstand blockieren, selten direkt mit Geld zusammenh\u00e4ngen<\/li><li>Sie werden von Schw\u00fcren, Gel\u00fcbden und anderen Vereinbarungen befreit, die finanziellen Wohlstand und \u00dcberfluss in Ihrem Leben behindern<\/li><li>Schaffen Sie \u00dcberfluss und Wohlstand in Ihrem Leben auf die h\u00f6chste Art und Weise, zum besten Zeitpunkt<\/li><li>Verwirklichen Sie Ihre W\u00fcnsche und manifestieren Sie sofort, was Sie im Leben wollen<\/li><li>Befreien Sie sich und lernen Sie, wie Sie die Hunderte von Blockaden in finanziellem Wohlstand und \u00dcberfluss (TOP 100 \u2013 Arbeit mit 100 blockierenden Programmen) r\u00fcckg\u00e4ngig machen k\u00f6nnen, die Sie daran hindern, das Leben zu schaffen, von dem Sie tr\u00e4umen<\/li><li>Sie werden lernen, das Leben Ihrer Tr\u00e4ume zu manifestieren<\/li><li>Sie werden lernen, was der G\u00f6ttliche Zeitplan ist und wie Sie in \u00dcbereinstimmung damit leben und sich damit verbinden k\u00f6nnen und wie Sie alle Gaben, Talente und finanziellen \u00dcberfluss zur\u00fcckfordern k\u00f6nnen, die Ihre Seele urspr\u00fcnglich gew\u00e4hlt hat<\/li><li>Programmieren Sie Ihren Erfolg und entwickeln Sie die positiven Gewohnheiten einer finanziell wohlhabenden Person<\/li><li>Sie schaffen einen neuen Raum f\u00fcr Reichtum, Wohlstand und \u00dcberfluss<\/li><li>Wie Sie Ihr Potenzial und Ihre Talente nutzen, um in allen Aspekten Ihres Lebens erfolgreich zu werden.<\/li><\/ul><\/div><\/div>\r\n\t\t<\/div>\r\n\t<\/div>\r\n\t<\/section>\r\n\n","protected":false},"excerpt":{"rendered":"<p>Manifestation des \u00dcberflusses Entdecken und eliminieren Sie die tiefsten, wichtigsten, unbewussten Programme, die Ihren Erfolg, Reichtum, Wohlstand und \u00dcberfluss verhindernSie werden feststellen, dass Programme, die \u00dcberfluss und finanziellen Wohlstand blockieren, selten direkt mit Geld zusammenh\u00e4ngenSie werden von Schw\u00fcren, Gel\u00fcbden und anderen Vereinbarungen befreit, die finanziellen Wohlstand und \u00dcberfluss in Ihrem Leben behindernSchaffen Sie \u00dcberfluss und&#8230;<\/p>\n","protected":false},"author":1,"featured_media":0,"parent":0,"menu_order":0,"comment_status":"closed","ping_status":"closed","template":"","meta":{"footnotes":""},"class_list":["post-1160","page","type-page","status-publish","hentry"],"yoast_head":"<!-- This site is optimized with the Yoast SEO plugin v27.3 - https:\/\/yoast.com\/product\/yoast-seo-wordpress\/ -->\n<title>Manifestation des \u00dcberflusses - Olena Bouman<\/title>\n<meta name=\"robots\" content=\"index, follow, max-snippet:-1, max-image-preview:large, max-video-preview:-1\" \/>\n<link rel=\"canonical\" href=\"https:\/\/fromthesoul.art\/manifesting-and-abundance\/\" \/>\n<meta property=\"og:locale\" content=\"de_DE\" \/>\n<meta property=\"og:type\" content=\"article\" \/>\n<meta property=\"og:title\" content=\"Manifestation des \u00dcberflusses - Olena Bouman\" \/>\n<meta property=\"og:description\" content=\"Manifestation des \u00dcberflusses Entdecken und eliminieren Sie die tiefsten, wichtigsten, unbewussten Programme, die Ihren Erfolg, Reichtum, Wohlstand und \u00dcberfluss verhindernSie werden feststellen, dass Programme, die \u00dcberfluss und finanziellen Wohlstand blockieren, selten direkt mit Geld zusammenh\u00e4ngenSie werden von Schw\u00fcren, Gel\u00fcbden und anderen Vereinbarungen befreit, die finanziellen Wohlstand und \u00dcberfluss in Ihrem Leben behindernSchaffen Sie \u00dcberfluss und...\" \/>\n<meta property=\"og:url\" content=\"https:\/\/fromthesoul.art\/manifesting-and-abundance\/\" \/>\n<meta property=\"og:site_name\" content=\"Olena Bouman\" \/>\n<meta property=\"article:modified_time\" content=\"2022-06-27T21:49:06+00:00\" \/>\n<meta name=\"twitter:card\" content=\"summary_large_image\" \/>\n<meta name=\"twitter:label1\" content=\"Gesch\u00e4tzte Lesezeit\" \/>\n\t<meta name=\"twitter:data1\" content=\"1\u00a0Minute\" \/>\n<script type=\"application\/ld+json\" class=\"yoast-schema-graph\">{\"@context\":\"https:\\\/\\\/schema.org\",\"@graph\":[{\"@type\":\"WebPage\",\"@id\":\"https:\\\/\\\/fromthesoul.art\\\/manifesting-and-abundance\\\/\",\"url\":\"https:\\\/\\\/fromthesoul.art\\\/manifesting-and-abundance\\\/\",\"name\":\"Manifestation des \u00dcberflusses - Olena Bouman\",\"isPartOf\":{\"@id\":\"https:\\\/\\\/fromthesoul.art\\\/#website\"},\"datePublished\":\"2022-01-20T09:02:44+00:00\",\"dateModified\":\"2022-06-27T21:49:06+00:00\",\"breadcrumb\":{\"@id\":\"https:\\\/\\\/fromthesoul.art\\\/manifesting-and-abundance\\\/#breadcrumb\"},\"inLanguage\":\"de\",\"potentialAction\":[{\"@type\":\"ReadAction\",\"target\":[\"https:\\\/\\\/fromthesoul.art\\\/manifesting-and-abundance\\\/\"]}]},{\"@type\":\"BreadcrumbList\",\"@id\":\"https:\\\/\\\/fromthesoul.art\\\/manifesting-and-abundance\\\/#breadcrumb\",\"itemListElement\":[{\"@type\":\"ListItem\",\"position\":1,\"name\":\"\u0413\u043b\u0430\u0432\u043d\u0430\u044f \u0441\u0442\u0440\u0430\u043d\u0438\u0446\u0430\",\"item\":\"https:\\\/\\\/fromthesoul.art\\\/de\\\/\"},{\"@type\":\"ListItem\",\"position\":2,\"name\":\"Manifestation des \u00dcberflusses\"}]},{\"@type\":\"WebSite\",\"@id\":\"https:\\\/\\\/fromthesoul.art\\\/#website\",\"url\":\"https:\\\/\\\/fromthesoul.art\\\/\",\"name\":\"Olena Bouman\",\"description\":\"From the Soul\",\"potentialAction\":[{\"@type\":\"SearchAction\",\"target\":{\"@type\":\"EntryPoint\",\"urlTemplate\":\"https:\\\/\\\/fromthesoul.art\\\/?s={search_term_string}\"},\"query-input\":{\"@type\":\"PropertyValueSpecification\",\"valueRequired\":true,\"valueName\":\"search_term_string\"}}],\"inLanguage\":\"de\"}]}<\/script>\n<!-- \/ Yoast SEO plugin. -->","yoast_head_json":{"title":"Manifestation des \u00dcberflusses - Olena Bouman","robots":{"index":"index","follow":"follow","max-snippet":"max-snippet:-1","max-image-preview":"max-image-preview:large","max-video-preview":"max-video-preview:-1"},"canonical":"https:\/\/fromthesoul.art\/manifesting-and-abundance\/","og_locale":"de_DE","og_type":"article","og_title":"Manifestation des \u00dcberflusses - Olena Bouman","og_description":"Manifestation des \u00dcberflusses Entdecken und eliminieren Sie die tiefsten, wichtigsten, unbewussten Programme, die Ihren Erfolg, Reichtum, Wohlstand und \u00dcberfluss verhindernSie werden feststellen, dass Programme, die \u00dcberfluss und finanziellen Wohlstand blockieren, selten direkt mit Geld zusammenh\u00e4ngenSie werden von Schw\u00fcren, Gel\u00fcbden und anderen Vereinbarungen befreit, die finanziellen Wohlstand und \u00dcberfluss in Ihrem Leben behindernSchaffen Sie \u00dcberfluss und...","og_url":"https:\/\/fromthesoul.art\/manifesting-and-abundance\/","og_site_name":"Olena Bouman","article_modified_time":"2022-06-27T21:49:06+00:00","twitter_card":"summary_large_image","twitter_misc":{"Gesch\u00e4tzte Lesezeit":"1\u00a0Minute"},"schema":{"@context":"https:\/\/schema.org","@graph":[{"@type":"WebPage","@id":"https:\/\/fromthesoul.art\/manifesting-and-abundance\/","url":"https:\/\/fromthesoul.art\/manifesting-and-abundance\/","name":"Manifestation des \u00dcberflusses - Olena Bouman","isPartOf":{"@id":"https:\/\/fromthesoul.art\/#website"},"datePublished":"2022-01-20T09:02:44+00:00","dateModified":"2022-06-27T21:49:06+00:00","breadcrumb":{"@id":"https:\/\/fromthesoul.art\/manifesting-and-abundance\/#breadcrumb"},"inLanguage":"de","potentialAction":[{"@type":"ReadAction","target":["https:\/\/fromthesoul.art\/manifesting-and-abundance\/"]}]},{"@type":"BreadcrumbList","@id":"https:\/\/fromthesoul.art\/manifesting-and-abundance\/#breadcrumb","itemListElement":[{"@type":"ListItem","position":1,"name":"\u0413\u043b\u0430\u0432\u043d\u0430\u044f \u0441\u0442\u0440\u0430\u043d\u0438\u0446\u0430","item":"https:\/\/fromthesoul.art\/de\/"},{"@type":"ListItem","position":2,"name":"Manifestation des \u00dcberflusses"}]},{"@type":"WebSite","@id":"https:\/\/fromthesoul.art\/#website","url":"https:\/\/fromthesoul.art\/","name":"Olena Bouman","description":"From the Soul","potentialAction":[{"@type":"SearchAction","target":{"@type":"EntryPoint","urlTemplate":"https:\/\/fromthesoul.art\/?s={search_term_string}"},"query-input":{"@type":"PropertyValueSpecification","valueRequired":true,"valueName":"search_term_string"}}],"inLanguage":"de"}]}},"_links":{"self":[{"href":"https:\/\/fromthesoul.art\/de\/wp-json\/wp\/v2\/pages\/1160","targetHints":{"allow":["GET"]}}],"collection":[{"href":"https:\/\/fromthesoul.art\/de\/wp-json\/wp\/v2\/pages"}],"about":[{"href":"https:\/\/fromthesoul.art\/de\/wp-json\/wp\/v2\/types\/page"}],"author":[{"embeddable":true,"href":"https:\/\/fromthesoul.art\/de\/wp-json\/wp\/v2\/users\/1"}],"replies":[{"embeddable":true,"href":"https:\/\/fromthesoul.art\/de\/wp-json\/wp\/v2\/comments?post=1160"}],"version-history":[{"count":4,"href":"https:\/\/fromthesoul.art\/de\/wp-json\/wp\/v2\/pages\/1160\/revisions"}],"predecessor-version":[{"id":1345,"href":"https:\/\/fromthesoul.art\/de\/wp-json\/wp\/v2\/pages\/1160\/revisions\/1345"}],"wp:attachment":[{"href":"https:\/\/fromthesoul.art\/de\/wp-json\/wp\/v2\/media?parent=1160"}],"curies":[{"name":"wp","href":"https:\/\/api.w.org\/{rel}","templated":true}]}}