{"id":1159,"date":"2022-01-20T09:02:35","date_gmt":"2022-01-20T09:02:35","guid":{"rendered":"https:\/\/fromthesoul.art\/%d0%bc%d0%b8%d1%80%d0%be%d0%b2%d1%8b%d0%b5-%d0%be%d1%82%d0%bd%d0%be%d1%88%d0%b5%d0%bd%d0%b8%d1%8f\/"},"modified":"2022-06-27T21:49:02","modified_gmt":"2022-06-27T21:49:02","slug":"world-relations","status":"publish","type":"page","link":"https:\/\/fromthesoul.art\/de\/world-relations\/","title":{"rendered":"Weltbeziehungen"},"content":{"rendered":"\r\n<section class=\"pos-r   \"  id=\"shortcode-8906eead7564be621ddea3d36a3f3e61\" >\r\n\t\t<div class=\"fw-container\">\r\n\t\t<div class=\"fw-row\">\r\n\t\t\t<div id=\"shortcode-e14d75da3908fba9efaef4447a5c5d22\" class=\"fw-col-xs-12 fw-col-sm-12 fw-col-md-12 text-left \" >\r\n\t<img decoding=\"async\" data-src=\"\/\/fromthesoul.art\/wp-content\/uploads\/2022\/01\/certificate_krammer-olena04.jpg\" alt=\"\/\/fromthesoul.art\/wp-content\/uploads\/2022\/01\/certificate_krammer-olena04.jpg\" class=\"lazyload\" data-wow-delay=\"\" src=\"data:image\/svg+xml;base64,PHN2ZyB3aWR0aD0iMSIgaGVpZ2h0PSIxIiB4bWxucz0iaHR0cDovL3d3dy53My5vcmcvMjAwMC9zdmciPjwvc3ZnPg==\" style=\"--smush-placeholder-width: 1920px; --smush-placeholder-aspect-ratio: 1920\/1484;\" \/>\r\n\r\n<div class=\"spacer \" id=\"shortcode-3aa4254a8328b964b7972b5487308136\"><\/div><div class=\"SpecialHeading fw-heading  text-left mt-20 mb-60  \" id=\"shortcode-18c416f0a6ac7bd422a8644cc6489a96\" >\r\n\t\t\t\t\t<h2 class=\"special-title special-heading-letter\">Weltbeziehungen <\/h2>\t<\/div>\r\n\r\n<div class=\"TextBlock  \" id=\"shortcode-9deef705838f6fe5400e1eb48f3a1a6f\" >\r\n\t<ul><li>Glaube und Traditionen der V\u00f6lker und L\u00e4nder der Welt. Befreiung von Schmerz, Vorurteilen, Hass usw., die mit allen V\u00f6lkern und L\u00e4ndern der Welt verbunden sind<\/li><li>Religionen in der Welt und in der Geschichte. Befreiung von Schmerz, Vorurteilen, Hass, die mit allen Religionen der Welt verbunden sind<\/li><li>Befreiung von Schmerz, Vorurteilen, Hass usw., die mit Personengruppen (\u00c4rzten, Priestern, Zauberern, Richtern usw.) und historischen Pers\u00f6nlichkeiten verbunden sind<\/li><li>Transformation des Glaubenssystems, das mit den eigenen F\u00e4higkeiten verbunden ist<\/li><li>Wiederherstellung der verlorenen Verbindung mit Ihren F\u00e4higkeiten.<\/li><\/ul><\/div><\/div>\r\n\t\t<\/div>\r\n\t<\/div>\r\n\t<\/section>\r\n\n","protected":false},"excerpt":{"rendered":"<p>Weltbeziehungen Glaube und Traditionen der V\u00f6lker und L\u00e4nder der Welt. Befreiung von Schmerz, Vorurteilen, Hass usw., die mit allen V\u00f6lkern und L\u00e4ndern der Welt verbunden sindReligionen in der Welt und in der Geschichte. Befreiung von Schmerz, Vorurteilen, Hass, die mit allen Religionen der Welt verbunden sindBefreiung von Schmerz, Vorurteilen, Hass usw., die mit Personengruppen (\u00c4rzten,&#8230;<\/p>\n","protected":false},"author":1,"featured_media":0,"parent":0,"menu_order":0,"comment_status":"closed","ping_status":"closed","template":"","meta":{"footnotes":""},"class_list":["post-1159","page","type-page","status-publish","hentry"],"yoast_head":"<!-- This site is optimized with the Yoast SEO plugin v27.3 - https:\/\/yoast.com\/product\/yoast-seo-wordpress\/ -->\n<title>Weltbeziehungen - Olena Bouman<\/title>\n<meta name=\"robots\" content=\"index, follow, max-snippet:-1, max-image-preview:large, max-video-preview:-1\" \/>\n<link rel=\"canonical\" href=\"https:\/\/fromthesoul.art\/world-relations\/\" \/>\n<meta property=\"og:locale\" content=\"de_DE\" \/>\n<meta property=\"og:type\" content=\"article\" \/>\n<meta property=\"og:title\" content=\"Weltbeziehungen - Olena Bouman\" \/>\n<meta property=\"og:description\" content=\"Weltbeziehungen Glaube und Traditionen der V\u00f6lker und L\u00e4nder der Welt. Befreiung von Schmerz, Vorurteilen, Hass usw., die mit allen V\u00f6lkern und L\u00e4ndern der Welt verbunden sindReligionen in der Welt und in der Geschichte. Befreiung von Schmerz, Vorurteilen, Hass, die mit allen Religionen der Welt verbunden sindBefreiung von Schmerz, Vorurteilen, Hass usw., die mit Personengruppen (\u00c4rzten,...\" \/>\n<meta property=\"og:url\" content=\"https:\/\/fromthesoul.art\/world-relations\/\" \/>\n<meta property=\"og:site_name\" content=\"Olena Bouman\" \/>\n<meta property=\"article:modified_time\" content=\"2022-06-27T21:49:02+00:00\" \/>\n<meta name=\"twitter:card\" content=\"summary_large_image\" \/>\n<script type=\"application\/ld+json\" class=\"yoast-schema-graph\">{\"@context\":\"https:\\\/\\\/schema.org\",\"@graph\":[{\"@type\":\"WebPage\",\"@id\":\"https:\\\/\\\/fromthesoul.art\\\/world-relations\\\/\",\"url\":\"https:\\\/\\\/fromthesoul.art\\\/world-relations\\\/\",\"name\":\"Weltbeziehungen - Olena Bouman\",\"isPartOf\":{\"@id\":\"https:\\\/\\\/fromthesoul.art\\\/#website\"},\"datePublished\":\"2022-01-20T09:02:35+00:00\",\"dateModified\":\"2022-06-27T21:49:02+00:00\",\"breadcrumb\":{\"@id\":\"https:\\\/\\\/fromthesoul.art\\\/world-relations\\\/#breadcrumb\"},\"inLanguage\":\"de\",\"potentialAction\":[{\"@type\":\"ReadAction\",\"target\":[\"https:\\\/\\\/fromthesoul.art\\\/world-relations\\\/\"]}]},{\"@type\":\"BreadcrumbList\",\"@id\":\"https:\\\/\\\/fromthesoul.art\\\/world-relations\\\/#breadcrumb\",\"itemListElement\":[{\"@type\":\"ListItem\",\"position\":1,\"name\":\"\u0413\u043b\u0430\u0432\u043d\u0430\u044f \u0441\u0442\u0440\u0430\u043d\u0438\u0446\u0430\",\"item\":\"https:\\\/\\\/fromthesoul.art\\\/de\\\/\"},{\"@type\":\"ListItem\",\"position\":2,\"name\":\"Weltbeziehungen\"}]},{\"@type\":\"WebSite\",\"@id\":\"https:\\\/\\\/fromthesoul.art\\\/#website\",\"url\":\"https:\\\/\\\/fromthesoul.art\\\/\",\"name\":\"Olena Bouman\",\"description\":\"From the Soul\",\"potentialAction\":[{\"@type\":\"SearchAction\",\"target\":{\"@type\":\"EntryPoint\",\"urlTemplate\":\"https:\\\/\\\/fromthesoul.art\\\/?s={search_term_string}\"},\"query-input\":{\"@type\":\"PropertyValueSpecification\",\"valueRequired\":true,\"valueName\":\"search_term_string\"}}],\"inLanguage\":\"de\"}]}<\/script>\n<!-- \/ Yoast SEO plugin. -->","yoast_head_json":{"title":"Weltbeziehungen - Olena Bouman","robots":{"index":"index","follow":"follow","max-snippet":"max-snippet:-1","max-image-preview":"max-image-preview:large","max-video-preview":"max-video-preview:-1"},"canonical":"https:\/\/fromthesoul.art\/world-relations\/","og_locale":"de_DE","og_type":"article","og_title":"Weltbeziehungen - Olena Bouman","og_description":"Weltbeziehungen Glaube und Traditionen der V\u00f6lker und L\u00e4nder der Welt. Befreiung von Schmerz, Vorurteilen, Hass usw., die mit allen V\u00f6lkern und L\u00e4ndern der Welt verbunden sindReligionen in der Welt und in der Geschichte. Befreiung von Schmerz, Vorurteilen, Hass, die mit allen Religionen der Welt verbunden sindBefreiung von Schmerz, Vorurteilen, Hass usw., die mit Personengruppen (\u00c4rzten,...","og_url":"https:\/\/fromthesoul.art\/world-relations\/","og_site_name":"Olena Bouman","article_modified_time":"2022-06-27T21:49:02+00:00","twitter_card":"summary_large_image","schema":{"@context":"https:\/\/schema.org","@graph":[{"@type":"WebPage","@id":"https:\/\/fromthesoul.art\/world-relations\/","url":"https:\/\/fromthesoul.art\/world-relations\/","name":"Weltbeziehungen - Olena Bouman","isPartOf":{"@id":"https:\/\/fromthesoul.art\/#website"},"datePublished":"2022-01-20T09:02:35+00:00","dateModified":"2022-06-27T21:49:02+00:00","breadcrumb":{"@id":"https:\/\/fromthesoul.art\/world-relations\/#breadcrumb"},"inLanguage":"de","potentialAction":[{"@type":"ReadAction","target":["https:\/\/fromthesoul.art\/world-relations\/"]}]},{"@type":"BreadcrumbList","@id":"https:\/\/fromthesoul.art\/world-relations\/#breadcrumb","itemListElement":[{"@type":"ListItem","position":1,"name":"\u0413\u043b\u0430\u0432\u043d\u0430\u044f \u0441\u0442\u0440\u0430\u043d\u0438\u0446\u0430","item":"https:\/\/fromthesoul.art\/de\/"},{"@type":"ListItem","position":2,"name":"Weltbeziehungen"}]},{"@type":"WebSite","@id":"https:\/\/fromthesoul.art\/#website","url":"https:\/\/fromthesoul.art\/","name":"Olena Bouman","description":"From the Soul","potentialAction":[{"@type":"SearchAction","target":{"@type":"EntryPoint","urlTemplate":"https:\/\/fromthesoul.art\/?s={search_term_string}"},"query-input":{"@type":"PropertyValueSpecification","valueRequired":true,"valueName":"search_term_string"}}],"inLanguage":"de"}]}},"_links":{"self":[{"href":"https:\/\/fromthesoul.art\/de\/wp-json\/wp\/v2\/pages\/1159","targetHints":{"allow":["GET"]}}],"collection":[{"href":"https:\/\/fromthesoul.art\/de\/wp-json\/wp\/v2\/pages"}],"about":[{"href":"https:\/\/fromthesoul.art\/de\/wp-json\/wp\/v2\/types\/page"}],"author":[{"embeddable":true,"href":"https:\/\/fromthesoul.art\/de\/wp-json\/wp\/v2\/users\/1"}],"replies":[{"embeddable":true,"href":"https:\/\/fromthesoul.art\/de\/wp-json\/wp\/v2\/comments?post=1159"}],"version-history":[{"count":4,"href":"https:\/\/fromthesoul.art\/de\/wp-json\/wp\/v2\/pages\/1159\/revisions"}],"predecessor-version":[{"id":1341,"href":"https:\/\/fromthesoul.art\/de\/wp-json\/wp\/v2\/pages\/1159\/revisions\/1341"}],"wp:attachment":[{"href":"https:\/\/fromthesoul.art\/de\/wp-json\/wp\/v2\/media?parent=1159"}],"curies":[{"name":"wp","href":"https:\/\/api.w.org\/{rel}","templated":true}]}}