{"id":1157,"date":"2022-02-09T09:58:31","date_gmt":"2022-02-09T09:58:31","guid":{"rendered":"https:\/\/fromthesoul.art\/%d0%b8%d0%bd%d1%82%d1%83%d0%b8%d1%82%d0%b8%d0%b2%d0%bd%d0%b0%d1%8f-%d0%b0%d0%bd%d0%b0%d1%82%d0%be%d0%bc%d0%b8%d1%8f\/"},"modified":"2022-06-27T21:49:27","modified_gmt":"2022-06-27T21:49:27","slug":"intuitive-anatomy","status":"publish","type":"page","link":"https:\/\/fromthesoul.art\/de\/intuitive-anatomy\/","title":{"rendered":"\u00a0Intuitive Anatomie"},"content":{"rendered":"\r\n<section class=\"pos-r   \"  id=\"shortcode-8906eead7564be621ddea3d36a3f3e61\" >\r\n\t\t<div class=\"fw-container\">\r\n\t\t<div class=\"fw-row\">\r\n\t\t\t<div id=\"shortcode-e14d75da3908fba9efaef4447a5c5d22\" class=\"fw-col-xs-12 fw-col-sm-12 fw-col-md-12 text-left \" >\r\n\t<img decoding=\"async\" data-src=\"\/\/fromthesoul.art\/wp-content\/uploads\/2022\/02\/certificate_krammer-olena11.jpg\" alt=\"\/\/fromthesoul.art\/wp-content\/uploads\/2022\/02\/certificate_krammer-olena11.jpg\" class=\"lazyload\" data-wow-delay=\"\" src=\"data:image\/svg+xml;base64,PHN2ZyB3aWR0aD0iMSIgaGVpZ2h0PSIxIiB4bWxucz0iaHR0cDovL3d3dy53My5vcmcvMjAwMC9zdmciPjwvc3ZnPg==\" style=\"--smush-placeholder-width: 1920px; --smush-placeholder-aspect-ratio: 1920\/1484;\" \/>\r\n\r\n<div class=\"spacer \" id=\"shortcode-3aa4254a8328b964b7972b5487308136\"><\/div><div class=\"SpecialHeading fw-heading  text-left mt-20 mb-60  \" id=\"shortcode-18c416f0a6ac7bd422a8644cc6489a96\" >\r\n\t\t\t\t\t<h2 class=\"special-title special-heading-letter\"> Intuitive Anatomie<\/h2>\t<\/div>\r\n\r\n<div class=\"TextBlock  \" id=\"shortcode-9deef705838f6fe5400e1eb48f3a1a6f\" >\r\n\t<ul><li>Lernen Sie jedes der Systeme des menschlichen K\u00f6rpers kennen und sp\u00fcren Sie die Magie des menschlichen K\u00f6rpers<\/li><li>Beseitigen Sie viele giftige Emotionen und ineffektive Programme<\/li><li>Wie Krankheiten mit der Manifestation bestimmter Emotionen verbunden sind<\/li><li>Emotionen sind ein Signal daf\u00fcr, dass einige Systeme aus dem Gleichgewicht geraten sind<\/li><li>Welche Emotionen, Programme und Glaubenss\u00e4tze sind in jedem der Systeme gespeichert<\/li><li>Erfahren Sie mehr \u00fcber die Glaubenss\u00e4tze, die bestimmten Krankheiten zugrunde liegen<\/li><li>Entdecken Sie neue Horizonte und betrachten Sie Ihr Leben aus einem anderen Blickwinkel<\/li><li>Am Ende des Kurses werden Ihre intuitiven F\u00e4higkeiten um das 10-fache zunehmen.<\/li><\/ul><\/div><\/div>\r\n\t\t<\/div>\r\n\t<\/div>\r\n\t<\/section>\r\n\n","protected":false},"excerpt":{"rendered":"<p>Intuitive Anatomie Lernen Sie jedes der Systeme des menschlichen K\u00f6rpers kennen und sp\u00fcren Sie die Magie des menschlichen K\u00f6rpersBeseitigen Sie viele giftige Emotionen und ineffektive ProgrammeWie Krankheiten mit der Manifestation bestimmter Emotionen verbunden sindEmotionen sind ein Signal daf\u00fcr, dass einige Systeme aus dem Gleichgewicht geraten sindWelche Emotionen, Programme und Glaubenss\u00e4tze sind in jedem der Systeme&#8230;<\/p>\n","protected":false},"author":1,"featured_media":0,"parent":0,"menu_order":0,"comment_status":"closed","ping_status":"closed","template":"","meta":{"footnotes":""},"class_list":["post-1157","page","type-page","status-publish","hentry"],"yoast_head":"<!-- This site is optimized with the Yoast SEO plugin v27.3 - https:\/\/yoast.com\/product\/yoast-seo-wordpress\/ -->\n<title>\u00a0Intuitive Anatomie - Olena Bouman<\/title>\n<meta name=\"robots\" content=\"index, follow, max-snippet:-1, max-image-preview:large, max-video-preview:-1\" \/>\n<link rel=\"canonical\" href=\"https:\/\/fromthesoul.art\/intuitive-anatomy\/\" \/>\n<meta property=\"og:locale\" content=\"de_DE\" \/>\n<meta property=\"og:type\" content=\"article\" \/>\n<meta property=\"og:title\" content=\"\u00a0Intuitive Anatomie - Olena Bouman\" \/>\n<meta property=\"og:description\" content=\"Intuitive Anatomie Lernen Sie jedes der Systeme des menschlichen K\u00f6rpers kennen und sp\u00fcren Sie die Magie des menschlichen K\u00f6rpersBeseitigen Sie viele giftige Emotionen und ineffektive ProgrammeWie Krankheiten mit der Manifestation bestimmter Emotionen verbunden sindEmotionen sind ein Signal daf\u00fcr, dass einige Systeme aus dem Gleichgewicht geraten sindWelche Emotionen, Programme und Glaubenss\u00e4tze sind in jedem der Systeme...\" \/>\n<meta property=\"og:url\" content=\"https:\/\/fromthesoul.art\/intuitive-anatomy\/\" \/>\n<meta property=\"og:site_name\" content=\"Olena Bouman\" \/>\n<meta property=\"article:modified_time\" content=\"2022-06-27T21:49:27+00:00\" \/>\n<meta name=\"twitter:card\" content=\"summary_large_image\" \/>\n<script type=\"application\/ld+json\" class=\"yoast-schema-graph\">{\"@context\":\"https:\\\/\\\/schema.org\",\"@graph\":[{\"@type\":\"WebPage\",\"@id\":\"https:\\\/\\\/fromthesoul.art\\\/intuitive-anatomy\\\/\",\"url\":\"https:\\\/\\\/fromthesoul.art\\\/intuitive-anatomy\\\/\",\"name\":\"\u00a0Intuitive Anatomie - Olena Bouman\",\"isPartOf\":{\"@id\":\"https:\\\/\\\/fromthesoul.art\\\/#website\"},\"datePublished\":\"2022-02-09T09:58:31+00:00\",\"dateModified\":\"2022-06-27T21:49:27+00:00\",\"breadcrumb\":{\"@id\":\"https:\\\/\\\/fromthesoul.art\\\/intuitive-anatomy\\\/#breadcrumb\"},\"inLanguage\":\"de\",\"potentialAction\":[{\"@type\":\"ReadAction\",\"target\":[\"https:\\\/\\\/fromthesoul.art\\\/intuitive-anatomy\\\/\"]}]},{\"@type\":\"BreadcrumbList\",\"@id\":\"https:\\\/\\\/fromthesoul.art\\\/intuitive-anatomy\\\/#breadcrumb\",\"itemListElement\":[{\"@type\":\"ListItem\",\"position\":1,\"name\":\"\u0413\u043b\u0430\u0432\u043d\u0430\u044f \u0441\u0442\u0440\u0430\u043d\u0438\u0446\u0430\",\"item\":\"https:\\\/\\\/fromthesoul.art\\\/de\\\/\"},{\"@type\":\"ListItem\",\"position\":2,\"name\":\"\u00a0Intuitive Anatomie\"}]},{\"@type\":\"WebSite\",\"@id\":\"https:\\\/\\\/fromthesoul.art\\\/#website\",\"url\":\"https:\\\/\\\/fromthesoul.art\\\/\",\"name\":\"Olena Bouman\",\"description\":\"From the Soul\",\"potentialAction\":[{\"@type\":\"SearchAction\",\"target\":{\"@type\":\"EntryPoint\",\"urlTemplate\":\"https:\\\/\\\/fromthesoul.art\\\/?s={search_term_string}\"},\"query-input\":{\"@type\":\"PropertyValueSpecification\",\"valueRequired\":true,\"valueName\":\"search_term_string\"}}],\"inLanguage\":\"de\"}]}<\/script>\n<!-- \/ Yoast SEO plugin. -->","yoast_head_json":{"title":"\u00a0Intuitive Anatomie - Olena Bouman","robots":{"index":"index","follow":"follow","max-snippet":"max-snippet:-1","max-image-preview":"max-image-preview:large","max-video-preview":"max-video-preview:-1"},"canonical":"https:\/\/fromthesoul.art\/intuitive-anatomy\/","og_locale":"de_DE","og_type":"article","og_title":"\u00a0Intuitive Anatomie - Olena Bouman","og_description":"Intuitive Anatomie Lernen Sie jedes der Systeme des menschlichen K\u00f6rpers kennen und sp\u00fcren Sie die Magie des menschlichen K\u00f6rpersBeseitigen Sie viele giftige Emotionen und ineffektive ProgrammeWie Krankheiten mit der Manifestation bestimmter Emotionen verbunden sindEmotionen sind ein Signal daf\u00fcr, dass einige Systeme aus dem Gleichgewicht geraten sindWelche Emotionen, Programme und Glaubenss\u00e4tze sind in jedem der Systeme...","og_url":"https:\/\/fromthesoul.art\/intuitive-anatomy\/","og_site_name":"Olena Bouman","article_modified_time":"2022-06-27T21:49:27+00:00","twitter_card":"summary_large_image","schema":{"@context":"https:\/\/schema.org","@graph":[{"@type":"WebPage","@id":"https:\/\/fromthesoul.art\/intuitive-anatomy\/","url":"https:\/\/fromthesoul.art\/intuitive-anatomy\/","name":"\u00a0Intuitive Anatomie - Olena Bouman","isPartOf":{"@id":"https:\/\/fromthesoul.art\/#website"},"datePublished":"2022-02-09T09:58:31+00:00","dateModified":"2022-06-27T21:49:27+00:00","breadcrumb":{"@id":"https:\/\/fromthesoul.art\/intuitive-anatomy\/#breadcrumb"},"inLanguage":"de","potentialAction":[{"@type":"ReadAction","target":["https:\/\/fromthesoul.art\/intuitive-anatomy\/"]}]},{"@type":"BreadcrumbList","@id":"https:\/\/fromthesoul.art\/intuitive-anatomy\/#breadcrumb","itemListElement":[{"@type":"ListItem","position":1,"name":"\u0413\u043b\u0430\u0432\u043d\u0430\u044f \u0441\u0442\u0440\u0430\u043d\u0438\u0446\u0430","item":"https:\/\/fromthesoul.art\/de\/"},{"@type":"ListItem","position":2,"name":"\u00a0Intuitive Anatomie"}]},{"@type":"WebSite","@id":"https:\/\/fromthesoul.art\/#website","url":"https:\/\/fromthesoul.art\/","name":"Olena Bouman","description":"From the Soul","potentialAction":[{"@type":"SearchAction","target":{"@type":"EntryPoint","urlTemplate":"https:\/\/fromthesoul.art\/?s={search_term_string}"},"query-input":{"@type":"PropertyValueSpecification","valueRequired":true,"valueName":"search_term_string"}}],"inLanguage":"de"}]}},"_links":{"self":[{"href":"https:\/\/fromthesoul.art\/de\/wp-json\/wp\/v2\/pages\/1157","targetHints":{"allow":["GET"]}}],"collection":[{"href":"https:\/\/fromthesoul.art\/de\/wp-json\/wp\/v2\/pages"}],"about":[{"href":"https:\/\/fromthesoul.art\/de\/wp-json\/wp\/v2\/types\/page"}],"author":[{"embeddable":true,"href":"https:\/\/fromthesoul.art\/de\/wp-json\/wp\/v2\/users\/1"}],"replies":[{"embeddable":true,"href":"https:\/\/fromthesoul.art\/de\/wp-json\/wp\/v2\/comments?post=1157"}],"version-history":[{"count":4,"href":"https:\/\/fromthesoul.art\/de\/wp-json\/wp\/v2\/pages\/1157\/revisions"}],"predecessor-version":[{"id":1355,"href":"https:\/\/fromthesoul.art\/de\/wp-json\/wp\/v2\/pages\/1157\/revisions\/1355"}],"wp:attachment":[{"href":"https:\/\/fromthesoul.art\/de\/wp-json\/wp\/v2\/media?parent=1157"}],"curies":[{"name":"wp","href":"https:\/\/api.w.org\/{rel}","templated":true}]}}