{"id":1156,"date":"2022-01-20T09:02:31","date_gmt":"2022-01-20T09:02:31","guid":{"rendered":"https:\/\/fromthesoul.art\/%d0%b3%d0%bb%d1%83%d0%b1%d0%b8%d0%bd%d0%bd%d1%8b%d0%b5-%d1%80%d0%b0%d1%81%d0%ba%d0%be%d0%bf%d0%ba%d0%b8\/"},"modified":"2022-06-27T21:49:00","modified_gmt":"2022-06-27T21:49:00","slug":"dig-deeper","status":"publish","type":"page","link":"https:\/\/fromthesoul.art\/de\/dig-deeper\/","title":{"rendered":"Dig Deeper"},"content":{"rendered":"\r\n<section class=\"pos-r   \"  id=\"shortcode-8906eead7564be621ddea3d36a3f3e61\" >\r\n\t\t<div class=\"fw-container\">\r\n\t\t<div class=\"fw-row\">\r\n\t\t\t<div id=\"shortcode-e14d75da3908fba9efaef4447a5c5d22\" class=\"fw-col-xs-12 fw-col-sm-12 fw-col-md-12 text-left \" >\r\n\t<img decoding=\"async\" data-src=\"\/\/fromthesoul.art\/wp-content\/uploads\/2022\/01\/certificate_krammer-olena03.jpg\" alt=\"\/\/fromthesoul.art\/wp-content\/uploads\/2022\/01\/certificate_krammer-olena03.jpg\" class=\"lazyload\" data-wow-delay=\"\" src=\"data:image\/svg+xml;base64,PHN2ZyB3aWR0aD0iMSIgaGVpZ2h0PSIxIiB4bWxucz0iaHR0cDovL3d3dy53My5vcmcvMjAwMC9zdmciPjwvc3ZnPg==\" style=\"--smush-placeholder-width: 1920px; --smush-placeholder-aspect-ratio: 1920\/1484;\" \/>\r\n\r\n<div class=\"spacer \" id=\"shortcode-3aa4254a8328b964b7972b5487308136\"><\/div><div class=\"SpecialHeading fw-heading  text-left mt-20 mb-60  \" id=\"shortcode-18c416f0a6ac7bd422a8644cc6489a96\" >\r\n\t\t\t\t\t<h2 class=\"special-title special-heading-letter\">Dig Deeper<\/h2>\t<\/div>\r\n\r\n<div class=\"TextBlock  \" id=\"shortcode-9deef705838f6fe5400e1eb48f3a1a6f\" >\r\n\t<p>DIG DEEPER ist nach den Grund- und Aufbaukursen der dritte Pflichtkurs, der das Recht gibt, die Methode weiter zu verbessern und die restlichen Kurse zu belegen.<\/p><p>Das Hauptziel des Kurses ist es zu lernen, wie man mit Glaubenss\u00e4tzen auf qualitativ hochwertige Weise arbeitet.<\/p><p>Jede Krankheit, jedes Problem oder jede Schwierigkeit ist in irgendeiner Weise von Vorteil. Wir haben dies aus einem bestimmten Grund geschaffen. Das weise Unterbewusstsein h\u00e4lt nichts im Raum eines Menschen, das ihm nicht auf die eine oder andere Weise dient.<\/p><p>Und dies ist eine gro\u00dfartige Gelegenheit, blockierende Glaubenss\u00e4tze auszugraben und zu \u00e4ndern, die \u00fcbrigens aus der Genetik oder der Geschichte stammen k\u00f6nnen, und dies sind verschiedene Arten von Digging mit ihren eigenen Nuancen.<\/p><ul><li>Das Leben schnell und effektiv \u00e4ndern<\/li><li>Limitierende Glaubenss\u00e4tze in allen Sprachen \u00e4ndern und erfahren, welche Glaubenss\u00e4tze nicht ge\u00e4ndert werden k\u00f6nnen<\/li><li>Der Grundglaubenssatz \u00e4ndern, damit er nicht zur\u00fcckkommt<\/li><li>Korrekte Anwendung des Muskeltests<\/li><li>An den Glaubenss\u00e4tzen eines Klienten mit der multiplen Pers\u00f6nlichkeitsst\u00f6rung<\/li><li>Grundlegende Fragen des Dig Deeper stellen<\/li><li>Neue Emotionen integrieren<\/li><li>\u201eNothilfe\u201c leisten, ohne auf Glaubensgrundlage zu arbeiten<\/li><li>Acht schnelle Wege f\u00fcr Dig Deeper<\/li><li>Hindernisse und Schwierigkeiten transformieren<\/li><li>An Werten arbeiten.<\/li><\/ul><\/div><\/div>\r\n\t\t<\/div>\r\n\t<\/div>\r\n\t<\/section>\r\n\n","protected":false},"excerpt":{"rendered":"<p>Dig Deeper DIG DEEPER ist nach den Grund- und Aufbaukursen der dritte Pflichtkurs, der das Recht gibt, die Methode weiter zu verbessern und die restlichen Kurse zu belegen.Das Hauptziel des Kurses ist es zu lernen, wie man mit Glaubenss\u00e4tzen auf qualitativ hochwertige Weise arbeitet.Jede Krankheit, jedes Problem oder jede Schwierigkeit ist in irgendeiner Weise von&#8230;<\/p>\n","protected":false},"author":1,"featured_media":0,"parent":0,"menu_order":0,"comment_status":"closed","ping_status":"closed","template":"","meta":{"footnotes":""},"class_list":["post-1156","page","type-page","status-publish","hentry"],"yoast_head":"<!-- This site is optimized with the Yoast SEO plugin v27.3 - https:\/\/yoast.com\/product\/yoast-seo-wordpress\/ -->\n<title>Dig Deeper - Olena Bouman<\/title>\n<meta name=\"robots\" content=\"index, follow, max-snippet:-1, max-image-preview:large, max-video-preview:-1\" \/>\n<link rel=\"canonical\" href=\"https:\/\/fromthesoul.art\/dig-deeper\/\" \/>\n<meta property=\"og:locale\" content=\"de_DE\" \/>\n<meta property=\"og:type\" content=\"article\" \/>\n<meta property=\"og:title\" content=\"Dig Deeper - Olena Bouman\" \/>\n<meta property=\"og:description\" content=\"Dig Deeper DIG DEEPER ist nach den Grund- und Aufbaukursen der dritte Pflichtkurs, der das Recht gibt, die Methode weiter zu verbessern und die restlichen Kurse zu belegen.Das Hauptziel des Kurses ist es zu lernen, wie man mit Glaubenss\u00e4tzen auf qualitativ hochwertige Weise arbeitet.Jede Krankheit, jedes Problem oder jede Schwierigkeit ist in irgendeiner Weise von...\" \/>\n<meta property=\"og:url\" content=\"https:\/\/fromthesoul.art\/dig-deeper\/\" \/>\n<meta property=\"og:site_name\" content=\"Olena Bouman\" \/>\n<meta property=\"article:modified_time\" content=\"2022-06-27T21:49:00+00:00\" \/>\n<meta name=\"twitter:card\" content=\"summary_large_image\" \/>\n<meta name=\"twitter:label1\" content=\"Gesch\u00e4tzte Lesezeit\" \/>\n\t<meta name=\"twitter:data1\" content=\"1\u00a0Minute\" \/>\n<script type=\"application\/ld+json\" class=\"yoast-schema-graph\">{\"@context\":\"https:\\\/\\\/schema.org\",\"@graph\":[{\"@type\":\"WebPage\",\"@id\":\"https:\\\/\\\/fromthesoul.art\\\/dig-deeper\\\/\",\"url\":\"https:\\\/\\\/fromthesoul.art\\\/dig-deeper\\\/\",\"name\":\"Dig Deeper - Olena Bouman\",\"isPartOf\":{\"@id\":\"https:\\\/\\\/fromthesoul.art\\\/#website\"},\"datePublished\":\"2022-01-20T09:02:31+00:00\",\"dateModified\":\"2022-06-27T21:49:00+00:00\",\"breadcrumb\":{\"@id\":\"https:\\\/\\\/fromthesoul.art\\\/dig-deeper\\\/#breadcrumb\"},\"inLanguage\":\"de\",\"potentialAction\":[{\"@type\":\"ReadAction\",\"target\":[\"https:\\\/\\\/fromthesoul.art\\\/dig-deeper\\\/\"]}]},{\"@type\":\"BreadcrumbList\",\"@id\":\"https:\\\/\\\/fromthesoul.art\\\/dig-deeper\\\/#breadcrumb\",\"itemListElement\":[{\"@type\":\"ListItem\",\"position\":1,\"name\":\"\u0413\u043b\u0430\u0432\u043d\u0430\u044f \u0441\u0442\u0440\u0430\u043d\u0438\u0446\u0430\",\"item\":\"https:\\\/\\\/fromthesoul.art\\\/de\\\/\"},{\"@type\":\"ListItem\",\"position\":2,\"name\":\"Dig Deeper\"}]},{\"@type\":\"WebSite\",\"@id\":\"https:\\\/\\\/fromthesoul.art\\\/#website\",\"url\":\"https:\\\/\\\/fromthesoul.art\\\/\",\"name\":\"Olena Bouman\",\"description\":\"From the Soul\",\"potentialAction\":[{\"@type\":\"SearchAction\",\"target\":{\"@type\":\"EntryPoint\",\"urlTemplate\":\"https:\\\/\\\/fromthesoul.art\\\/?s={search_term_string}\"},\"query-input\":{\"@type\":\"PropertyValueSpecification\",\"valueRequired\":true,\"valueName\":\"search_term_string\"}}],\"inLanguage\":\"de\"}]}<\/script>\n<!-- \/ Yoast SEO plugin. -->","yoast_head_json":{"title":"Dig Deeper - Olena Bouman","robots":{"index":"index","follow":"follow","max-snippet":"max-snippet:-1","max-image-preview":"max-image-preview:large","max-video-preview":"max-video-preview:-1"},"canonical":"https:\/\/fromthesoul.art\/dig-deeper\/","og_locale":"de_DE","og_type":"article","og_title":"Dig Deeper - Olena Bouman","og_description":"Dig Deeper DIG DEEPER ist nach den Grund- und Aufbaukursen der dritte Pflichtkurs, der das Recht gibt, die Methode weiter zu verbessern und die restlichen Kurse zu belegen.Das Hauptziel des Kurses ist es zu lernen, wie man mit Glaubenss\u00e4tzen auf qualitativ hochwertige Weise arbeitet.Jede Krankheit, jedes Problem oder jede Schwierigkeit ist in irgendeiner Weise von...","og_url":"https:\/\/fromthesoul.art\/dig-deeper\/","og_site_name":"Olena Bouman","article_modified_time":"2022-06-27T21:49:00+00:00","twitter_card":"summary_large_image","twitter_misc":{"Gesch\u00e4tzte Lesezeit":"1\u00a0Minute"},"schema":{"@context":"https:\/\/schema.org","@graph":[{"@type":"WebPage","@id":"https:\/\/fromthesoul.art\/dig-deeper\/","url":"https:\/\/fromthesoul.art\/dig-deeper\/","name":"Dig Deeper - Olena Bouman","isPartOf":{"@id":"https:\/\/fromthesoul.art\/#website"},"datePublished":"2022-01-20T09:02:31+00:00","dateModified":"2022-06-27T21:49:00+00:00","breadcrumb":{"@id":"https:\/\/fromthesoul.art\/dig-deeper\/#breadcrumb"},"inLanguage":"de","potentialAction":[{"@type":"ReadAction","target":["https:\/\/fromthesoul.art\/dig-deeper\/"]}]},{"@type":"BreadcrumbList","@id":"https:\/\/fromthesoul.art\/dig-deeper\/#breadcrumb","itemListElement":[{"@type":"ListItem","position":1,"name":"\u0413\u043b\u0430\u0432\u043d\u0430\u044f \u0441\u0442\u0440\u0430\u043d\u0438\u0446\u0430","item":"https:\/\/fromthesoul.art\/de\/"},{"@type":"ListItem","position":2,"name":"Dig Deeper"}]},{"@type":"WebSite","@id":"https:\/\/fromthesoul.art\/#website","url":"https:\/\/fromthesoul.art\/","name":"Olena Bouman","description":"From the Soul","potentialAction":[{"@type":"SearchAction","target":{"@type":"EntryPoint","urlTemplate":"https:\/\/fromthesoul.art\/?s={search_term_string}"},"query-input":{"@type":"PropertyValueSpecification","valueRequired":true,"valueName":"search_term_string"}}],"inLanguage":"de"}]}},"_links":{"self":[{"href":"https:\/\/fromthesoul.art\/de\/wp-json\/wp\/v2\/pages\/1156","targetHints":{"allow":["GET"]}}],"collection":[{"href":"https:\/\/fromthesoul.art\/de\/wp-json\/wp\/v2\/pages"}],"about":[{"href":"https:\/\/fromthesoul.art\/de\/wp-json\/wp\/v2\/types\/page"}],"author":[{"embeddable":true,"href":"https:\/\/fromthesoul.art\/de\/wp-json\/wp\/v2\/users\/1"}],"replies":[{"embeddable":true,"href":"https:\/\/fromthesoul.art\/de\/wp-json\/wp\/v2\/comments?post=1156"}],"version-history":[{"count":4,"href":"https:\/\/fromthesoul.art\/de\/wp-json\/wp\/v2\/pages\/1156\/revisions"}],"predecessor-version":[{"id":1339,"href":"https:\/\/fromthesoul.art\/de\/wp-json\/wp\/v2\/pages\/1156\/revisions\/1339"}],"wp:attachment":[{"href":"https:\/\/fromthesoul.art\/de\/wp-json\/wp\/v2\/media?parent=1156"}],"curies":[{"name":"wp","href":"https:\/\/api.w.org\/{rel}","templated":true}]}}