{"id":1155,"date":"2022-01-20T09:02:23","date_gmt":"2022-01-20T09:02:23","guid":{"rendered":"https:\/\/fromthesoul.art\/%d0%b1%d0%b0%d0%b7%d0%be%d0%b2%d1%8b%d0%b9-%d0%b4%d0%bd%d0%ba\/"},"modified":"2022-06-27T21:48:25","modified_gmt":"2022-06-27T21:48:25","slug":"basic-dna","status":"publish","type":"page","link":"https:\/\/fromthesoul.art\/de\/basic-dna\/","title":{"rendered":"Grundlegende DNA"},"content":{"rendered":"\r\n<section class=\"pos-r   \"  id=\"shortcode-8906eead7564be621ddea3d36a3f3e61\" >\r\n\t\t<div class=\"fw-container\">\r\n\t\t<div class=\"fw-row\">\r\n\t\t\t<div id=\"shortcode-e14d75da3908fba9efaef4447a5c5d22\" class=\"fw-col-xs-12 fw-col-sm-12 fw-col-md-12 text-left \" >\r\n\t<img decoding=\"async\" data-src=\"\/\/fromthesoul.art\/wp-content\/uploads\/2022\/01\/certificate_krammer-olena01.jpg\" alt=\"\/\/fromthesoul.art\/wp-content\/uploads\/2022\/01\/certificate_krammer-olena01.jpg\" class=\"lazyload\" data-wow-delay=\"\" src=\"data:image\/svg+xml;base64,PHN2ZyB3aWR0aD0iMSIgaGVpZ2h0PSIxIiB4bWxucz0iaHR0cDovL3d3dy53My5vcmcvMjAwMC9zdmciPjwvc3ZnPg==\" style=\"--smush-placeholder-width: 1920px; --smush-placeholder-aspect-ratio: 1920\/1484;\" \/>\r\n\r\n<div class=\"spacer \" id=\"shortcode-3aa4254a8328b964b7972b5487308136\"><\/div><div class=\"SpecialHeading fw-heading  text-left mt-20 mb-60  \" id=\"shortcode-18c416f0a6ac7bd422a8644cc6489a96\" >\r\n\t\t\t\t\t<h2 class=\"special-title special-heading-letter\">Grundlegende DNA<\/h2>\t<\/div>\r\n\r\n<div class=\"TextBlock  \" id=\"shortcode-9deef705838f6fe5400e1eb48f3a1a6f\" >\r\n\t<ul><li>Wellenfrequenzen des Gehirns und wie man lernt, in den Theta-Zustand einzutreten, der Ihnen Zugang zu neuem Wissen und F\u00e4higkeiten verschafft<\/li><li>Entdeckung der Ursachen von Problemen und Krankheiten, eigene Heilung und die anderer Menschen<\/li><li>Vier Ebenen, auf denen unsere Glaubenss\u00e4tze gespeichert sind, woher sie kommen und wie sie unser Leben beeinflussen<\/li><li>Durchf\u00fchrung von \u201eDigging\u201c: Suche nach blockierenden Glaubenss\u00e4tzen, die Probleme und Krankheiten im Leben verursachen, und ihre Ersetzung<\/li><li>Wie man dieses System nutzt, um die Gesundheit, das Wohlbefinden und die Weltwahrnehmung zu f\u00f6rdern<\/li><li>Wie man \u00c4ngste und Phobien loswird<\/li><li>Funktion von Genen in DNA, Aktivierung von DNA, Chromosomen der Jugend und Vitalit\u00e4t, sowie Heilung genetischer Defekte<\/li><li>Entwicklung Ihrer \u00fcbersinnlichen F\u00e4higkeiten: Empathie, Hellsehen, Hellh\u00f6ren<\/li><li>Intuitives Ablesen von Informationen des menschlichen K\u00f6rpers<\/li><li>Zukunftsvorhersage<\/li><li>Kommunikation mit Schutzengeln<\/li><li>Verschiedene Existenzbereiche<\/li><li>Manifestationstechnik, Verwirklichung Ihrer W\u00fcnsche und Tr\u00e4ume.<\/li><\/ul><\/div><\/div>\r\n\t\t<\/div>\r\n\t<\/div>\r\n\t<\/section>\r\n\n","protected":false},"excerpt":{"rendered":"<p>Grundlegende DNA Wellenfrequenzen des Gehirns und wie man lernt, in den Theta-Zustand einzutreten, der Ihnen Zugang zu neuem Wissen und F\u00e4higkeiten verschafftEntdeckung der Ursachen von Problemen und Krankheiten, eigene Heilung und die anderer MenschenVier Ebenen, auf denen unsere Glaubenss\u00e4tze gespeichert sind, woher sie kommen und wie sie unser Leben beeinflussenDurchf\u00fchrung von \u201eDigging\u201c: Suche nach blockierenden&#8230;<\/p>\n","protected":false},"author":1,"featured_media":0,"parent":0,"menu_order":0,"comment_status":"closed","ping_status":"closed","template":"","meta":{"footnotes":""},"class_list":["post-1155","page","type-page","status-publish","hentry"],"yoast_head":"<!-- This site is optimized with the Yoast SEO plugin v27.3 - https:\/\/yoast.com\/product\/yoast-seo-wordpress\/ -->\n<title>Grundlegende DNA - Olena Bouman<\/title>\n<meta name=\"robots\" content=\"index, follow, max-snippet:-1, max-image-preview:large, max-video-preview:-1\" \/>\n<link rel=\"canonical\" href=\"https:\/\/fromthesoul.art\/basic-dna\/\" \/>\n<meta property=\"og:locale\" content=\"de_DE\" \/>\n<meta property=\"og:type\" content=\"article\" \/>\n<meta property=\"og:title\" content=\"Grundlegende DNA - Olena Bouman\" \/>\n<meta property=\"og:description\" content=\"Grundlegende DNA Wellenfrequenzen des Gehirns und wie man lernt, in den Theta-Zustand einzutreten, der Ihnen Zugang zu neuem Wissen und F\u00e4higkeiten verschafftEntdeckung der Ursachen von Problemen und Krankheiten, eigene Heilung und die anderer MenschenVier Ebenen, auf denen unsere Glaubenss\u00e4tze gespeichert sind, woher sie kommen und wie sie unser Leben beeinflussenDurchf\u00fchrung von \u201eDigging\u201c: Suche nach blockierenden...\" \/>\n<meta property=\"og:url\" content=\"https:\/\/fromthesoul.art\/basic-dna\/\" \/>\n<meta property=\"og:site_name\" content=\"Olena Bouman\" \/>\n<meta property=\"article:modified_time\" content=\"2022-06-27T21:48:25+00:00\" \/>\n<meta name=\"twitter:card\" content=\"summary_large_image\" \/>\n<meta name=\"twitter:label1\" content=\"Gesch\u00e4tzte Lesezeit\" \/>\n\t<meta name=\"twitter:data1\" content=\"1\u00a0Minute\" \/>\n<script type=\"application\/ld+json\" class=\"yoast-schema-graph\">{\"@context\":\"https:\\\/\\\/schema.org\",\"@graph\":[{\"@type\":\"WebPage\",\"@id\":\"https:\\\/\\\/fromthesoul.art\\\/basic-dna\\\/\",\"url\":\"https:\\\/\\\/fromthesoul.art\\\/basic-dna\\\/\",\"name\":\"Grundlegende DNA - Olena Bouman\",\"isPartOf\":{\"@id\":\"https:\\\/\\\/fromthesoul.art\\\/#website\"},\"datePublished\":\"2022-01-20T09:02:23+00:00\",\"dateModified\":\"2022-06-27T21:48:25+00:00\",\"breadcrumb\":{\"@id\":\"https:\\\/\\\/fromthesoul.art\\\/basic-dna\\\/#breadcrumb\"},\"inLanguage\":\"de\",\"potentialAction\":[{\"@type\":\"ReadAction\",\"target\":[\"https:\\\/\\\/fromthesoul.art\\\/basic-dna\\\/\"]}]},{\"@type\":\"BreadcrumbList\",\"@id\":\"https:\\\/\\\/fromthesoul.art\\\/basic-dna\\\/#breadcrumb\",\"itemListElement\":[{\"@type\":\"ListItem\",\"position\":1,\"name\":\"\u0413\u043b\u0430\u0432\u043d\u0430\u044f \u0441\u0442\u0440\u0430\u043d\u0438\u0446\u0430\",\"item\":\"https:\\\/\\\/fromthesoul.art\\\/de\\\/\"},{\"@type\":\"ListItem\",\"position\":2,\"name\":\"Grundlegende DNA\"}]},{\"@type\":\"WebSite\",\"@id\":\"https:\\\/\\\/fromthesoul.art\\\/#website\",\"url\":\"https:\\\/\\\/fromthesoul.art\\\/\",\"name\":\"Olena Bouman\",\"description\":\"From the Soul\",\"potentialAction\":[{\"@type\":\"SearchAction\",\"target\":{\"@type\":\"EntryPoint\",\"urlTemplate\":\"https:\\\/\\\/fromthesoul.art\\\/?s={search_term_string}\"},\"query-input\":{\"@type\":\"PropertyValueSpecification\",\"valueRequired\":true,\"valueName\":\"search_term_string\"}}],\"inLanguage\":\"de\"}]}<\/script>\n<!-- \/ Yoast SEO plugin. -->","yoast_head_json":{"title":"Grundlegende DNA - Olena Bouman","robots":{"index":"index","follow":"follow","max-snippet":"max-snippet:-1","max-image-preview":"max-image-preview:large","max-video-preview":"max-video-preview:-1"},"canonical":"https:\/\/fromthesoul.art\/basic-dna\/","og_locale":"de_DE","og_type":"article","og_title":"Grundlegende DNA - Olena Bouman","og_description":"Grundlegende DNA Wellenfrequenzen des Gehirns und wie man lernt, in den Theta-Zustand einzutreten, der Ihnen Zugang zu neuem Wissen und F\u00e4higkeiten verschafftEntdeckung der Ursachen von Problemen und Krankheiten, eigene Heilung und die anderer MenschenVier Ebenen, auf denen unsere Glaubenss\u00e4tze gespeichert sind, woher sie kommen und wie sie unser Leben beeinflussenDurchf\u00fchrung von \u201eDigging\u201c: Suche nach blockierenden...","og_url":"https:\/\/fromthesoul.art\/basic-dna\/","og_site_name":"Olena Bouman","article_modified_time":"2022-06-27T21:48:25+00:00","twitter_card":"summary_large_image","twitter_misc":{"Gesch\u00e4tzte Lesezeit":"1\u00a0Minute"},"schema":{"@context":"https:\/\/schema.org","@graph":[{"@type":"WebPage","@id":"https:\/\/fromthesoul.art\/basic-dna\/","url":"https:\/\/fromthesoul.art\/basic-dna\/","name":"Grundlegende DNA - Olena Bouman","isPartOf":{"@id":"https:\/\/fromthesoul.art\/#website"},"datePublished":"2022-01-20T09:02:23+00:00","dateModified":"2022-06-27T21:48:25+00:00","breadcrumb":{"@id":"https:\/\/fromthesoul.art\/basic-dna\/#breadcrumb"},"inLanguage":"de","potentialAction":[{"@type":"ReadAction","target":["https:\/\/fromthesoul.art\/basic-dna\/"]}]},{"@type":"BreadcrumbList","@id":"https:\/\/fromthesoul.art\/basic-dna\/#breadcrumb","itemListElement":[{"@type":"ListItem","position":1,"name":"\u0413\u043b\u0430\u0432\u043d\u0430\u044f \u0441\u0442\u0440\u0430\u043d\u0438\u0446\u0430","item":"https:\/\/fromthesoul.art\/de\/"},{"@type":"ListItem","position":2,"name":"Grundlegende DNA"}]},{"@type":"WebSite","@id":"https:\/\/fromthesoul.art\/#website","url":"https:\/\/fromthesoul.art\/","name":"Olena Bouman","description":"From the Soul","potentialAction":[{"@type":"SearchAction","target":{"@type":"EntryPoint","urlTemplate":"https:\/\/fromthesoul.art\/?s={search_term_string}"},"query-input":{"@type":"PropertyValueSpecification","valueRequired":true,"valueName":"search_term_string"}}],"inLanguage":"de"}]}},"_links":{"self":[{"href":"https:\/\/fromthesoul.art\/de\/wp-json\/wp\/v2\/pages\/1155","targetHints":{"allow":["GET"]}}],"collection":[{"href":"https:\/\/fromthesoul.art\/de\/wp-json\/wp\/v2\/pages"}],"about":[{"href":"https:\/\/fromthesoul.art\/de\/wp-json\/wp\/v2\/types\/page"}],"author":[{"embeddable":true,"href":"https:\/\/fromthesoul.art\/de\/wp-json\/wp\/v2\/users\/1"}],"replies":[{"embeddable":true,"href":"https:\/\/fromthesoul.art\/de\/wp-json\/wp\/v2\/comments?post=1155"}],"version-history":[{"count":4,"href":"https:\/\/fromthesoul.art\/de\/wp-json\/wp\/v2\/pages\/1155\/revisions"}],"predecessor-version":[{"id":1335,"href":"https:\/\/fromthesoul.art\/de\/wp-json\/wp\/v2\/pages\/1155\/revisions\/1335"}],"wp:attachment":[{"href":"https:\/\/fromthesoul.art\/de\/wp-json\/wp\/v2\/media?parent=1155"}],"curies":[{"name":"wp","href":"https:\/\/api.w.org\/{rel}","templated":true}]}}