{"id":1153,"date":"2017-08-07T13:47:57","date_gmt":"2017-08-07T13:47:57","guid":{"rendered":"https:\/\/fromthesoul.art\/front-page\/"},"modified":"2026-02-15T15:13:52","modified_gmt":"2026-02-15T15:13:52","slug":"hauptseite","status":"publish","type":"page","link":"https:\/\/fromthesoul.art\/de\/hauptseite\/","title":{"rendered":"Buch"},"content":{"rendered":"<div id=\"book\"><\/div>\n<section class=\"pos-r hidden-xs hidden-sm \" id=\"shortcode-892d13b43a6369c32495b3cfe0a197e3\">\n<div class=\"fw-container\">\n<div class=\"fw-row\">\n<div id=\"shortcode-52191f4c19e185eb311615a93688348a\" class=\"fw-col-xs-12 fw-col-sm-12 fw-col-md-6 text-left \">\n<div class=\"BookImage \" id=\"shortcode-5591d9c1222250ad7b36ef0b07a72f84\">\n<div class=\"book-image-wrapper SingleProductImage\">\n<div class=\"PageFlipBook\">\n\t\t\t\t\t\t\t\t\t\t\t\t\t\t\t\t\t\t<a href=\"#\" class=\"has-edge has-edge-thick is-page-flip has_audio_modal\" data-post-id=\"9\"><\/p>\n<div class=\"page-flip-book-ribbon\"><span>Buch lesen<\/span><\/div>\n<p>\t\t\t\t\t\t<img decoding=\"async\" data-src=\"https:\/\/fromthesoul.art\/wp-content\/uploads\/2023\/11\/Ein-Brief-fur-dich-489x700.jpg\" class=\"wp-post-image lazyload\" src=\"data:image\/svg+xml;base64,PHN2ZyB3aWR0aD0iMSIgaGVpZ2h0PSIxIiB4bWxucz0iaHR0cDovL3d3dy53My5vcmcvMjAwMC9zdmciPjwvc3ZnPg==\" style=\"--smush-placeholder-width: 489px; --smush-placeholder-aspect-ratio: 489\/700;\"><br \/>\n\t\t\t\t\t<\/a><\/p>\n<div class=\"product_book_audio is-page-flip\">\n                            <a href=\"#\" class=\"page-flip-book-ribbon\" data-toggle=\"modal\" data-target=\"#5591d9c1222250ad7b36ef0b07a72f84\"><br \/>\n                                <span>Buch h\u00f6ren<\/span><br \/>\n                            <\/a>\n                        <\/div>\n<\/p><\/div>\n<\/p><\/div>\n<\/p><\/div>\n<p><!-- end BookImage --><\/p>\n<div class=\"modal fade modal-audio\" id=\"5591d9c1222250ad7b36ef0b07a72f84\" role=\"dialog\" aria-hidden=\"true\">\n<div class=\"modal-dialog modal-dialog-centered\" role=\"document\">\n<div class=\"modal-content\">\n<div class=\"modal-header\">\n                    <button type=\"button\" class=\"close\" data-dismiss=\"modal\" aria-label=\"Close\"><br \/>\n                        <i class=\"fa fa-times\" aria-hidden=\"true\"><\/i><br \/>\n                    <\/button>\n                <\/div>\n<div class=\"modal-body\">\n<div class=\"modal-video-iframe\">\n                        <audio controls=\"\" src=\"https:\/\/fromthesoul.art\/wp-content\/uploads\/audio-book\/%D0%93%D0%BB%D0%B0%D0%B2%D0%B0_01.mp3\"><\/audio>\n                    <\/div>\n<\/p><\/div>\n<\/p><\/div>\n<\/p><\/div>\n<\/p><\/div>\n<\/div>\n<div id=\"shortcode-20f3c579228ddbffa5b5c339523e219d\" class=\"fw-col-xs-12 fw-col-sm-12 fw-col-md-6 text-left \">\n<div class=\"spacer \" id=\"shortcode-5b70e2eaf75a15624d09209d1749f664\"><\/div>\n<div class=\"SpecialHeading fw-heading text-left mt-20 mb-60 \" id=\"shortcode-e6b75d28dc4e1e159a20e1c05bf76492\">\n<h2 class=\"special-title special-heading-letter\">Ein Brief f\u00fcr dich.<\/h2>\n<div class=\"special-subtitle\"> (\u00dcber das wichtiigste hinter vorbechaltener Hand)<\/div>\n<\/p><\/div>\n<div class=\"TextBlock is-wow fadeInUp\" id=\"shortcode-a5b89816799f31226f639aa23d46945a\" data-wow-delay=\"0s\">\n<p>In Zeiten, in denen das Wesentliche im Alltagstrubel oft verloren geht, gewinnt aufrichtige freundschaftliche Unterst\u00fctzung eine besondere Bedeutung.<\/p>\n<p>Genau deshalb h\u00e4ltst du nicht einfach ein Buch in den H\u00e4nden, sondern Briefe. Genau deshalb ist ihre Autorin nicht nur eine Schriftstellerin, sondern Deine Freundin. \u0415\u0435 \u043f\u043e\u0441\u043b\u0430\u043d\u0438\u044f \u0430\u0434\u0440\u0435\u0441\u043e\u0432\u0430\u043d\u044b \u043a\u0430\u0436\u0434\u043e\u0439 \u0436\u0435\u043d\u0449\u0438\u043d\u0435, \u043a\u043e\u0442\u043e\u0440\u043e\u0439 \u0437\u043d\u0430\u043a\u043e\u043c\u044b \u0440\u0430\u0437\u043e\u0447\u0430\u0440\u043e\u0432\u0430\u043d\u0438\u044f \u043d\u0435\u0441\u0431\u044b\u0432\u0448\u0438\u0445\u0441\u044f \u0436\u0435\u043b\u0430\u043d\u0438\u0439.  An alle, die bereit sind, eine Lebenskrise in einen Ausgangspunkt zu verwandeln, sich von falschen Erwartungen zu l\u00f6sen, zu lernen, sich selbst zu lieben und F\u00fclle bereits hier und jetzt zu erleben.<\/p>\n<\/div>\n<div class=\"spacer \" id=\"shortcode-97e2b87999493079bbd1fd2d44684df6\"><\/div>\n<p>\t\t\t<a href=\"https:\/\/fromthesoul.art\/de\/produkt\/a-letter-for-you\/\" class=\"shortcode-button btn btn-color is-wow fadeIn\" id=\"shortcode-1dbfa75156106a552b4a26504b193987\" data-wow-delay=\"0.1s\"><br \/>\n<span>Buch kaufen<\/span><br \/>\n<\/a><\/p>\n<p><button type=\"button\" class=\"shortcode-button btn btn-normal is-wow fadeIn\" data-toggle=\"modal\" data-target=\"#48a8d16ea37c1ce149e25d9c321cee74\"><br \/>\nBuchtrailer <\/button> <\/p>\n<div class=\"modal fade modal-video\" id=\"48a8d16ea37c1ce149e25d9c321cee74\" role=\"dialog\" aria-hidden=\"true\">\n<div class=\"modal-dialog modal-dialog-centered\" role=\"document\">\n<div class=\"modal-content\">\n<div class=\"modal-header\">\n                    <button type=\"button\" class=\"close\" data-dismiss=\"modal\" aria-label=\"Close\"><br \/>\n                        <i class=\"fa fa-times\" aria-hidden=\"true\"><\/i><br \/>\n                    <\/button>\n                <\/div>\n<div class=\"modal-body\">\n<div class=\"modal-video-iframe\"><\/div>\n<\/p><\/div>\n<\/p><\/div>\n<\/p><\/div>\n<\/p><\/div>\n<\/div><\/div>\n<\/p><\/div>\n<\/section>\n<div id=\"book\"><\/div>\n<section class=\"pos-r hidden-md hidden-lg \" id=\"shortcode-550151bda2acc24ce9265db81d4e8ece\">\n<div class=\"fw-container\">\n<div class=\"fw-row\">\n<div id=\"shortcode-6ed72d95877cb50267dd7086bc5c6fbf\" class=\"fw-col-xs-12 fw-col-sm-12 fw-col-md-6 text-left hidden-md hidden-lg \">\n<div class=\"BookImage \" id=\"shortcode-9eb652f729c0d7f7991d761840bd28e6\">\n<div class=\"book-image-wrapper SingleProductImage\">\n<div class=\"PageFlipBook\">\n\t\t\t\t\t\t\t\t\t\t\t\t\t\t\t\t\t\t<a href=\"#\" class=\"has-edge has-edge-thick is-page-flip has_audio_modal\" data-post-id=\"9\"><\/p>\n<div class=\"page-flip-book-ribbon\"><span>Buch lesen<\/span><\/div>\n<p>\t\t\t\t\t\t<img decoding=\"async\" data-src=\"https:\/\/fromthesoul.art\/wp-content\/uploads\/2023\/11\/Ein-Brief-fur-dich-489x700.jpg\" class=\"wp-post-image lazyload\" src=\"data:image\/svg+xml;base64,PHN2ZyB3aWR0aD0iMSIgaGVpZ2h0PSIxIiB4bWxucz0iaHR0cDovL3d3dy53My5vcmcvMjAwMC9zdmciPjwvc3ZnPg==\" style=\"--smush-placeholder-width: 489px; --smush-placeholder-aspect-ratio: 489\/700;\"><br \/>\n\t\t\t\t\t<\/a><\/p>\n<div class=\"product_book_audio is-page-flip\">\n                            <a href=\"#\" class=\"page-flip-book-ribbon\" data-toggle=\"modal\" data-target=\"#9eb652f729c0d7f7991d761840bd28e6\"><br \/>\n                                <span>Buch h\u00f6ren<\/span><br \/>\n                            <\/a>\n                        <\/div>\n<\/p><\/div>\n<\/p><\/div>\n<\/p><\/div>\n<p><!-- end BookImage --><\/p>\n<div class=\"modal fade modal-audio\" id=\"9eb652f729c0d7f7991d761840bd28e6\" role=\"dialog\" aria-hidden=\"true\">\n<div class=\"modal-dialog modal-dialog-centered\" role=\"document\">\n<div class=\"modal-content\">\n<div class=\"modal-header\">\n                    <button type=\"button\" class=\"close\" data-dismiss=\"modal\" aria-label=\"Close\"><br \/>\n                        <i class=\"fa fa-times\" aria-hidden=\"true\"><\/i><br \/>\n                    <\/button>\n                <\/div>\n<div class=\"modal-body\">\n<div class=\"modal-video-iframe\">\n                        <audio controls=\"\" src=\"https:\/\/fromthesoul.art\/wp-content\/uploads\/audio-book\/%D0%93%D0%BB%D0%B0%D0%B2%D0%B0_01.mp3\"><\/audio>\n                    <\/div>\n<\/p><\/div>\n<\/p><\/div>\n<\/p><\/div>\n<\/p><\/div>\n<div class=\"spacer \" id=\"shortcode-9054acc9c3fee2671727641bcf701af1\"><\/div>\n<\/div>\n<div id=\"shortcode-3e1dd6178b81af94e10b47e31e6a243e\" class=\"fw-col-xs-12 fw-col-sm-12 fw-col-md-6 text-left \">\n<div class=\"spacer \" id=\"shortcode-408c57962fe633543655d60984f0c7a1\"><\/div>\n<div class=\"SpecialHeading fw-heading text-left mt-20 mb-60 \" id=\"shortcode-1aa2115b30356701c6b48be67cd0a86d\">\n<h2 class=\"special-title special-heading-letter\">Ein Brief f\u00fcr dich.<\/h2>\n<div class=\"special-subtitle\"> (\u00dcber das wichtiigste hinter vorbechaltener Hand)<\/div>\n<\/p><\/div>\n<div class=\"TextBlock is-wow fadeInUp\" id=\"shortcode-f4b79597627cfcab2362f68c8e84a771\" data-wow-delay=\"0s\">\n<p>In Zeiten, in denen das Wesentliche im Alltagstrubel oft verloren geht, gewinnt aufrichtige freundschaftliche Unterst\u00fctzung eine besondere Bedeutung.<\/p>\n<p>Genau deshalb h\u00e4ltst du nicht einfach ein Buch in den H\u00e4nden, sondern Briefe. Genau deshalb ist ihre Autorin nicht nur eine Schriftstellerin, sondern Deine Freundin. \u0415\u0435 \u043f\u043e\u0441\u043b\u0430\u043d\u0438\u044f \u0430\u0434\u0440\u0435\u0441\u043e\u0432\u0430\u043d\u044b \u043a\u0430\u0436\u0434\u043e\u0439 \u0436\u0435\u043d\u0449\u0438\u043d\u0435, \u043a\u043e\u0442\u043e\u0440\u043e\u0439 \u0437\u043d\u0430\u043a\u043e\u043c\u044b \u0440\u0430\u0437\u043e\u0447\u0430\u0440\u043e\u0432\u0430\u043d\u0438\u044f \u043d\u0435\u0441\u0431\u044b\u0432\u0448\u0438\u0445\u0441\u044f \u0436\u0435\u043b\u0430\u043d\u0438\u0439. An alle, die bereit sind, eine Lebenskrise in einen Ausgangspunkt zu verwandeln, sich von falschen Erwartungen zu l\u00f6sen, zu lernen, sich selbst zu lieben und F\u00fclle bereits hier und jetzt zu erleben.<\/p>\n<\/div>\n<div class=\"spacer \" id=\"shortcode-a6c5f9e9c85386a09e67c5ce1db0b8e2\"><\/div>\n<p>\t\t\t<a href=\"https:\/\/fromthesoul.art\/de\/produkt\/a-letter-for-you\/\" class=\"shortcode-button btn btn-color is-wow fadeIn\" id=\"shortcode-9b08d505233201bd17e0885700d2ca47\" data-wow-delay=\"0.1s\"><br \/>\n<span>\u00dcber das Buch<\/span><br \/>\n<\/a><\/p>\n<p><button type=\"button\" class=\"shortcode-button btn btn-normal is-wow fadeIn\" data-toggle=\"modal\" data-target=\"#34e2917766e77a75d24aa5ece08251bd\"><br \/>\nBuchtrailer <\/button> <\/p>\n<div class=\"modal fade modal-video\" id=\"34e2917766e77a75d24aa5ece08251bd\" role=\"dialog\" aria-hidden=\"true\">\n<div class=\"modal-dialog modal-dialog-centered\" role=\"document\">\n<div class=\"modal-content\">\n<div class=\"modal-header\">\n                    <button type=\"button\" class=\"close\" data-dismiss=\"modal\" aria-label=\"Close\"><br \/>\n                        <i class=\"fa fa-times\" aria-hidden=\"true\"><\/i><br \/>\n                    <\/button>\n                <\/div>\n<div class=\"modal-body\">\n<div class=\"modal-video-iframe\"><\/div>\n<\/p><\/div>\n<\/p><\/div>\n<\/p><\/div>\n<\/p><\/div>\n<\/div><\/div>\n<\/p><\/div>\n<\/section>\n<div id=\"about\"><\/div>\n<section class=\"pos-r \" id=\"shortcode-db685446fda9fdadea1f64db30e54659\">\n<div class=\"fw-container\">\n<div class=\"fw-row\">\n\t\t\t\t\t<\/div>\n<\/p><\/div>\n<\/section>\n<div id=\"theta-healing\"><\/div>\n<section class=\"pos-r \" id=\"shortcode-4180da9fc85e49efe3f72d1b8f7aacd0\">\n<div class=\"fw-container\">\n<div class=\"fw-row\">\n\t\t\t\t\t<\/div>\n<\/p><\/div>\n<\/section>\n<p><!-- f1f31c601722adee815e6aa5e73449dd --><\/p>\n","protected":false},"excerpt":{"rendered":"<p>Buch lesen Buch h\u00f6ren Ein Brief f\u00fcr dich. (\u00dcber das wichtiigste hinter vorbechaltener Hand) In Zeiten, in denen das Wesentliche im Alltagstrubel oft verloren geht, gewinnt aufrichtige freundschaftliche Unterst\u00fctzung eine besondere Bedeutung. Genau deshalb h\u00e4ltst du nicht einfach ein Buch in den H\u00e4nden, sondern Briefe. Genau deshalb ist ihre Autorin nicht nur eine Schriftstellerin, sondern&#8230;<\/p>\n","protected":false},"author":1,"featured_media":0,"parent":0,"menu_order":0,"comment_status":"closed","ping_status":"closed","template":"","meta":{"footnotes":""},"class_list":["post-1153","page","type-page","status-publish","hentry"],"yoast_head":"<!-- This site is optimized with the Yoast SEO plugin v27.3 - https:\/\/yoast.com\/product\/yoast-seo-wordpress\/ -->\n<title>Buch - Olena Bouman<\/title>\n<meta name=\"robots\" content=\"index, follow, max-snippet:-1, max-image-preview:large, max-video-preview:-1\" \/>\n<link rel=\"canonical\" href=\"https:\/\/fromthesoul.art\/book\/\" \/>\n<meta property=\"og:locale\" content=\"de_DE\" \/>\n<meta property=\"og:type\" content=\"article\" \/>\n<meta property=\"og:title\" content=\"Buch - Olena Bouman\" \/>\n<meta property=\"og:description\" content=\"Buch lesen Buch h\u00f6ren Ein Brief f\u00fcr dich. (\u00dcber das wichtiigste hinter vorbechaltener Hand) In Zeiten, in denen das Wesentliche im Alltagstrubel oft verloren geht, gewinnt aufrichtige freundschaftliche Unterst\u00fctzung eine besondere Bedeutung. Genau deshalb h\u00e4ltst du nicht einfach ein Buch in den H\u00e4nden, sondern Briefe. Genau deshalb ist ihre Autorin nicht nur eine Schriftstellerin, sondern...\" \/>\n<meta property=\"og:url\" content=\"https:\/\/fromthesoul.art\/book\/\" \/>\n<meta property=\"og:site_name\" content=\"Olena Bouman\" \/>\n<meta property=\"article:modified_time\" content=\"2026-02-15T15:13:52+00:00\" \/>\n<meta property=\"og:image\" content=\"https:\/\/fromthesoul.art\/wp-content\/uploads\/2023\/11\/Ein-Brief-fur-dich-489x700.jpg\" \/>\n<meta name=\"twitter:card\" content=\"summary_large_image\" \/>\n<meta name=\"twitter:label1\" content=\"Gesch\u00e4tzte Lesezeit\" \/>\n\t<meta name=\"twitter:data1\" content=\"1\u00a0Minute\" \/>\n<script type=\"application\/ld+json\" class=\"yoast-schema-graph\">{\"@context\":\"https:\\\/\\\/schema.org\",\"@graph\":[{\"@type\":\"WebPage\",\"@id\":\"https:\\\/\\\/fromthesoul.art\\\/book\\\/\",\"url\":\"https:\\\/\\\/fromthesoul.art\\\/book\\\/\",\"name\":\"Buch - Olena Bouman\",\"isPartOf\":{\"@id\":\"https:\\\/\\\/fromthesoul.art\\\/#website\"},\"primaryImageOfPage\":{\"@id\":\"https:\\\/\\\/fromthesoul.art\\\/book\\\/#primaryimage\"},\"image\":{\"@id\":\"https:\\\/\\\/fromthesoul.art\\\/book\\\/#primaryimage\"},\"thumbnailUrl\":\"https:\\\/\\\/fromthesoul.art\\\/wp-content\\\/uploads\\\/2023\\\/11\\\/Ein-Brief-fur-dich-489x700.jpg\",\"datePublished\":\"2017-08-07T13:47:57+00:00\",\"dateModified\":\"2026-02-15T15:13:52+00:00\",\"breadcrumb\":{\"@id\":\"https:\\\/\\\/fromthesoul.art\\\/book\\\/#breadcrumb\"},\"inLanguage\":\"de\",\"potentialAction\":[{\"@type\":\"ReadAction\",\"target\":[\"https:\\\/\\\/fromthesoul.art\\\/book\\\/\"]}]},{\"@type\":\"ImageObject\",\"inLanguage\":\"de\",\"@id\":\"https:\\\/\\\/fromthesoul.art\\\/book\\\/#primaryimage\",\"url\":\"https:\\\/\\\/fromthesoul.art\\\/wp-content\\\/uploads\\\/2023\\\/11\\\/Ein-Brief-fur-dich-489x700.jpg\",\"contentUrl\":\"https:\\\/\\\/fromthesoul.art\\\/wp-content\\\/uploads\\\/2023\\\/11\\\/Ein-Brief-fur-dich-489x700.jpg\"},{\"@type\":\"BreadcrumbList\",\"@id\":\"https:\\\/\\\/fromthesoul.art\\\/book\\\/#breadcrumb\",\"itemListElement\":[{\"@type\":\"ListItem\",\"position\":1,\"name\":\"\u0413\u043b\u0430\u0432\u043d\u0430\u044f \u0441\u0442\u0440\u0430\u043d\u0438\u0446\u0430\",\"item\":\"https:\\\/\\\/fromthesoul.art\\\/de\\\/\"},{\"@type\":\"ListItem\",\"position\":2,\"name\":\"Buch\"}]},{\"@type\":\"WebSite\",\"@id\":\"https:\\\/\\\/fromthesoul.art\\\/#website\",\"url\":\"https:\\\/\\\/fromthesoul.art\\\/\",\"name\":\"Olena Bouman\",\"description\":\"From the Soul\",\"potentialAction\":[{\"@type\":\"SearchAction\",\"target\":{\"@type\":\"EntryPoint\",\"urlTemplate\":\"https:\\\/\\\/fromthesoul.art\\\/?s={search_term_string}\"},\"query-input\":{\"@type\":\"PropertyValueSpecification\",\"valueRequired\":true,\"valueName\":\"search_term_string\"}}],\"inLanguage\":\"de\"}]}<\/script>\n<!-- \/ Yoast SEO plugin. -->","yoast_head_json":{"title":"Buch - Olena Bouman","robots":{"index":"index","follow":"follow","max-snippet":"max-snippet:-1","max-image-preview":"max-image-preview:large","max-video-preview":"max-video-preview:-1"},"canonical":"https:\/\/fromthesoul.art\/book\/","og_locale":"de_DE","og_type":"article","og_title":"Buch - Olena Bouman","og_description":"Buch lesen Buch h\u00f6ren Ein Brief f\u00fcr dich. (\u00dcber das wichtiigste hinter vorbechaltener Hand) In Zeiten, in denen das Wesentliche im Alltagstrubel oft verloren geht, gewinnt aufrichtige freundschaftliche Unterst\u00fctzung eine besondere Bedeutung. Genau deshalb h\u00e4ltst du nicht einfach ein Buch in den H\u00e4nden, sondern Briefe. Genau deshalb ist ihre Autorin nicht nur eine Schriftstellerin, sondern...","og_url":"https:\/\/fromthesoul.art\/book\/","og_site_name":"Olena Bouman","article_modified_time":"2026-02-15T15:13:52+00:00","og_image":[{"url":"https:\/\/fromthesoul.art\/wp-content\/uploads\/2023\/11\/Ein-Brief-fur-dich-489x700.jpg","type":"","width":"","height":""}],"twitter_card":"summary_large_image","twitter_misc":{"Gesch\u00e4tzte Lesezeit":"1\u00a0Minute"},"schema":{"@context":"https:\/\/schema.org","@graph":[{"@type":"WebPage","@id":"https:\/\/fromthesoul.art\/book\/","url":"https:\/\/fromthesoul.art\/book\/","name":"Buch - Olena Bouman","isPartOf":{"@id":"https:\/\/fromthesoul.art\/#website"},"primaryImageOfPage":{"@id":"https:\/\/fromthesoul.art\/book\/#primaryimage"},"image":{"@id":"https:\/\/fromthesoul.art\/book\/#primaryimage"},"thumbnailUrl":"https:\/\/fromthesoul.art\/wp-content\/uploads\/2023\/11\/Ein-Brief-fur-dich-489x700.jpg","datePublished":"2017-08-07T13:47:57+00:00","dateModified":"2026-02-15T15:13:52+00:00","breadcrumb":{"@id":"https:\/\/fromthesoul.art\/book\/#breadcrumb"},"inLanguage":"de","potentialAction":[{"@type":"ReadAction","target":["https:\/\/fromthesoul.art\/book\/"]}]},{"@type":"ImageObject","inLanguage":"de","@id":"https:\/\/fromthesoul.art\/book\/#primaryimage","url":"https:\/\/fromthesoul.art\/wp-content\/uploads\/2023\/11\/Ein-Brief-fur-dich-489x700.jpg","contentUrl":"https:\/\/fromthesoul.art\/wp-content\/uploads\/2023\/11\/Ein-Brief-fur-dich-489x700.jpg"},{"@type":"BreadcrumbList","@id":"https:\/\/fromthesoul.art\/book\/#breadcrumb","itemListElement":[{"@type":"ListItem","position":1,"name":"\u0413\u043b\u0430\u0432\u043d\u0430\u044f \u0441\u0442\u0440\u0430\u043d\u0438\u0446\u0430","item":"https:\/\/fromthesoul.art\/de\/"},{"@type":"ListItem","position":2,"name":"Buch"}]},{"@type":"WebSite","@id":"https:\/\/fromthesoul.art\/#website","url":"https:\/\/fromthesoul.art\/","name":"Olena Bouman","description":"From the Soul","potentialAction":[{"@type":"SearchAction","target":{"@type":"EntryPoint","urlTemplate":"https:\/\/fromthesoul.art\/?s={search_term_string}"},"query-input":{"@type":"PropertyValueSpecification","valueRequired":true,"valueName":"search_term_string"}}],"inLanguage":"de"}]}},"_links":{"self":[{"href":"https:\/\/fromthesoul.art\/de\/wp-json\/wp\/v2\/pages\/1153","targetHints":{"allow":["GET"]}}],"collection":[{"href":"https:\/\/fromthesoul.art\/de\/wp-json\/wp\/v2\/pages"}],"about":[{"href":"https:\/\/fromthesoul.art\/de\/wp-json\/wp\/v2\/types\/page"}],"author":[{"embeddable":true,"href":"https:\/\/fromthesoul.art\/de\/wp-json\/wp\/v2\/users\/1"}],"replies":[{"embeddable":true,"href":"https:\/\/fromthesoul.art\/de\/wp-json\/wp\/v2\/comments?post=1153"}],"version-history":[{"count":21,"href":"https:\/\/fromthesoul.art\/de\/wp-json\/wp\/v2\/pages\/1153\/revisions"}],"predecessor-version":[{"id":2528,"href":"https:\/\/fromthesoul.art\/de\/wp-json\/wp\/v2\/pages\/1153\/revisions\/2528"}],"wp:attachment":[{"href":"https:\/\/fromthesoul.art\/de\/wp-json\/wp\/v2\/media?parent=1153"}],"curies":[{"name":"wp","href":"https:\/\/api.w.org\/{rel}","templated":true}]}}